{"id":7940,"date":"2021-11-02T23:06:47","date_gmt":"2021-11-02T22:06:47","guid":{"rendered":"https:\/\/janze-athletisme.fr\/wordpress\/?page_id=7940"},"modified":"2025-10-21T17:33:35","modified_gmt":"2025-10-21T15:33:35","slug":"demi-fond-jeunes","status":"publish","type":"page","link":"https:\/\/janze-athletisme.fr\/wordpress\/demi-fond-jeunes\/","title":{"rendered":"Demi-Fond Jeunes"},"content":{"rendered":"\r\n<div class=\"wp-block-group alignfull eplus-3fRPfn ep-apply-layout is-layout-flow wp-block-group-is-layout-flow\"><div class=\"wp-block-group__inner-container\">\r\n<div class=\"wp-block-cover has-parallax\" style=\"padding-top: 0; padding-bottom: 0; min-height: 100vh;aspect-ratio:unset;\">\r\n<div class=\"wp-block-cover__image-background wp-image-27900 size-full has-parallax\" style=\"background-position: 50% 50%; background-image: url('https:\/\/janze-athletisme.fr\/wordpress\/wp-content\/uploads\/2025\/10\/Groupe-demi-fond-31aout2025.jpg');\">\u00a0<\/div>\r\n<div class=\"wp-block-cover__inner-container is-layout-flow wp-block-cover-is-layout-flow\">\r\n<div class=\"wp-block-columns eplus-MldMkM is-layout-flex wp-container-core-columns-is-layout-28f84493 wp-block-columns-is-layout-flex\">\r\n<div class=\"wp-block-column eplus-Waap31 is-layout-flow wp-block-column-is-layout-flow\">\r\n<div class=\"wp-block-group is-layout-constrained wp-block-group-is-layout-constrained\"><div class=\"wp-block-group__inner-container\">\r\n<div class=\"wp-block-uagb-advanced-heading uagb-block-4ab14147 uagb-heading-text\">\r\n<h2 class=\"uagb-heading-text\">\u00a0<\/h2>\r\n<h2 class=\"uagb-heading-text\">\u00a0<\/h2>\r\n<h2 class=\"uagb-heading-text\">\u00a0<\/h2>\r\n<h2 class=\"uagb-heading-text\"><br \/>Demi-Fond jeunes (benjamins \u00e0 espoirs)<\/h2>\r\n<h2 class=\"uagb-heading-text\">\u00a0<\/h2>\r\n<div class=\"uagb-separator-wrap\"><br \/>\r\n<div class=\"uagb-separator\">\u00a0<\/div>\r\n<\/div>\r\n<h2 class=\"uagb-heading-text\">\u00a0<\/h2>\r\n<p class=\"uagb-desc-text\">\u00a0<\/p>\r\n<h2 class=\"uagb-heading-text\">\u00a0<\/h2>\r\n<p class=\"uagb-desc-text\">\u00a0<\/p>\r\n<h2 class=\"uagb-heading-text\"><a href=\"https:\/\/janze-athletisme.fr\/wordpress\/wp-content\/uploads\/2025\/10\/Journee-demi-fond-31aout2025.jpg\"><img loading=\"lazy\" decoding=\"async\" width=\"150\" height=\"150\" class=\"wp-image-27901\" style=\"width: 150px;\" src=\"https:\/\/janze-athletisme.fr\/wordpress\/wp-content\/uploads\/2025\/10\/Journee-demi-fond-31aout2025.jpg\" alt=\"\" srcset=\"https:\/\/janze-athletisme.fr\/wordpress\/wp-content\/uploads\/2025\/10\/Journee-demi-fond-31aout2025.jpg 1200w, https:\/\/janze-athletisme.fr\/wordpress\/wp-content\/uploads\/2025\/10\/Journee-demi-fond-31aout2025-300x300.jpg 300w, https:\/\/janze-athletisme.fr\/wordpress\/wp-content\/uploads\/2025\/10\/Journee-demi-fond-31aout2025-1024x1024.jpg 1024w, https:\/\/janze-athletisme.fr\/wordpress\/wp-content\/uploads\/2025\/10\/Journee-demi-fond-31aout2025-150x150.jpg 150w, https:\/\/janze-athletisme.fr\/wordpress\/wp-content\/uploads\/2025\/10\/Journee-demi-fond-31aout2025-768x768.jpg 768w\" sizes=\"auto, (max-width: 150px) 100vw, 150px\" \/> <\/a><a href=\"https:\/\/janze-athletisme.fr\/wordpress\/wp-content\/uploads\/2023\/10\/Rentree-du-groupe-1-2-fond-16sep2023.jpg\"><img loading=\"lazy\" decoding=\"async\" class=\"alignnone size-medium wp-image-15074\" src=\"https:\/\/janze-athletisme.fr\/wordpress\/wp-content\/uploads\/2023\/10\/Rentree-du-groupe-1-2-fond-16sep2023-300x142.jpg\" alt=\"\" width=\"300\" height=\"142\" srcset=\"https:\/\/janze-athletisme.fr\/wordpress\/wp-content\/uploads\/2023\/10\/Rentree-du-groupe-1-2-fond-16sep2023-300x142.jpg 300w, https:\/\/janze-athletisme.fr\/wordpress\/wp-content\/uploads\/2023\/10\/Rentree-du-groupe-1-2-fond-16sep2023-1024x484.jpg 1024w, https:\/\/janze-athletisme.fr\/wordpress\/wp-content\/uploads\/2023\/10\/Rentree-du-groupe-1-2-fond-16sep2023-768x363.jpg 768w, https:\/\/janze-athletisme.fr\/wordpress\/wp-content\/uploads\/2023\/10\/Rentree-du-groupe-1-2-fond-16sep2023-1536x727.jpg 1536w, https:\/\/janze-athletisme.fr\/wordpress\/wp-content\/uploads\/2023\/10\/Rentree-du-groupe-1-2-fond-16sep2023-2048x969.jpg 2048w\" sizes=\"auto, (max-width: 300px) 100vw, 300px\" \/><\/a><\/h2>\r\n<p class=\"uagb-desc-text\">\u00a0<\/p>\r\n<\/div>\r\n<\/div><\/div>\r\n<\/div>\r\n<\/div>\r\n<\/div>\r\n<\/div>\r\n<\/div><\/div>\r\n\r\n\r\n\r\n<div class=\"wp-block-group alignfull eplus-55km8W ep-apply-bg ep-apply-layout ep-apply-spacing is-layout-flow wp-block-group-is-layout-flow\"><div class=\"wp-block-group__inner-container\">\r\n<div class=\"wp-block-columns eplus-Q5N9xq is-layout-flex wp-container-core-columns-is-layout-28f84493 wp-block-columns-is-layout-flex\">\r\n<div class=\"wp-block-column is-layout-flow wp-block-column-is-layout-flow\">\r\n<h2 class=\"wp-block-heading\">Nos encadrants<\/h2>\r\n\r\n\r\n\r\n<div class=\"wp-block-columns is-layout-flex wp-container-core-columns-is-layout-28f84493 wp-block-columns-is-layout-flex\">\r\n<div class=\"wp-block-column is-layout-flow wp-block-column-is-layout-flow\" style=\"flex-basis: 100%;\">\r\n<h4>Responsable<\/h4>\r\n<ul style=\"list-style-type: circle;\">\r\n<li>Laurent Meunier<\/li>\r\n<\/ul>\r\n<h4>Assist\u00e9 de<\/h4>\r\n<ul style=\"list-style-type: circle;\">\r\n<li>Lo\u00efc Someil<\/li>\r\n<li>Nicolas Guiheux<\/li>\r\n<\/ul>\r\n<\/div>\r\n<\/div>\r\n<\/div>\r\n<\/div>\r\n<\/div><\/div>\r\n\r\n\r\n\r\n<div class=\"inherit-container-width wp-block-group alignfull eplus-MKJ6sw ep-apply-bg ep-apply-layout ep-apply-spacing is-layout-constrained wp-block-group-is-layout-constrained\"><div class=\"wp-block-group__inner-container\">\r\n<div class=\"wp-block-columns eplus-tvvGGh is-layout-flex wp-container-core-columns-is-layout-28f84493 wp-block-columns-is-layout-flex\">\r\n<div class=\"wp-block-column is-layout-flow wp-block-column-is-layout-flow\">\r\n<h2 class=\"wp-block-heading\">Les horaires d&rsquo;entrainement<\/h2>\r\n\r\n\r\n\r\n<div class=\"wp-block-columns is-layout-flex wp-container-core-columns-is-layout-28f84493 wp-block-columns-is-layout-flex\">\r\n<div class=\"wp-block-column is-layout-flow wp-block-column-is-layout-flow\" style=\"flex-basis: 100%;\">\r\n<table style=\"color: var(--ast-global-color-3); font-size: 1rem; font-weight: inherit; border-collapse: collapse; width: 100%; height: 236px;\">\r\n<tbody>\r\n<tr style=\"height: 36px;\">\r\n<td style=\"width: 50%; height: 36px;\">\r\n<h3>Les jours<\/h3>\r\n<\/td>\r\n<td style=\"width: 50%; height: 36px;\">\r\n<h3>Les horaires<\/h3>\r\n<\/td>\r\n<\/tr>\r\n<tr style=\"height: 36px;\">\r\n<td style=\"width: 50%; height: 36px;\">Mardi (stade)<\/td>\r\n<td style=\"width: 50%; height: 36px;\">19 h &#8211; 20 h 30<\/td>\r\n<\/tr>\r\n<tr style=\"height: 52px;\">\r\n<td style=\"width: 50%; height: 52px;\">Mercredi (salle Global Fit \/ 4 \u20ac + chaussures propres) CA &amp; +<\/td>\r\n<td style=\"width: 50%; height: 52px;\">15h30 &#8211; 16h30<\/td>\r\n<\/tr>\r\n<tr style=\"height: 36px;\">\r\n<td style=\"width: 50%; height: 36px;\">Jeudi (stade)<\/td>\r\n<td style=\"width: 50%; height: 36px;\">19 h &#8211; 20 h 30<\/td>\r\n<\/tr>\r\n<tr style=\"height: 20px;\">\r\n<td style=\"width: 50%; height: 20px;\">Samedi (stade)<\/td>\r\n<td style=\"width: 50%; height: 20px;\">10h &#8211; 12h<\/td>\r\n<\/tr>\r\n<tr style=\"height: 36px;\">\r\n<td style=\"width: 50%; height: 36px;\">Dimanche (en nature \/ travail de c\u00f4tes) MI &amp; +<\/td>\r\n<td style=\"width: 50%; height: 36px;\">En p\u00e9riode de pr\u00e9-comp\u00e9tition \/ Horaires et lieux variables<\/td>\r\n<\/tr>\r\n<tr style=\"height: 20px;\">\r\n<td style=\"width: 50%; height: 20px;\">Stages (vacances scolaires)<\/td>\r\n<td style=\"width: 50%; height: 20px;\">Pr\u00e9pa cross notamment en p\u00e9riode de No\u00ebl (tous \u00e2ges, d\u00e8s PO)<\/td>\r\n<\/tr>\r\n<\/tbody>\r\n<\/table>\r\n<\/div>\r\n<\/div>\r\n<\/div>\r\n<\/div>\r\n<\/div><\/div>\r\n","protected":false},"excerpt":{"rendered":"<p>Nos encadrants Responsable Laurent Meunier Assist\u00e9 de Lo\u00efc Someil Nicolas Guiheux Les horaires d&rsquo;entrainement Les jours Les horaires Mardi (stade) 19 h &#8211; 20 h 30 Mercredi (salle Global Fit \/ 4 \u20ac + chaussures propres) CA &amp; + 15h30 &#8211; 16h30 Jeudi (stade) 19 h &#8211; 20 h 30 Samedi (stade) 10h &#8211; 12h [&hellip;]<\/p>\n","protected":false},"author":12,"featured_media":0,"parent":0,"menu_order":0,"comment_status":"closed","ping_status":"closed","template":"","meta":{"_uag_custom_page_level_css":"","site-sidebar-layout":"no-sidebar","site-content-layout":"boxed-container","ast-site-content-layout":"full-width-container","site-content-style":"unboxed","site-sidebar-style":"unboxed","ast-global-header-display":"","ast-banner-title-visibility":"","ast-main-header-display":"","ast-hfb-above-header-display":"","ast-hfb-below-header-display":"","ast-hfb-mobile-header-display":"","site-post-title":"","ast-breadcrumbs-content":"","ast-featured-img":"","footer-sml-layout":"","ast-disable-related-posts":"","theme-transparent-header-meta":"default","adv-header-id-meta":"","stick-header-meta":"","header-above-stick-meta":"","header-main-stick-meta":"","header-below-stick-meta":"","astra-migrate-meta-layouts":"set","ast-page-background-enabled":"default","ast-page-background-meta":{"desktop":{"background-color":"var(--ast-global-color-4)","background-image":"","background-repeat":"repeat","background-position":"center center","background-size":"auto","background-attachment":"scroll","background-type":"","background-media":"","overlay-type":"","overlay-color":"","overlay-opacity":"","overlay-gradient":""},"tablet":{"background-color":"","background-image":"","background-repeat":"repeat","background-position":"center center","background-size":"auto","background-attachment":"scroll","background-type":"","background-media":"","overlay-type":"","overlay-color":"","overlay-opacity":"","overlay-gradient":""},"mobile":{"background-color":"","background-image":"","background-repeat":"repeat","background-position":"center center","background-size":"auto","background-attachment":"scroll","background-type":"","background-media":"","overlay-type":"","overlay-color":"","overlay-opacity":"","overlay-gradient":""}},"ast-content-background-meta":{"desktop":{"background-color":"var(--ast-global-color-5)","background-image":"","background-repeat":"repeat","background-position":"center center","background-size":"auto","background-attachment":"scroll","background-type":"","background-media":"","overlay-type":"","overlay-color":"","overlay-opacity":"","overlay-gradient":""},"tablet":{"background-color":"var(--ast-global-color-5)","background-image":"","background-repeat":"repeat","background-position":"center center","background-size":"auto","background-attachment":"scroll","background-type":"","background-media":"","overlay-type":"","overlay-color":"","overlay-opacity":"","overlay-gradient":""},"mobile":{"background-color":"var(--ast-global-color-5)","background-image":"","background-repeat":"repeat","background-position":"center center","background-size":"auto","background-attachment":"scroll","background-type":"","background-media":"","overlay-type":"","overlay-color":"","overlay-opacity":"","overlay-gradient":""}},"footnotes":""},"class_list":["post-7940","page","type-page","status-publish","hentry"],"yoast_head":"<!-- This site is optimized with the Yoast SEO plugin v27.3 - https:\/\/yoast.com\/product\/yoast-seo-wordpress\/ -->\n<title>Demi-Fond Jeunes - Janz\u00e9 Athl\u00e9tisme<\/title>\n<meta name=\"robots\" content=\"index, follow, max-snippet:-1, max-image-preview:large, max-video-preview:-1\" \/>\n<link rel=\"canonical\" href=\"https:\/\/janze-athletisme.fr\/wordpress\/demi-fond-jeunes\/\" \/>\n<meta property=\"og:locale\" content=\"fr_FR\" \/>\n<meta property=\"og:type\" content=\"article\" \/>\n<meta property=\"og:title\" content=\"Demi-Fond Jeunes - Janz\u00e9 Athl\u00e9tisme\" \/>\n<meta property=\"og:description\" content=\"Nos encadrants Responsable Laurent Meunier Assist\u00e9 de Lo\u00efc Someil Nicolas Guiheux Les horaires d&rsquo;entrainement Les jours Les horaires Mardi (stade) 19 h &#8211; 20 h 30 Mercredi (salle Global Fit \/ 4 \u20ac + chaussures propres) CA &amp; + 15h30 &#8211; 16h30 Jeudi (stade) 19 h &#8211; 20 h 30 Samedi (stade) 10h &#8211; 12h [&hellip;]\" \/>\n<meta property=\"og:url\" content=\"https:\/\/janze-athletisme.fr\/wordpress\/demi-fond-jeunes\/\" \/>\n<meta property=\"og:site_name\" content=\"Janz\u00e9 Athl\u00e9tisme\" \/>\n<meta property=\"article:publisher\" content=\"https:\/\/www.facebook.com\/groups\/1007964579346590\" \/>\n<meta property=\"article:modified_time\" content=\"2025-10-21T15:33:35+00:00\" \/>\n<meta property=\"og:image\" content=\"https:\/\/janze-athletisme.fr\/wordpress\/wp-content\/uploads\/2025\/10\/Journee-demi-fond-31aout2025.jpg\" \/>\n\t<meta property=\"og:image:width\" content=\"1200\" \/>\n\t<meta property=\"og:image:height\" content=\"1200\" \/>\n\t<meta property=\"og:image:type\" content=\"image\/jpeg\" \/>\n<meta name=\"twitter:card\" content=\"summary_large_image\" \/>\n<meta name=\"twitter:label1\" content=\"Dur\u00e9e de lecture estim\u00e9e\" \/>\n\t<meta name=\"twitter:data1\" content=\"1 minute\" \/>\n<script type=\"application\/ld+json\" class=\"yoast-schema-graph\">{\"@context\":\"https:\\\/\\\/schema.org\",\"@graph\":[{\"@type\":\"WebPage\",\"@id\":\"https:\\\/\\\/janze-athletisme.fr\\\/wordpress\\\/demi-fond-jeunes\\\/\",\"url\":\"https:\\\/\\\/janze-athletisme.fr\\\/wordpress\\\/demi-fond-jeunes\\\/\",\"name\":\"Demi-Fond Jeunes - Janz\u00e9 Athl\u00e9tisme\",\"isPartOf\":{\"@id\":\"https:\\\/\\\/janze-athletisme.fr\\\/wordpress\\\/#website\"},\"primaryImageOfPage\":{\"@id\":\"https:\\\/\\\/janze-athletisme.fr\\\/wordpress\\\/demi-fond-jeunes\\\/#primaryimage\"},\"image\":{\"@id\":\"https:\\\/\\\/janze-athletisme.fr\\\/wordpress\\\/demi-fond-jeunes\\\/#primaryimage\"},\"thumbnailUrl\":\"https:\\\/\\\/janze-athletisme.fr\\\/wordpress\\\/wp-content\\\/uploads\\\/2025\\\/10\\\/Journee-demi-fond-31aout2025.jpg\",\"datePublished\":\"2021-11-02T22:06:47+00:00\",\"dateModified\":\"2025-10-21T15:33:35+00:00\",\"breadcrumb\":{\"@id\":\"https:\\\/\\\/janze-athletisme.fr\\\/wordpress\\\/demi-fond-jeunes\\\/#breadcrumb\"},\"inLanguage\":\"fr-FR\",\"potentialAction\":[{\"@type\":\"ReadAction\",\"target\":[\"https:\\\/\\\/janze-athletisme.fr\\\/wordpress\\\/demi-fond-jeunes\\\/\"]}]},{\"@type\":\"ImageObject\",\"inLanguage\":\"fr-FR\",\"@id\":\"https:\\\/\\\/janze-athletisme.fr\\\/wordpress\\\/demi-fond-jeunes\\\/#primaryimage\",\"url\":\"https:\\\/\\\/janze-athletisme.fr\\\/wordpress\\\/wp-content\\\/uploads\\\/2025\\\/10\\\/Journee-demi-fond-31aout2025.jpg\",\"contentUrl\":\"https:\\\/\\\/janze-athletisme.fr\\\/wordpress\\\/wp-content\\\/uploads\\\/2025\\\/10\\\/Journee-demi-fond-31aout2025.jpg\",\"width\":1200,\"height\":1200},{\"@type\":\"BreadcrumbList\",\"@id\":\"https:\\\/\\\/janze-athletisme.fr\\\/wordpress\\\/demi-fond-jeunes\\\/#breadcrumb\",\"itemListElement\":[{\"@type\":\"ListItem\",\"position\":1,\"name\":\"Accueil\",\"item\":\"https:\\\/\\\/janze-athletisme.fr\\\/wordpress\\\/\"},{\"@type\":\"ListItem\",\"position\":2,\"name\":\"Demi-Fond Jeunes\"}]},{\"@type\":\"WebSite\",\"@id\":\"https:\\\/\\\/janze-athletisme.fr\\\/wordpress\\\/#website\",\"url\":\"https:\\\/\\\/janze-athletisme.fr\\\/wordpress\\\/\",\"name\":\"Janz\u00e9 Athl\u00e9tisme\",\"description\":\"Pays de La Roche aux F\u00e9es\",\"publisher\":{\"@id\":\"https:\\\/\\\/janze-athletisme.fr\\\/wordpress\\\/#organization\"},\"potentialAction\":[{\"@type\":\"SearchAction\",\"target\":{\"@type\":\"EntryPoint\",\"urlTemplate\":\"https:\\\/\\\/janze-athletisme.fr\\\/wordpress\\\/?s={search_term_string}\"},\"query-input\":{\"@type\":\"PropertyValueSpecification\",\"valueRequired\":true,\"valueName\":\"search_term_string\"}}],\"inLanguage\":\"fr-FR\"},{\"@type\":\"Organization\",\"@id\":\"https:\\\/\\\/janze-athletisme.fr\\\/wordpress\\\/#organization\",\"name\":\"Janz\u00e9 Athl\u00e9tisme\",\"url\":\"https:\\\/\\\/janze-athletisme.fr\\\/wordpress\\\/\",\"logo\":{\"@type\":\"ImageObject\",\"inLanguage\":\"fr-FR\",\"@id\":\"https:\\\/\\\/janze-athletisme.fr\\\/wordpress\\\/#\\\/schema\\\/logo\\\/image\\\/\",\"url\":\"https:\\\/\\\/janze-athletisme.fr\\\/wordpress\\\/wp-content\\\/uploads\\\/2015\\\/03\\\/logo-full1.jpg\",\"contentUrl\":\"https:\\\/\\\/janze-athletisme.fr\\\/wordpress\\\/wp-content\\\/uploads\\\/2015\\\/03\\\/logo-full1.jpg\",\"width\":437,\"height\":205,\"caption\":\"Janz\u00e9 Athl\u00e9tisme\"},\"image\":{\"@id\":\"https:\\\/\\\/janze-athletisme.fr\\\/wordpress\\\/#\\\/schema\\\/logo\\\/image\\\/\"},\"sameAs\":[\"https:\\\/\\\/www.facebook.com\\\/groups\\\/1007964579346590\"]}]}<\/script>\n<!-- \/ Yoast SEO plugin. -->","yoast_head_json":{"title":"Demi-Fond Jeunes - Janz\u00e9 Athl\u00e9tisme","robots":{"index":"index","follow":"follow","max-snippet":"max-snippet:-1","max-image-preview":"max-image-preview:large","max-video-preview":"max-video-preview:-1"},"canonical":"https:\/\/janze-athletisme.fr\/wordpress\/demi-fond-jeunes\/","og_locale":"fr_FR","og_type":"article","og_title":"Demi-Fond Jeunes - Janz\u00e9 Athl\u00e9tisme","og_description":"Nos encadrants Responsable Laurent Meunier Assist\u00e9 de Lo\u00efc Someil Nicolas Guiheux Les horaires d&rsquo;entrainement Les jours Les horaires Mardi (stade) 19 h &#8211; 20 h 30 Mercredi (salle Global Fit \/ 4 \u20ac + chaussures propres) CA &amp; + 15h30 &#8211; 16h30 Jeudi (stade) 19 h &#8211; 20 h 30 Samedi (stade) 10h &#8211; 12h [&hellip;]","og_url":"https:\/\/janze-athletisme.fr\/wordpress\/demi-fond-jeunes\/","og_site_name":"Janz\u00e9 Athl\u00e9tisme","article_publisher":"https:\/\/www.facebook.com\/groups\/1007964579346590","article_modified_time":"2025-10-21T15:33:35+00:00","og_image":[{"width":1200,"height":1200,"url":"https:\/\/janze-athletisme.fr\/wordpress\/wp-content\/uploads\/2025\/10\/Journee-demi-fond-31aout2025.jpg","type":"image\/jpeg"}],"twitter_card":"summary_large_image","twitter_misc":{"Dur\u00e9e de lecture estim\u00e9e":"1 minute"},"schema":{"@context":"https:\/\/schema.org","@graph":[{"@type":"WebPage","@id":"https:\/\/janze-athletisme.fr\/wordpress\/demi-fond-jeunes\/","url":"https:\/\/janze-athletisme.fr\/wordpress\/demi-fond-jeunes\/","name":"Demi-Fond Jeunes - Janz\u00e9 Athl\u00e9tisme","isPartOf":{"@id":"https:\/\/janze-athletisme.fr\/wordpress\/#website"},"primaryImageOfPage":{"@id":"https:\/\/janze-athletisme.fr\/wordpress\/demi-fond-jeunes\/#primaryimage"},"image":{"@id":"https:\/\/janze-athletisme.fr\/wordpress\/demi-fond-jeunes\/#primaryimage"},"thumbnailUrl":"https:\/\/janze-athletisme.fr\/wordpress\/wp-content\/uploads\/2025\/10\/Journee-demi-fond-31aout2025.jpg","datePublished":"2021-11-02T22:06:47+00:00","dateModified":"2025-10-21T15:33:35+00:00","breadcrumb":{"@id":"https:\/\/janze-athletisme.fr\/wordpress\/demi-fond-jeunes\/#breadcrumb"},"inLanguage":"fr-FR","potentialAction":[{"@type":"ReadAction","target":["https:\/\/janze-athletisme.fr\/wordpress\/demi-fond-jeunes\/"]}]},{"@type":"ImageObject","inLanguage":"fr-FR","@id":"https:\/\/janze-athletisme.fr\/wordpress\/demi-fond-jeunes\/#primaryimage","url":"https:\/\/janze-athletisme.fr\/wordpress\/wp-content\/uploads\/2025\/10\/Journee-demi-fond-31aout2025.jpg","contentUrl":"https:\/\/janze-athletisme.fr\/wordpress\/wp-content\/uploads\/2025\/10\/Journee-demi-fond-31aout2025.jpg","width":1200,"height":1200},{"@type":"BreadcrumbList","@id":"https:\/\/janze-athletisme.fr\/wordpress\/demi-fond-jeunes\/#breadcrumb","itemListElement":[{"@type":"ListItem","position":1,"name":"Accueil","item":"https:\/\/janze-athletisme.fr\/wordpress\/"},{"@type":"ListItem","position":2,"name":"Demi-Fond Jeunes"}]},{"@type":"WebSite","@id":"https:\/\/janze-athletisme.fr\/wordpress\/#website","url":"https:\/\/janze-athletisme.fr\/wordpress\/","name":"Janz\u00e9 Athl\u00e9tisme","description":"Pays de La Roche aux F\u00e9es","publisher":{"@id":"https:\/\/janze-athletisme.fr\/wordpress\/#organization"},"potentialAction":[{"@type":"SearchAction","target":{"@type":"EntryPoint","urlTemplate":"https:\/\/janze-athletisme.fr\/wordpress\/?s={search_term_string}"},"query-input":{"@type":"PropertyValueSpecification","valueRequired":true,"valueName":"search_term_string"}}],"inLanguage":"fr-FR"},{"@type":"Organization","@id":"https:\/\/janze-athletisme.fr\/wordpress\/#organization","name":"Janz\u00e9 Athl\u00e9tisme","url":"https:\/\/janze-athletisme.fr\/wordpress\/","logo":{"@type":"ImageObject","inLanguage":"fr-FR","@id":"https:\/\/janze-athletisme.fr\/wordpress\/#\/schema\/logo\/image\/","url":"https:\/\/janze-athletisme.fr\/wordpress\/wp-content\/uploads\/2015\/03\/logo-full1.jpg","contentUrl":"https:\/\/janze-athletisme.fr\/wordpress\/wp-content\/uploads\/2015\/03\/logo-full1.jpg","width":437,"height":205,"caption":"Janz\u00e9 Athl\u00e9tisme"},"image":{"@id":"https:\/\/janze-athletisme.fr\/wordpress\/#\/schema\/logo\/image\/"},"sameAs":["https:\/\/www.facebook.com\/groups\/1007964579346590"]}]}},"uagb_featured_image_src":{"full":false,"thumbnail":false,"medium":false,"medium_large":false,"large":false,"1536x1536":false,"2048x2048":false},"uagb_author_info":{"display_name":"Laurent Meunier","author_link":"https:\/\/janze-athletisme.fr\/wordpress\/author\/laurent-meunier35\/"},"uagb_comment_info":0,"uagb_excerpt":"Nos encadrants Responsable Laurent Meunier Assist\u00e9 de Lo\u00efc Someil Nicolas Guiheux Les horaires d&rsquo;entrainement Les jours Les horaires Mardi (stade) 19 h &#8211; 20 h 30 Mercredi (salle Global Fit \/ 4 \u20ac + chaussures propres) CA &amp; + 15h30 &#8211; 16h30 Jeudi (stade) 19 h &#8211; 20 h 30 Samedi (stade) 10h &#8211; 12h\u2026","_links":{"self":[{"href":"https:\/\/janze-athletisme.fr\/wordpress\/wp-json\/wp\/v2\/pages\/7940","targetHints":{"allow":["GET"]}}],"collection":[{"href":"https:\/\/janze-athletisme.fr\/wordpress\/wp-json\/wp\/v2\/pages"}],"about":[{"href":"https:\/\/janze-athletisme.fr\/wordpress\/wp-json\/wp\/v2\/types\/page"}],"author":[{"embeddable":true,"href":"https:\/\/janze-athletisme.fr\/wordpress\/wp-json\/wp\/v2\/users\/12"}],"replies":[{"embeddable":true,"href":"https:\/\/janze-athletisme.fr\/wordpress\/wp-json\/wp\/v2\/comments?post=7940"}],"version-history":[{"count":10,"href":"https:\/\/janze-athletisme.fr\/wordpress\/wp-json\/wp\/v2\/pages\/7940\/revisions"}],"predecessor-version":[{"id":27988,"href":"https:\/\/janze-athletisme.fr\/wordpress\/wp-json\/wp\/v2\/pages\/7940\/revisions\/27988"}],"wp:attachment":[{"href":"https:\/\/janze-athletisme.fr\/wordpress\/wp-json\/wp\/v2\/media?parent=7940"}],"curies":[{"name":"wp","href":"https:\/\/api.w.org\/{rel}","templated":true}]}}