{"id":6941,"date":"2020-11-28T23:27:33","date_gmt":"2020-11-28T22:27:33","guid":{"rendered":"https:\/\/janze-athletisme.fr\/wordpress\/?page_id=6941"},"modified":"2026-03-31T22:06:02","modified_gmt":"2026-03-31T20:06:02","slug":"boutique","status":"publish","type":"page","link":"https:\/\/janze-athletisme.fr\/wordpress\/boutique\/","title":{"rendered":"La boutique EAC\/Janz\u00e9 athl\u00e9"},"content":{"rendered":"\n<h1 class=\"wp-block-heading has-text-align-center has-black-color has-luminous-vivid-orange-background-color has-text-color has-background has-link-color wp-elements-a0eb71cd10ebbaf21f0d907248e29b52\"><span style=\"background-color: #ff6600;\"><strong><span style=\"color: #000000;\">Boutique Club 202<\/span><\/strong><\/span><strong>5-26<\/strong><\/h1>\n\n\n\n<hr class=\"wp-block-separator has-alpha-channel-opacity\"\/>\n\n\n\n<h4 class=\"wp-block-heading has-text-align-center\"><em><span style=\"color: #000000;\">Des essayages sont possibles au foyer du stade<\/span><\/em><\/h4>\n\n\n\n<h4 class=\"wp-block-heading has-text-align-center\"><em><span style=\"color: #000000;\"> Le d\u00e9lai de livraison d\u00e9pend du nombre de commandes, en principe un d\u00e9lai de 1 mois entre le paiement et la livraison<\/span><\/em><\/h4>\n\n\n\n<h4 class=\"wp-block-heading has-text-align-center\"><em><span style=\"color: #000000;\"> (merci pour votre indulgence).<\/span><\/em><\/h4>\n<p>&nbsp;<\/p>\n\n\n\n<hr class=\"wp-block-separator has-alpha-channel-opacity\"\/>\n\n\n\n<h1 class=\"wp-block-heading has-text-align-center\"><span style=\"color: #000000;\"><strong><span style=\"background-color: #ff6600;\">Le maillot du club<\/span><\/strong><\/span><\/h1>\n\n\n\n<h3 class=\"wp-block-heading has-text-align-center\"><strong><span style=\"color: #ff0000;\">Le port du maillot de Janz\u00e9 n&rsquo;est pas obligatoire, il est juste indispensable !!!<br><\/span><\/strong><\/h3>\n\n\n\n<h3 class=\"wp-block-heading has-text-align-center\"><strong><span style=\"color: #000000;\">Du XS au XXL, plusieurs mod\u00e8les disponibles homme ou femme<\/span><\/strong><\/h3>\n\n\n\n<h3 class=\"wp-block-heading has-text-align-center\"><span style=\"color: #000000;\">-D\u00e9bardeur: <strong><span style=\"color: #ff0000;\">25 euros (ancien mod\u00e8le: 5 euros)<\/span><\/strong><\/span><\/h3>\n\n\n\n<h3 class=\"wp-block-heading has-text-align-center\"><span style=\"color: #000000;\"><span style=\"font-size: 1.66667rem; text-align: center; color: rgb(0, 0, 0);\">-Brassi\u00e8re:<\/span><span style=\"color: rgb(219, 144, 36); font-size: 1.66667rem; text-align: center;\"> <\/span><strong style=\"color: rgb(219, 144, 36); font-size: 1.66667rem; text-align: center;\"><span style=\"color: #ff0000;\">25 euros<\/span><\/strong> <\/span><\/h3>\n\n\n\n<h3 class=\"wp-block-heading has-text-align-center\"><span style=\"color: #000000;\">-Maillot manches courtes: <strong><span style=\"color: #ff0000;\">30 euros<\/span><\/strong><\/span><\/h3>\n\n\n\n<h3 class=\"wp-block-heading has-text-align-center\"><span style=\"color: #000000;\">-Maillot trail (col avec zip): <span style=\"color: #ff0000;\"><strong>35 euros<\/strong><\/span><\/span><\/h3>\n\n\n\n<h3 class=\"wp-block-heading has-text-align-center\">&nbsp;&nbsp;&nbsp;&nbsp;&nbsp;<span style=\"color: #000000;\"> &#8211; Combinaison manches courtes: <strong><span style=\"color: #ff0000;\">6<\/span><span style=\"color: #ff0000;\">0 euros<\/span><\/strong><br><\/span><\/h3>\n\n\n\n<figure class=\"wp-block-gallery has-nested-images columns-default is-cropped wp-block-gallery-1 is-layout-flex wp-block-gallery-is-layout-flex\">\n<figure class=\"wp-block-image size-large\"><a href=\"https:\/\/janze-athletisme.fr\/wordpress\/wp-content\/uploads\/2020\/11\/Othello_Homme_Janze\u03012.jpg\"><img loading=\"lazy\" decoding=\"async\" width=\"750\" height=\"750\" data-id=\"6929\" src=\"https:\/\/janze-athletisme.fr\/wordpress\/wp-content\/uploads\/2020\/11\/Othello_Homme_Janze\u03012.jpg\" alt=\"\" class=\"wp-image-6929\" srcset=\"https:\/\/janze-athletisme.fr\/wordpress\/wp-content\/uploads\/2020\/11\/Othello_Homme_Janze\u03012.jpg 750w, https:\/\/janze-athletisme.fr\/wordpress\/wp-content\/uploads\/2020\/11\/Othello_Homme_Janze\u03012-300x300.jpg 300w, https:\/\/janze-athletisme.fr\/wordpress\/wp-content\/uploads\/2020\/11\/Othello_Homme_Janze\u03012-150x150.jpg 150w, https:\/\/janze-athletisme.fr\/wordpress\/wp-content\/uploads\/2020\/11\/Othello_Homme_Janze\u03012-1x1.jpg 1w\" sizes=\"auto, (max-width: 750px) 100vw, 750px\" \/><\/a><\/figure>\n\n\n\n<figure class=\"wp-block-image size-large\"><a href=\"https:\/\/janze-athletisme.fr\/wordpress\/wp-content\/uploads\/2020\/08\/Mockup_Lille_Homme_Face_Janze\u0301.jpg\"><img loading=\"lazy\" decoding=\"async\" width=\"750\" height=\"750\" data-id=\"6684\" src=\"https:\/\/janze-athletisme.fr\/wordpress\/wp-content\/uploads\/2020\/08\/Mockup_Lille_Homme_Face_Janze\u0301.jpg\" alt=\"\" class=\"wp-image-6684\" srcset=\"https:\/\/janze-athletisme.fr\/wordpress\/wp-content\/uploads\/2020\/08\/Mockup_Lille_Homme_Face_Janze\u0301.jpg 750w, https:\/\/janze-athletisme.fr\/wordpress\/wp-content\/uploads\/2020\/08\/Mockup_Lille_Homme_Face_Janze\u0301-300x300.jpg 300w, https:\/\/janze-athletisme.fr\/wordpress\/wp-content\/uploads\/2020\/08\/Mockup_Lille_Homme_Face_Janze\u0301-150x150.jpg 150w, https:\/\/janze-athletisme.fr\/wordpress\/wp-content\/uploads\/2020\/08\/Mockup_Lille_Homme_Face_Janze\u0301-1x1.jpg 1w\" sizes=\"auto, (max-width: 750px) 100vw, 750px\" \/><\/a><\/figure>\n\n\n\n<figure class=\"wp-block-image size-large\"><a href=\"https:\/\/janze-athletisme.fr\/wordpress\/wp-content\/uploads\/2021\/12\/Screenshot-2021-12-10-at-16-27-20-JANZE-ATHLETISME-x-SPRINGART-10_12_2021-pdf.png\"><img loading=\"lazy\" decoding=\"async\" width=\"552\" height=\"644\" data-id=\"8246\" src=\"https:\/\/janze-athletisme.fr\/wordpress\/wp-content\/uploads\/2021\/12\/Screenshot-2021-12-10-at-16-27-20-JANZE-ATHLETISME-x-SPRINGART-10_12_2021-pdf.png\" alt=\"\" class=\"wp-image-8246\" srcset=\"https:\/\/janze-athletisme.fr\/wordpress\/wp-content\/uploads\/2021\/12\/Screenshot-2021-12-10-at-16-27-20-JANZE-ATHLETISME-x-SPRINGART-10_12_2021-pdf.png 552w, https:\/\/janze-athletisme.fr\/wordpress\/wp-content\/uploads\/2021\/12\/Screenshot-2021-12-10-at-16-27-20-JANZE-ATHLETISME-x-SPRINGART-10_12_2021-pdf-257x300.png 257w\" sizes=\"auto, (max-width: 552px) 100vw, 552px\" \/><\/a><\/figure>\n<\/figure>\n\n\n\n<h3 class=\"wp-block-heading\"><span style=\"color: #000000;\"><em>&nbsp;<\/em><\/span><\/h3>\n\n\n\n<hr class=\"wp-block-separator has-alpha-channel-opacity\"\/>\n\n\n\n<h1 class=\"wp-block-heading has-text-align-center\"><strong><span style=\"color: #ff0000; background-color: #ffcc00;\">Le maillot de l&rsquo;EAC <\/span><\/strong><\/h1>\n\n\n\n<h3 style=\"text-align: center;\"><span style=\"color: #ff0000; background-color: #ffff00;\"><strong>Boutique EAC: <span style=\"background-color: #ffffff;\">https:\/\/springart.cc\/product-category\/club\/eac\/page\/2\/<\/span><\/strong><\/span><\/h3>\n<p>&nbsp;<\/p>\n\n\n\n<div class=\"wp-block-uagb-image uagb-block-3b2083a6 wp-block-uagb-image--layout-default wp-block-uagb-image--effect-static wp-block-uagb-image--align-none\"><figure class=\"wp-block-uagb-image__figure\"><a class=\"\" href=\"https:\/\/janze-athletisme.fr\/wordpress\/wp-content\/uploads\/2025\/02\/270568072_10216375815547892_7213246527467063914_n.jpg\" target=\"\" rel=\"noopener\"><img decoding=\"async\" srcset=\"https:\/\/janze-athletisme.fr\/wordpress\/wp-content\/uploads\/2025\/02\/270568072_10216375815547892_7213246527467063914_n-857x1024.jpg ,https:\/\/janze-athletisme.fr\/wordpress\/wp-content\/uploads\/2025\/02\/270568072_10216375815547892_7213246527467063914_n.jpg 780w, https:\/\/janze-athletisme.fr\/wordpress\/wp-content\/uploads\/2025\/02\/270568072_10216375815547892_7213246527467063914_n.jpg 360w\" sizes=\"auto, (max-width: 480px) 150px\" src=\"https:\/\/janze-athletisme.fr\/wordpress\/wp-content\/uploads\/2025\/02\/270568072_10216375815547892_7213246527467063914_n-857x1024.jpg\" alt=\"\" class=\"uag-image-23804\" width=\"1713\" height=\"2048\" title=\"270568072_10216375815547892_7213246527467063914_n\" loading=\"lazy\" role=\"img\"\/><\/a><\/figure><\/div>\n\n\n\n<h3 class=\"wp-block-heading has-text-align-center\"><span style=\"color: #ff0000;\"><strong>Obligatoire pour les cat\u00e9gories jeunes (\u00e0 partir de benjamins) et les licences comp\u00e9titions.<\/strong><\/span><\/h3>\n\n\n\n<h3 class=\"wp-block-heading has-text-align-center\"><span style=\"color: #000000;\">-D\u00e9bardeur\/brassi\u00e8re:<\/span> <strong><span style=\"color: #ff0000;\">25 euros (ancien mod\u00e8le: 5 euros)<\/span><\/strong><\/h3>\n\n\n\n<ul>\n<li>\n<h3 style=\"text-align: center;\"><span style=\"color: #000000;\">-Maillot manches courtes: <strong><span style=\"color: #ff0000;\">30 euros<\/span><\/strong><\/span><\/h3>\n<\/li>\n<\/ul>\n\n\n\n<figure class=\"wp-block-image aligncenter size-full is-resized\"><img loading=\"lazy\" decoding=\"async\" width=\"1024\" height=\"1536\" src=\"https:\/\/janze-athletisme.fr\/wordpress\/wp-content\/uploads\/2026\/03\/Publicite-pour-boutique-Janze-Athletisme-20251.png\" alt=\"\" class=\"wp-image-30852\" srcset=\"https:\/\/janze-athletisme.fr\/wordpress\/wp-content\/uploads\/2026\/03\/Publicite-pour-boutique-Janze-Athletisme-20251.png 1024w, https:\/\/janze-athletisme.fr\/wordpress\/wp-content\/uploads\/2026\/03\/Publicite-pour-boutique-Janze-Athletisme-20251-200x300.png 200w, https:\/\/janze-athletisme.fr\/wordpress\/wp-content\/uploads\/2026\/03\/Publicite-pour-boutique-Janze-Athletisme-20251-683x1024.png 683w, https:\/\/janze-athletisme.fr\/wordpress\/wp-content\/uploads\/2026\/03\/Publicite-pour-boutique-Janze-Athletisme-20251-768x1152.png 768w\" sizes=\"auto, (max-width: 1024px) 100vw, 1024px\" \/><\/figure>\n\n\n\n\n\n<h3 class=\"wp-block-heading\"><span style=\"color: #000000;\"><em>Pour toutes informations, commandes ou demandes particuli\u00e8res, n&rsquo;h\u00e9sitez pas \u00e0 contacter <\/em><\/span><\/h3>\n\n\n\n<h3 class=\"wp-block-heading has-text-align-center\"><span style=\"color: #000000;\"><em><strong>Jean-Marie<\/strong>: <span style=\"color: #ff0000;\"><a style=\"color: #ff0000;\" href=\"mailto:jmkjouzel@orange.fr\"><strong> jmkjouzel@orange.fr<\/strong> <\/a><\/span>&nbsp;<\/em><\/span><\/h3>\n","protected":false},"excerpt":{"rendered":"<p>Boutique Club 2025-26 Des essayages sont possibles au foyer du stade Le d\u00e9lai de livraison d\u00e9pend du nombre de commandes, en principe un d\u00e9lai de 1 mois entre le paiement et la livraison (merci pour votre indulgence). &nbsp; Le maillot du club Le port du maillot de Janz\u00e9 n&rsquo;est pas obligatoire, il est juste indispensable [&hellip;]<\/p>\n","protected":false},"author":3,"featured_media":0,"parent":0,"menu_order":0,"comment_status":"closed","ping_status":"closed","template":"","meta":{"_uag_custom_page_level_css":"","site-sidebar-layout":"default","site-content-layout":"","ast-site-content-layout":"default","site-content-style":"default","site-sidebar-style":"default","ast-global-header-display":"","ast-banner-title-visibility":"","ast-main-header-display":"","ast-hfb-above-header-display":"","ast-hfb-below-header-display":"","ast-hfb-mobile-header-display":"","site-post-title":"","ast-breadcrumbs-content":"","ast-featured-img":"","footer-sml-layout":"","ast-disable-related-posts":"","theme-transparent-header-meta":"","adv-header-id-meta":"","stick-header-meta":"","header-above-stick-meta":"","header-main-stick-meta":"","header-below-stick-meta":"","astra-migrate-meta-layouts":"set","ast-page-background-enabled":"default","ast-page-background-meta":{"desktop":{"background-color":"var(--ast-global-color-4)","background-image":"","background-repeat":"repeat","background-position":"center center","background-size":"auto","background-attachment":"scroll","background-type":"","background-media":"","overlay-type":"","overlay-color":"","overlay-opacity":"","overlay-gradient":""},"tablet":{"background-color":"","background-image":"","background-repeat":"repeat","background-position":"center center","background-size":"auto","background-attachment":"scroll","background-type":"","background-media":"","overlay-type":"","overlay-color":"","overlay-opacity":"","overlay-gradient":""},"mobile":{"background-color":"","background-image":"","background-repeat":"repeat","background-position":"center center","background-size":"auto","background-attachment":"scroll","background-type":"","background-media":"","overlay-type":"","overlay-color":"","overlay-opacity":"","overlay-gradient":""}},"ast-content-background-meta":{"desktop":{"background-color":"var(--ast-global-color-5)","background-image":"","background-repeat":"repeat","background-position":"center center","background-size":"auto","background-attachment":"scroll","background-type":"","background-media":"","overlay-type":"","overlay-color":"","overlay-opacity":"","overlay-gradient":""},"tablet":{"background-color":"var(--ast-global-color-5)","background-image":"","background-repeat":"repeat","background-position":"center center","background-size":"auto","background-attachment":"scroll","background-type":"","background-media":"","overlay-type":"","overlay-color":"","overlay-opacity":"","overlay-gradient":""},"mobile":{"background-color":"var(--ast-global-color-5)","background-image":"","background-repeat":"repeat","background-position":"center center","background-size":"auto","background-attachment":"scroll","background-type":"","background-media":"","overlay-type":"","overlay-color":"","overlay-opacity":"","overlay-gradient":""}},"footnotes":""},"class_list":["post-6941","page","type-page","status-publish","hentry"],"yoast_head":"<!-- This site is optimized with the Yoast SEO plugin v27.4 - https:\/\/yoast.com\/product\/yoast-seo-wordpress\/ -->\n<title>La boutique EAC\/Janz\u00e9 athl\u00e9 - Janz\u00e9 Athl\u00e9tisme<\/title>\n<meta name=\"robots\" content=\"index, follow, max-snippet:-1, max-image-preview:large, max-video-preview:-1\" \/>\n<link rel=\"canonical\" href=\"https:\/\/janze-athletisme.fr\/wordpress\/boutique\/\" \/>\n<meta property=\"og:locale\" content=\"fr_FR\" \/>\n<meta property=\"og:type\" content=\"article\" \/>\n<meta property=\"og:title\" content=\"La boutique EAC\/Janz\u00e9 athl\u00e9 - Janz\u00e9 Athl\u00e9tisme\" \/>\n<meta property=\"og:description\" content=\"Boutique Club 2025-26 Des essayages sont possibles au foyer du stade Le d\u00e9lai de livraison d\u00e9pend du nombre de commandes, en principe un d\u00e9lai de 1 mois entre le paiement et la livraison (merci pour votre indulgence). &nbsp; Le maillot du club Le port du maillot de Janz\u00e9 n&rsquo;est pas obligatoire, il est juste indispensable [&hellip;]\" \/>\n<meta property=\"og:url\" content=\"https:\/\/janze-athletisme.fr\/wordpress\/boutique\/\" \/>\n<meta property=\"og:site_name\" content=\"Janz\u00e9 Athl\u00e9tisme\" \/>\n<meta property=\"article:publisher\" content=\"https:\/\/www.facebook.com\/groups\/1007964579346590\" \/>\n<meta property=\"article:modified_time\" content=\"2026-03-31T20:06:02+00:00\" \/>\n<meta property=\"og:image\" content=\"https:\/\/janze-athletisme.fr\/wordpress\/wp-content\/uploads\/2021\/12\/Screenshot-2021-12-10-at-16-27-20-JANZE-ATHLETISME-x-SPRINGART-10_12_2021-pdf.png\" \/>\n<meta name=\"twitter:card\" content=\"summary_large_image\" \/>\n<meta name=\"twitter:label1\" content=\"Dur\u00e9e de lecture estim\u00e9e\" \/>\n\t<meta name=\"twitter:data1\" content=\"2 minutes\" \/>\n<script type=\"application\/ld+json\" class=\"yoast-schema-graph\">{\"@context\":\"https:\\\/\\\/schema.org\",\"@graph\":[{\"@type\":\"WebPage\",\"@id\":\"https:\\\/\\\/janze-athletisme.fr\\\/wordpress\\\/boutique\\\/\",\"url\":\"https:\\\/\\\/janze-athletisme.fr\\\/wordpress\\\/boutique\\\/\",\"name\":\"La boutique EAC\\\/Janz\u00e9 athl\u00e9 - Janz\u00e9 Athl\u00e9tisme\",\"isPartOf\":{\"@id\":\"https:\\\/\\\/janze-athletisme.fr\\\/wordpress\\\/#website\"},\"primaryImageOfPage\":{\"@id\":\"https:\\\/\\\/janze-athletisme.fr\\\/wordpress\\\/boutique\\\/#primaryimage\"},\"image\":{\"@id\":\"https:\\\/\\\/janze-athletisme.fr\\\/wordpress\\\/boutique\\\/#primaryimage\"},\"thumbnailUrl\":\"https:\\\/\\\/janze-athletisme.fr\\\/wordpress\\\/wp-content\\\/uploads\\\/2021\\\/12\\\/Screenshot-2021-12-10-at-16-27-20-JANZE-ATHLETISME-x-SPRINGART-10_12_2021-pdf.png\",\"datePublished\":\"2020-11-28T22:27:33+00:00\",\"dateModified\":\"2026-03-31T20:06:02+00:00\",\"breadcrumb\":{\"@id\":\"https:\\\/\\\/janze-athletisme.fr\\\/wordpress\\\/boutique\\\/#breadcrumb\"},\"inLanguage\":\"fr-FR\",\"potentialAction\":[{\"@type\":\"ReadAction\",\"target\":[\"https:\\\/\\\/janze-athletisme.fr\\\/wordpress\\\/boutique\\\/\"]}]},{\"@type\":\"ImageObject\",\"inLanguage\":\"fr-FR\",\"@id\":\"https:\\\/\\\/janze-athletisme.fr\\\/wordpress\\\/boutique\\\/#primaryimage\",\"url\":\"https:\\\/\\\/janze-athletisme.fr\\\/wordpress\\\/wp-content\\\/uploads\\\/2021\\\/12\\\/Screenshot-2021-12-10-at-16-27-20-JANZE-ATHLETISME-x-SPRINGART-10_12_2021-pdf.png\",\"contentUrl\":\"https:\\\/\\\/janze-athletisme.fr\\\/wordpress\\\/wp-content\\\/uploads\\\/2021\\\/12\\\/Screenshot-2021-12-10-at-16-27-20-JANZE-ATHLETISME-x-SPRINGART-10_12_2021-pdf.png\",\"width\":552,\"height\":644},{\"@type\":\"BreadcrumbList\",\"@id\":\"https:\\\/\\\/janze-athletisme.fr\\\/wordpress\\\/boutique\\\/#breadcrumb\",\"itemListElement\":[{\"@type\":\"ListItem\",\"position\":1,\"name\":\"Accueil\",\"item\":\"https:\\\/\\\/janze-athletisme.fr\\\/wordpress\\\/\"},{\"@type\":\"ListItem\",\"position\":2,\"name\":\"La boutique EAC\\\/Janz\u00e9 athl\u00e9\"}]},{\"@type\":\"WebSite\",\"@id\":\"https:\\\/\\\/janze-athletisme.fr\\\/wordpress\\\/#website\",\"url\":\"https:\\\/\\\/janze-athletisme.fr\\\/wordpress\\\/\",\"name\":\"Janz\u00e9 Athl\u00e9tisme\",\"description\":\"Pays de La Roche aux F\u00e9es\",\"publisher\":{\"@id\":\"https:\\\/\\\/janze-athletisme.fr\\\/wordpress\\\/#organization\"},\"potentialAction\":[{\"@type\":\"SearchAction\",\"target\":{\"@type\":\"EntryPoint\",\"urlTemplate\":\"https:\\\/\\\/janze-athletisme.fr\\\/wordpress\\\/?s={search_term_string}\"},\"query-input\":{\"@type\":\"PropertyValueSpecification\",\"valueRequired\":true,\"valueName\":\"search_term_string\"}}],\"inLanguage\":\"fr-FR\"},{\"@type\":\"Organization\",\"@id\":\"https:\\\/\\\/janze-athletisme.fr\\\/wordpress\\\/#organization\",\"name\":\"Janz\u00e9 Athl\u00e9tisme\",\"url\":\"https:\\\/\\\/janze-athletisme.fr\\\/wordpress\\\/\",\"logo\":{\"@type\":\"ImageObject\",\"inLanguage\":\"fr-FR\",\"@id\":\"https:\\\/\\\/janze-athletisme.fr\\\/wordpress\\\/#\\\/schema\\\/logo\\\/image\\\/\",\"url\":\"https:\\\/\\\/janze-athletisme.fr\\\/wordpress\\\/wp-content\\\/uploads\\\/2015\\\/03\\\/logo-full1.jpg\",\"contentUrl\":\"https:\\\/\\\/janze-athletisme.fr\\\/wordpress\\\/wp-content\\\/uploads\\\/2015\\\/03\\\/logo-full1.jpg\",\"width\":437,\"height\":205,\"caption\":\"Janz\u00e9 Athl\u00e9tisme\"},\"image\":{\"@id\":\"https:\\\/\\\/janze-athletisme.fr\\\/wordpress\\\/#\\\/schema\\\/logo\\\/image\\\/\"},\"sameAs\":[\"https:\\\/\\\/www.facebook.com\\\/groups\\\/1007964579346590\"]}]}<\/script>\n<!-- \/ Yoast SEO plugin. -->","yoast_head_json":{"title":"La boutique EAC\/Janz\u00e9 athl\u00e9 - Janz\u00e9 Athl\u00e9tisme","robots":{"index":"index","follow":"follow","max-snippet":"max-snippet:-1","max-image-preview":"max-image-preview:large","max-video-preview":"max-video-preview:-1"},"canonical":"https:\/\/janze-athletisme.fr\/wordpress\/boutique\/","og_locale":"fr_FR","og_type":"article","og_title":"La boutique EAC\/Janz\u00e9 athl\u00e9 - Janz\u00e9 Athl\u00e9tisme","og_description":"Boutique Club 2025-26 Des essayages sont possibles au foyer du stade Le d\u00e9lai de livraison d\u00e9pend du nombre de commandes, en principe un d\u00e9lai de 1 mois entre le paiement et la livraison (merci pour votre indulgence). &nbsp; Le maillot du club Le port du maillot de Janz\u00e9 n&rsquo;est pas obligatoire, il est juste indispensable [&hellip;]","og_url":"https:\/\/janze-athletisme.fr\/wordpress\/boutique\/","og_site_name":"Janz\u00e9 Athl\u00e9tisme","article_publisher":"https:\/\/www.facebook.com\/groups\/1007964579346590","article_modified_time":"2026-03-31T20:06:02+00:00","og_image":[{"url":"https:\/\/janze-athletisme.fr\/wordpress\/wp-content\/uploads\/2021\/12\/Screenshot-2021-12-10-at-16-27-20-JANZE-ATHLETISME-x-SPRINGART-10_12_2021-pdf.png","type":"","width":"","height":""}],"twitter_card":"summary_large_image","twitter_misc":{"Dur\u00e9e de lecture estim\u00e9e":"2 minutes"},"schema":{"@context":"https:\/\/schema.org","@graph":[{"@type":"WebPage","@id":"https:\/\/janze-athletisme.fr\/wordpress\/boutique\/","url":"https:\/\/janze-athletisme.fr\/wordpress\/boutique\/","name":"La boutique EAC\/Janz\u00e9 athl\u00e9 - Janz\u00e9 Athl\u00e9tisme","isPartOf":{"@id":"https:\/\/janze-athletisme.fr\/wordpress\/#website"},"primaryImageOfPage":{"@id":"https:\/\/janze-athletisme.fr\/wordpress\/boutique\/#primaryimage"},"image":{"@id":"https:\/\/janze-athletisme.fr\/wordpress\/boutique\/#primaryimage"},"thumbnailUrl":"https:\/\/janze-athletisme.fr\/wordpress\/wp-content\/uploads\/2021\/12\/Screenshot-2021-12-10-at-16-27-20-JANZE-ATHLETISME-x-SPRINGART-10_12_2021-pdf.png","datePublished":"2020-11-28T22:27:33+00:00","dateModified":"2026-03-31T20:06:02+00:00","breadcrumb":{"@id":"https:\/\/janze-athletisme.fr\/wordpress\/boutique\/#breadcrumb"},"inLanguage":"fr-FR","potentialAction":[{"@type":"ReadAction","target":["https:\/\/janze-athletisme.fr\/wordpress\/boutique\/"]}]},{"@type":"ImageObject","inLanguage":"fr-FR","@id":"https:\/\/janze-athletisme.fr\/wordpress\/boutique\/#primaryimage","url":"https:\/\/janze-athletisme.fr\/wordpress\/wp-content\/uploads\/2021\/12\/Screenshot-2021-12-10-at-16-27-20-JANZE-ATHLETISME-x-SPRINGART-10_12_2021-pdf.png","contentUrl":"https:\/\/janze-athletisme.fr\/wordpress\/wp-content\/uploads\/2021\/12\/Screenshot-2021-12-10-at-16-27-20-JANZE-ATHLETISME-x-SPRINGART-10_12_2021-pdf.png","width":552,"height":644},{"@type":"BreadcrumbList","@id":"https:\/\/janze-athletisme.fr\/wordpress\/boutique\/#breadcrumb","itemListElement":[{"@type":"ListItem","position":1,"name":"Accueil","item":"https:\/\/janze-athletisme.fr\/wordpress\/"},{"@type":"ListItem","position":2,"name":"La boutique EAC\/Janz\u00e9 athl\u00e9"}]},{"@type":"WebSite","@id":"https:\/\/janze-athletisme.fr\/wordpress\/#website","url":"https:\/\/janze-athletisme.fr\/wordpress\/","name":"Janz\u00e9 Athl\u00e9tisme","description":"Pays de La Roche aux F\u00e9es","publisher":{"@id":"https:\/\/janze-athletisme.fr\/wordpress\/#organization"},"potentialAction":[{"@type":"SearchAction","target":{"@type":"EntryPoint","urlTemplate":"https:\/\/janze-athletisme.fr\/wordpress\/?s={search_term_string}"},"query-input":{"@type":"PropertyValueSpecification","valueRequired":true,"valueName":"search_term_string"}}],"inLanguage":"fr-FR"},{"@type":"Organization","@id":"https:\/\/janze-athletisme.fr\/wordpress\/#organization","name":"Janz\u00e9 Athl\u00e9tisme","url":"https:\/\/janze-athletisme.fr\/wordpress\/","logo":{"@type":"ImageObject","inLanguage":"fr-FR","@id":"https:\/\/janze-athletisme.fr\/wordpress\/#\/schema\/logo\/image\/","url":"https:\/\/janze-athletisme.fr\/wordpress\/wp-content\/uploads\/2015\/03\/logo-full1.jpg","contentUrl":"https:\/\/janze-athletisme.fr\/wordpress\/wp-content\/uploads\/2015\/03\/logo-full1.jpg","width":437,"height":205,"caption":"Janz\u00e9 Athl\u00e9tisme"},"image":{"@id":"https:\/\/janze-athletisme.fr\/wordpress\/#\/schema\/logo\/image\/"},"sameAs":["https:\/\/www.facebook.com\/groups\/1007964579346590"]}]}},"uagb_featured_image_src":{"full":false,"thumbnail":false,"medium":false,"medium_large":false,"large":false,"1536x1536":false,"2048x2048":false},"uagb_author_info":{"display_name":"Fr\u00e9d\u00e9ric Graye","author_link":"https:\/\/janze-athletisme.fr\/wordpress\/author\/jathe_adm\/"},"uagb_comment_info":0,"uagb_excerpt":"Boutique Club 2025-26 Des essayages sont possibles au foyer du stade Le d\u00e9lai de livraison d\u00e9pend du nombre de commandes, en principe un d\u00e9lai de 1 mois entre le paiement et la livraison (merci pour votre indulgence). &nbsp; Le maillot du club Le port du maillot de Janz\u00e9 n&rsquo;est pas obligatoire, il est juste indispensable\u2026","_links":{"self":[{"href":"https:\/\/janze-athletisme.fr\/wordpress\/wp-json\/wp\/v2\/pages\/6941","targetHints":{"allow":["GET"]}}],"collection":[{"href":"https:\/\/janze-athletisme.fr\/wordpress\/wp-json\/wp\/v2\/pages"}],"about":[{"href":"https:\/\/janze-athletisme.fr\/wordpress\/wp-json\/wp\/v2\/types\/page"}],"author":[{"embeddable":true,"href":"https:\/\/janze-athletisme.fr\/wordpress\/wp-json\/wp\/v2\/users\/3"}],"replies":[{"embeddable":true,"href":"https:\/\/janze-athletisme.fr\/wordpress\/wp-json\/wp\/v2\/comments?post=6941"}],"version-history":[{"count":10,"href":"https:\/\/janze-athletisme.fr\/wordpress\/wp-json\/wp\/v2\/pages\/6941\/revisions"}],"predecessor-version":[{"id":30853,"href":"https:\/\/janze-athletisme.fr\/wordpress\/wp-json\/wp\/v2\/pages\/6941\/revisions\/30853"}],"wp:attachment":[{"href":"https:\/\/janze-athletisme.fr\/wordpress\/wp-json\/wp\/v2\/media?parent=6941"}],"curies":[{"name":"wp","href":"https:\/\/api.w.org\/{rel}","templated":true}]}}