{"id":43,"date":"2015-03-07T23:36:38","date_gmt":"2015-03-07T22:36:38","guid":{"rendered":"http:\/\/localhost\/wordpress\/?page_id=43"},"modified":"2025-09-01T21:32:53","modified_gmt":"2025-09-01T19:32:53","slug":"competition_calendrier","status":"publish","type":"page","link":"https:\/\/janze-athletisme.fr\/wordpress\/competition_calendrier\/","title":{"rendered":"Calendrier"},"content":{"rendered":"<h2 style=\"text-align: center;\">Calendrier des comp\u00e9titions<\/h2>\n<h4>Les comp\u00e9titions sur piste CA et + :<\/h4>\n<h4>Les comp\u00e9titions BE-MI :<\/h4>\n<h4>Les comp\u00e9tition sur route :<\/h4>\n<h4><\/h4>\n<h4 style=\"text-align: left;\"><span style=\"color: #000000;\" data-wp-editing=\"1\"><span style=\"font-family: comic sans ms, sans-serif;\">Les comp\u00e9titions propos\u00e9es au niveau d\u00e9partemental, r\u00e9gional ou national sont nombreuses. N&rsquo;h\u00e9sitez pas \u00e0 consulter les sites ci-dessous ou vous renseigner aupr\u00e8s de votre entra\u00eeneur.<\/span><\/span><\/h4>\n<div>\n<p>Comit\u00e9 D\u00e9partemental d&rsquo;Athl\u00e9tisme 35:\u00a0<a href=\"http:\/\/CDA35\">https:\/\/bases.athle.fr\/asp.net\/accueil.aspx?frmbase=resultats&amp;frmmode=0&amp;frmespace=1033<\/a><\/p>\n<p>Calendrier de la Ligue de Bretagne : \u00a0<a href=\"http:\/\/LBA\">https:\/\/www.bretagneathle.com\/competition\/calendrier-lba<\/a><\/p>\n<\/div>\n<p>Courses \u00e0 Label: <a href=\"https:\/\/www.jaimecourir.fr\/calendrier.aspx\">Clic<\/a><\/p>\n<p>N&rsquo;oubliez pas que vous pouvez en tant que licenci\u00e9 b\u00e9n\u00e9ficier de r\u00e9ductions sur les courses \u00e0 label !<\/p>\n<p>Calendrier en lien avec le site de \u00ab\u00a0Klikego\u00a0\u00bb: <a href=\"http:\/\/www.klikego.com\/inscriptions-course\/?sport-selected=0\">CLIC<\/a><\/p>\n","protected":false},"excerpt":{"rendered":"<p>Calendrier des comp\u00e9titions Les comp\u00e9titions sur piste CA et + : Les comp\u00e9titions BE-MI : Les comp\u00e9tition sur route : Les comp\u00e9titions propos\u00e9es au niveau d\u00e9partemental, r\u00e9gional ou national sont nombreuses. N&rsquo;h\u00e9sitez pas \u00e0 consulter les sites ci-dessous ou vous renseigner aupr\u00e8s de votre entra\u00eeneur. Comit\u00e9 D\u00e9partemental d&rsquo;Athl\u00e9tisme 35:\u00a0https:\/\/bases.athle.fr\/asp.net\/accueil.aspx?frmbase=resultats&amp;frmmode=0&amp;frmespace=1033 Calendrier de la Ligue de Bretagne [&hellip;]<\/p>\n","protected":false},"author":3,"featured_media":0,"parent":0,"menu_order":0,"comment_status":"closed","ping_status":"closed","template":"","meta":{"_uag_custom_page_level_css":"","site-sidebar-layout":"default","site-content-layout":"default","ast-site-content-layout":"default","site-content-style":"default","site-sidebar-style":"default","ast-global-header-display":"","ast-banner-title-visibility":"","ast-main-header-display":"","ast-hfb-above-header-display":"","ast-hfb-below-header-display":"","ast-hfb-mobile-header-display":"","site-post-title":"","ast-breadcrumbs-content":"","ast-featured-img":"","footer-sml-layout":"","ast-disable-related-posts":"","theme-transparent-header-meta":"default","adv-header-id-meta":"","stick-header-meta":"","header-above-stick-meta":"","header-main-stick-meta":"","header-below-stick-meta":"","astra-migrate-meta-layouts":"set","ast-page-background-enabled":"default","ast-page-background-meta":{"desktop":{"background-color":"var(--ast-global-color-4)","background-image":"","background-repeat":"repeat","background-position":"center center","background-size":"auto","background-attachment":"scroll","background-type":"","background-media":"","overlay-type":"","overlay-color":"","overlay-opacity":"","overlay-gradient":""},"tablet":{"background-color":"","background-image":"","background-repeat":"repeat","background-position":"center center","background-size":"auto","background-attachment":"scroll","background-type":"","background-media":"","overlay-type":"","overlay-color":"","overlay-opacity":"","overlay-gradient":""},"mobile":{"background-color":"","background-image":"","background-repeat":"repeat","background-position":"center center","background-size":"auto","background-attachment":"scroll","background-type":"","background-media":"","overlay-type":"","overlay-color":"","overlay-opacity":"","overlay-gradient":""}},"ast-content-background-meta":{"desktop":{"background-color":"var(--ast-global-color-5)","background-image":"","background-repeat":"repeat","background-position":"center center","background-size":"auto","background-attachment":"scroll","background-type":"","background-media":"","overlay-type":"","overlay-color":"","overlay-opacity":"","overlay-gradient":""},"tablet":{"background-color":"var(--ast-global-color-5)","background-image":"","background-repeat":"repeat","background-position":"center center","background-size":"auto","background-attachment":"scroll","background-type":"","background-media":"","overlay-type":"","overlay-color":"","overlay-opacity":"","overlay-gradient":""},"mobile":{"background-color":"var(--ast-global-color-5)","background-image":"","background-repeat":"repeat","background-position":"center center","background-size":"auto","background-attachment":"scroll","background-type":"","background-media":"","overlay-type":"","overlay-color":"","overlay-opacity":"","overlay-gradient":""}},"footnotes":""},"class_list":["post-43","page","type-page","status-publish","hentry"],"yoast_head":"<!-- This site is optimized with the Yoast SEO plugin v27.3 - https:\/\/yoast.com\/product\/yoast-seo-wordpress\/ -->\n<title>Calendrier - Janz\u00e9 Athl\u00e9tisme<\/title>\n<meta name=\"robots\" content=\"index, follow, max-snippet:-1, max-image-preview:large, max-video-preview:-1\" \/>\n<link rel=\"canonical\" href=\"https:\/\/janze-athletisme.fr\/wordpress\/competition_calendrier\/\" \/>\n<meta property=\"og:locale\" content=\"fr_FR\" \/>\n<meta property=\"og:type\" content=\"article\" \/>\n<meta property=\"og:title\" content=\"Calendrier - Janz\u00e9 Athl\u00e9tisme\" \/>\n<meta property=\"og:description\" content=\"Calendrier des comp\u00e9titions Les comp\u00e9titions sur piste CA et + : Les comp\u00e9titions BE-MI : Les comp\u00e9tition sur route : Les comp\u00e9titions propos\u00e9es au niveau d\u00e9partemental, r\u00e9gional ou national sont nombreuses. N&rsquo;h\u00e9sitez pas \u00e0 consulter les sites ci-dessous ou vous renseigner aupr\u00e8s de votre entra\u00eeneur. Comit\u00e9 D\u00e9partemental d&rsquo;Athl\u00e9tisme 35:\u00a0https:\/\/bases.athle.fr\/asp.net\/accueil.aspx?frmbase=resultats&amp;frmmode=0&amp;frmespace=1033 Calendrier de la Ligue de Bretagne [&hellip;]\" \/>\n<meta property=\"og:url\" content=\"https:\/\/janze-athletisme.fr\/wordpress\/competition_calendrier\/\" \/>\n<meta property=\"og:site_name\" content=\"Janz\u00e9 Athl\u00e9tisme\" \/>\n<meta property=\"article:publisher\" content=\"https:\/\/www.facebook.com\/groups\/1007964579346590\" \/>\n<meta property=\"article:modified_time\" content=\"2025-09-01T19:32:53+00:00\" \/>\n<meta name=\"twitter:card\" content=\"summary_large_image\" \/>\n<meta name=\"twitter:label1\" content=\"Dur\u00e9e de lecture estim\u00e9e\" \/>\n\t<meta name=\"twitter:data1\" content=\"1 minute\" \/>\n<script type=\"application\/ld+json\" class=\"yoast-schema-graph\">{\"@context\":\"https:\\\/\\\/schema.org\",\"@graph\":[{\"@type\":\"WebPage\",\"@id\":\"https:\\\/\\\/janze-athletisme.fr\\\/wordpress\\\/competition_calendrier\\\/\",\"url\":\"https:\\\/\\\/janze-athletisme.fr\\\/wordpress\\\/competition_calendrier\\\/\",\"name\":\"Calendrier - Janz\u00e9 Athl\u00e9tisme\",\"isPartOf\":{\"@id\":\"https:\\\/\\\/janze-athletisme.fr\\\/wordpress\\\/#website\"},\"datePublished\":\"2015-03-07T22:36:38+00:00\",\"dateModified\":\"2025-09-01T19:32:53+00:00\",\"breadcrumb\":{\"@id\":\"https:\\\/\\\/janze-athletisme.fr\\\/wordpress\\\/competition_calendrier\\\/#breadcrumb\"},\"inLanguage\":\"fr-FR\",\"potentialAction\":[{\"@type\":\"ReadAction\",\"target\":[\"https:\\\/\\\/janze-athletisme.fr\\\/wordpress\\\/competition_calendrier\\\/\"]}]},{\"@type\":\"BreadcrumbList\",\"@id\":\"https:\\\/\\\/janze-athletisme.fr\\\/wordpress\\\/competition_calendrier\\\/#breadcrumb\",\"itemListElement\":[{\"@type\":\"ListItem\",\"position\":1,\"name\":\"Accueil\",\"item\":\"https:\\\/\\\/janze-athletisme.fr\\\/wordpress\\\/\"},{\"@type\":\"ListItem\",\"position\":2,\"name\":\"Calendrier\"}]},{\"@type\":\"WebSite\",\"@id\":\"https:\\\/\\\/janze-athletisme.fr\\\/wordpress\\\/#website\",\"url\":\"https:\\\/\\\/janze-athletisme.fr\\\/wordpress\\\/\",\"name\":\"Janz\u00e9 Athl\u00e9tisme\",\"description\":\"Pays de La Roche aux F\u00e9es\",\"publisher\":{\"@id\":\"https:\\\/\\\/janze-athletisme.fr\\\/wordpress\\\/#organization\"},\"potentialAction\":[{\"@type\":\"SearchAction\",\"target\":{\"@type\":\"EntryPoint\",\"urlTemplate\":\"https:\\\/\\\/janze-athletisme.fr\\\/wordpress\\\/?s={search_term_string}\"},\"query-input\":{\"@type\":\"PropertyValueSpecification\",\"valueRequired\":true,\"valueName\":\"search_term_string\"}}],\"inLanguage\":\"fr-FR\"},{\"@type\":\"Organization\",\"@id\":\"https:\\\/\\\/janze-athletisme.fr\\\/wordpress\\\/#organization\",\"name\":\"Janz\u00e9 Athl\u00e9tisme\",\"url\":\"https:\\\/\\\/janze-athletisme.fr\\\/wordpress\\\/\",\"logo\":{\"@type\":\"ImageObject\",\"inLanguage\":\"fr-FR\",\"@id\":\"https:\\\/\\\/janze-athletisme.fr\\\/wordpress\\\/#\\\/schema\\\/logo\\\/image\\\/\",\"url\":\"https:\\\/\\\/janze-athletisme.fr\\\/wordpress\\\/wp-content\\\/uploads\\\/2015\\\/03\\\/logo-full1.jpg\",\"contentUrl\":\"https:\\\/\\\/janze-athletisme.fr\\\/wordpress\\\/wp-content\\\/uploads\\\/2015\\\/03\\\/logo-full1.jpg\",\"width\":437,\"height\":205,\"caption\":\"Janz\u00e9 Athl\u00e9tisme\"},\"image\":{\"@id\":\"https:\\\/\\\/janze-athletisme.fr\\\/wordpress\\\/#\\\/schema\\\/logo\\\/image\\\/\"},\"sameAs\":[\"https:\\\/\\\/www.facebook.com\\\/groups\\\/1007964579346590\"]}]}<\/script>\n<!-- \/ Yoast SEO plugin. -->","yoast_head_json":{"title":"Calendrier - Janz\u00e9 Athl\u00e9tisme","robots":{"index":"index","follow":"follow","max-snippet":"max-snippet:-1","max-image-preview":"max-image-preview:large","max-video-preview":"max-video-preview:-1"},"canonical":"https:\/\/janze-athletisme.fr\/wordpress\/competition_calendrier\/","og_locale":"fr_FR","og_type":"article","og_title":"Calendrier - Janz\u00e9 Athl\u00e9tisme","og_description":"Calendrier des comp\u00e9titions Les comp\u00e9titions sur piste CA et + : Les comp\u00e9titions BE-MI : Les comp\u00e9tition sur route : Les comp\u00e9titions propos\u00e9es au niveau d\u00e9partemental, r\u00e9gional ou national sont nombreuses. N&rsquo;h\u00e9sitez pas \u00e0 consulter les sites ci-dessous ou vous renseigner aupr\u00e8s de votre entra\u00eeneur. Comit\u00e9 D\u00e9partemental d&rsquo;Athl\u00e9tisme 35:\u00a0https:\/\/bases.athle.fr\/asp.net\/accueil.aspx?frmbase=resultats&amp;frmmode=0&amp;frmespace=1033 Calendrier de la Ligue de Bretagne [&hellip;]","og_url":"https:\/\/janze-athletisme.fr\/wordpress\/competition_calendrier\/","og_site_name":"Janz\u00e9 Athl\u00e9tisme","article_publisher":"https:\/\/www.facebook.com\/groups\/1007964579346590","article_modified_time":"2025-09-01T19:32:53+00:00","twitter_card":"summary_large_image","twitter_misc":{"Dur\u00e9e de lecture estim\u00e9e":"1 minute"},"schema":{"@context":"https:\/\/schema.org","@graph":[{"@type":"WebPage","@id":"https:\/\/janze-athletisme.fr\/wordpress\/competition_calendrier\/","url":"https:\/\/janze-athletisme.fr\/wordpress\/competition_calendrier\/","name":"Calendrier - Janz\u00e9 Athl\u00e9tisme","isPartOf":{"@id":"https:\/\/janze-athletisme.fr\/wordpress\/#website"},"datePublished":"2015-03-07T22:36:38+00:00","dateModified":"2025-09-01T19:32:53+00:00","breadcrumb":{"@id":"https:\/\/janze-athletisme.fr\/wordpress\/competition_calendrier\/#breadcrumb"},"inLanguage":"fr-FR","potentialAction":[{"@type":"ReadAction","target":["https:\/\/janze-athletisme.fr\/wordpress\/competition_calendrier\/"]}]},{"@type":"BreadcrumbList","@id":"https:\/\/janze-athletisme.fr\/wordpress\/competition_calendrier\/#breadcrumb","itemListElement":[{"@type":"ListItem","position":1,"name":"Accueil","item":"https:\/\/janze-athletisme.fr\/wordpress\/"},{"@type":"ListItem","position":2,"name":"Calendrier"}]},{"@type":"WebSite","@id":"https:\/\/janze-athletisme.fr\/wordpress\/#website","url":"https:\/\/janze-athletisme.fr\/wordpress\/","name":"Janz\u00e9 Athl\u00e9tisme","description":"Pays de La Roche aux F\u00e9es","publisher":{"@id":"https:\/\/janze-athletisme.fr\/wordpress\/#organization"},"potentialAction":[{"@type":"SearchAction","target":{"@type":"EntryPoint","urlTemplate":"https:\/\/janze-athletisme.fr\/wordpress\/?s={search_term_string}"},"query-input":{"@type":"PropertyValueSpecification","valueRequired":true,"valueName":"search_term_string"}}],"inLanguage":"fr-FR"},{"@type":"Organization","@id":"https:\/\/janze-athletisme.fr\/wordpress\/#organization","name":"Janz\u00e9 Athl\u00e9tisme","url":"https:\/\/janze-athletisme.fr\/wordpress\/","logo":{"@type":"ImageObject","inLanguage":"fr-FR","@id":"https:\/\/janze-athletisme.fr\/wordpress\/#\/schema\/logo\/image\/","url":"https:\/\/janze-athletisme.fr\/wordpress\/wp-content\/uploads\/2015\/03\/logo-full1.jpg","contentUrl":"https:\/\/janze-athletisme.fr\/wordpress\/wp-content\/uploads\/2015\/03\/logo-full1.jpg","width":437,"height":205,"caption":"Janz\u00e9 Athl\u00e9tisme"},"image":{"@id":"https:\/\/janze-athletisme.fr\/wordpress\/#\/schema\/logo\/image\/"},"sameAs":["https:\/\/www.facebook.com\/groups\/1007964579346590"]}]}},"uagb_featured_image_src":{"full":false,"thumbnail":false,"medium":false,"medium_large":false,"large":false,"1536x1536":false,"2048x2048":false},"uagb_author_info":{"display_name":"Fr\u00e9d\u00e9ric Graye","author_link":"https:\/\/janze-athletisme.fr\/wordpress\/author\/jathe_adm\/"},"uagb_comment_info":0,"uagb_excerpt":"Calendrier des comp\u00e9titions Les comp\u00e9titions sur piste CA et + : Les comp\u00e9titions BE-MI : Les comp\u00e9tition sur route : Les comp\u00e9titions propos\u00e9es au niveau d\u00e9partemental, r\u00e9gional ou national sont nombreuses. N&rsquo;h\u00e9sitez pas \u00e0 consulter les sites ci-dessous ou vous renseigner aupr\u00e8s de votre entra\u00eeneur. Comit\u00e9 D\u00e9partemental d&rsquo;Athl\u00e9tisme 35:\u00a0https:\/\/bases.athle.fr\/asp.net\/accueil.aspx?frmbase=resultats&amp;frmmode=0&amp;frmespace=1033 Calendrier de la Ligue de Bretagne\u2026","_links":{"self":[{"href":"https:\/\/janze-athletisme.fr\/wordpress\/wp-json\/wp\/v2\/pages\/43","targetHints":{"allow":["GET"]}}],"collection":[{"href":"https:\/\/janze-athletisme.fr\/wordpress\/wp-json\/wp\/v2\/pages"}],"about":[{"href":"https:\/\/janze-athletisme.fr\/wordpress\/wp-json\/wp\/v2\/types\/page"}],"author":[{"embeddable":true,"href":"https:\/\/janze-athletisme.fr\/wordpress\/wp-json\/wp\/v2\/users\/3"}],"replies":[{"embeddable":true,"href":"https:\/\/janze-athletisme.fr\/wordpress\/wp-json\/wp\/v2\/comments?post=43"}],"version-history":[{"count":12,"href":"https:\/\/janze-athletisme.fr\/wordpress\/wp-json\/wp\/v2\/pages\/43\/revisions"}],"predecessor-version":[{"id":27014,"href":"https:\/\/janze-athletisme.fr\/wordpress\/wp-json\/wp\/v2\/pages\/43\/revisions\/27014"}],"wp:attachment":[{"href":"https:\/\/janze-athletisme.fr\/wordpress\/wp-json\/wp\/v2\/media?parent=43"}],"curies":[{"name":"wp","href":"https:\/\/api.w.org\/{rel}","templated":true}]}}