{"id":3032,"date":"2017-10-05T12:52:56","date_gmt":"2017-10-05T10:52:56","guid":{"rendered":"http:\/\/janze-athletisme.fr\/wordpress\/?page_id=3032"},"modified":"2026-04-09T14:49:42","modified_gmt":"2026-04-09T12:49:42","slug":"entrainements","status":"publish","type":"page","link":"https:\/\/janze-athletisme.fr\/wordpress\/entrainements\/","title":{"rendered":"Entra\u00eenements"},"content":{"rendered":"<p>&nbsp;<\/p>\r\n<table style=\"border-collapse: collapse; width: 100.068%; height: 53px;\">\r\n<tbody>\r\n<tr style=\"height: 139px;\">\r\n<td style=\"width: 25.5416%; height: 53px;\">\r\n<h3 style=\"text-align: center;\"><span style=\"color: #000000;\"><em><span style=\"text-decoration: underline;\"><strong>Semaines du 06\/04\/26 au 12\/04\/2026<\/strong><\/span><\/em><\/span><\/h3>\r\n<p style=\"text-align: center;\">Direction la travers\u00e9e de la Baie de St Brieuc le 02 mai<\/p>\r\n<\/td>\r\n<\/tr>\r\n<\/tbody>\r\n<\/table>\r\n<p style=\"text-align: center;\"><!--more--><\/p>\r\n<table style=\"width: 100.829%; height: 259px;\">\r\n<tbody>\r\n<tr style=\"height: 10px;\">\r\n<td style=\"width: 100%; text-align: center; height: 10px;\">\r\n<p><span style=\"text-decoration: underline; color: #0000ff;\"><strong>Lundi: <\/strong><\/span><\/p>\r\n<p><span style=\"color: #000000;\">30&prime; footing + 20&prime; gainage\/renfo + 15&prime; \u00e9tirements<\/span><\/p>\r\n<\/td>\r\n<\/tr>\r\n<tr style=\"height: 57px;\">\r\n<td style=\"height: 57px; text-align: center; width: 100%;\">\r\n<p style=\"text-align: center;\"><span style=\"text-decoration: underline; color: #0000ff;\"><strong>Mardi :<\/strong><\/span><\/p>\r\n<p dir=\"ltr\">footing lent 30&prime; 65% vma<\/p>\r\n<p dir=\"ltr\">sur une forte pente 10 x 30&Prime; d\u00e9pose d&rsquo;un rep\u00e8re en haut<br \/>\u00a0 \u00a0 \u00a0 \u00a0 \u00a0 \u00a0 \u00a0 \u00a0 \u00a0redescente m\u00eame distance 30&Prime; R 5&prime; (statique)<\/p>\r\n<p dir=\"ltr\">recup 10&prime; footing<\/p>\r\n<\/td>\r\n<\/tr>\r\n<tr style=\"height: 26px;\">\r\n<td style=\"width: 100%; height: 26px; text-align: center;\">\r\n<p><span style=\"color: #0000ff;\"><strong><span style=\"text-decoration: underline;\">Mercredi :<\/span><\/strong><\/span><\/p>\r\n<p>30&prime; \u00e0 45&prime; de footing 65% VMA<\/p>\r\n<\/td>\r\n<\/tr>\r\n<tr style=\"height: 150px;\">\r\n<td style=\"width: 100%; height: 82px;\" width=\"550\">\r\n<p style=\"text-align: center;\"><strong><span style=\"text-decoration: underline;\"><span style=\"color: #0000ff; text-decoration: underline;\">Jeudi:<\/span><\/span><\/strong>\u00a0<\/p>\r\n<p dir=\"ltr\" style=\"text-align: center;\">footing lent 30&prime; 65% vma<\/p>\r\n<p dir=\"ltr\" style=\"text-align: center;\"><strong>sp\u00e9cifique Trail:<\/strong> 4 x (8&prime; de cote + 4&prime; de descente vite 2\/3 cote) ) FC Cibl\u00e9e 85%FCR<\/p>\r\n<p dir=\"ltr\" style=\"text-align: center;\"><strong>Sp\u00e9cifique 10kms:<\/strong>\u00a02x 5x400m \u00e0 95% de ta VMA (r) de 1\u2019 et RS de 3\u2019<\/p>\r\n<p dir=\"ltr\" style=\"text-align: center;\">recup 10&prime; footing<\/p>\r\n<\/td>\r\n<\/tr>\r\n<tr style=\"height: 10px;\">\r\n<td style=\"width: 100%; height: 10px;\">\r\n<p style=\"text-align: center;\"><span style=\"color: #0000ff;\"><strong><span style=\"text-decoration: underline;\">\u00a0Vendredi :<\/span><\/strong><\/span><\/p>\r\n<p style=\"text-align: center;\">repos<\/p>\r\n<\/td>\r\n<\/tr>\r\n<tr style=\"height: 25px;\">\r\n<td style=\"width: 100%; text-align: center; height: 10px;\" width=\"305\">\r\n<p><span style=\"color: #0000ff;\"><strong><span style=\"text-decoration: underline;\">Samedi :\u00a0<\/span><\/strong><\/span><\/p>\r\n<p>20&prime; footing<\/p>\r\n<p>s\u00e9ance renfo membres inferieurs : 3 x 5&prime; escaliers r5&prime; footing entre chaque<\/p>\r\n<p>15&prime; footing<\/p>\r\n<\/td>\r\n<\/tr>\r\n<tr style=\"height: 65px;\">\r\n<td style=\"width: 100%; height: 64px; text-align: center;\" width=\"550\">\r\n<p><span style=\"color: #0000ff;\"><strong><span style=\"text-decoration: underline;\">Dimanche :<\/span><\/strong><\/span><\/p>\r\n<p><span style=\"text-decoration: underline;\">\u00a0pour le 15kms :<\/span>1h35 lent dont 15&prime; \u00e0 85%FCR \u00e0 la 45\u00e8me min, terrain vari\u00e9\u00a0<\/p>\r\n<p><span style=\"text-decoration: underline;\">pour le 27 et 43kms:<\/span> 1h45 lent dont 15&prime; \u00e0 85%FCR \u00e0 la 45\u00e8me min et 15&prime; \u00e0 80% \u00e0 1h15 , terrain vari\u00e9\u00a0<\/p>\r\n<\/td>\r\n<\/tr>\r\n<\/tbody>\r\n<\/table>\r\n<h4>\u00a0<\/h4>\r\n","protected":false},"excerpt":{"rendered":"<p>&nbsp; Semaines du 06\/04\/26 au 12\/04\/2026 Direction la travers\u00e9e de la Baie de St Brieuc le 02 mai<\/p>\n","protected":false},"author":9,"featured_media":0,"parent":0,"menu_order":0,"comment_status":"closed","ping_status":"closed","template":"","meta":{"_uag_custom_page_level_css":"","site-sidebar-layout":"default","site-content-layout":"default","ast-site-content-layout":"default","site-content-style":"default","site-sidebar-style":"default","ast-global-header-display":"","ast-banner-title-visibility":"","ast-main-header-display":"","ast-hfb-above-header-display":"","ast-hfb-below-header-display":"","ast-hfb-mobile-header-display":"","site-post-title":"","ast-breadcrumbs-content":"","ast-featured-img":"","footer-sml-layout":"","ast-disable-related-posts":"","theme-transparent-header-meta":"default","adv-header-id-meta":"","stick-header-meta":"","header-above-stick-meta":"","header-main-stick-meta":"","header-below-stick-meta":"","astra-migrate-meta-layouts":"set","ast-page-background-enabled":"default","ast-page-background-meta":{"desktop":{"background-color":"var(--ast-global-color-4)","background-image":"","background-repeat":"repeat","background-position":"center center","background-size":"auto","background-attachment":"scroll","background-type":"","background-media":"","overlay-type":"","overlay-color":"","overlay-opacity":"","overlay-gradient":""},"tablet":{"background-color":"","background-image":"","background-repeat":"repeat","background-position":"center center","background-size":"auto","background-attachment":"scroll","background-type":"","background-media":"","overlay-type":"","overlay-color":"","overlay-opacity":"","overlay-gradient":""},"mobile":{"background-color":"","background-image":"","background-repeat":"repeat","background-position":"center center","background-size":"auto","background-attachment":"scroll","background-type":"","background-media":"","overlay-type":"","overlay-color":"","overlay-opacity":"","overlay-gradient":""}},"ast-content-background-meta":{"desktop":{"background-color":"var(--ast-global-color-5)","background-image":"","background-repeat":"repeat","background-position":"center center","background-size":"auto","background-attachment":"scroll","background-type":"","background-media":"","overlay-type":"","overlay-color":"","overlay-opacity":"","overlay-gradient":""},"tablet":{"background-color":"var(--ast-global-color-5)","background-image":"","background-repeat":"repeat","background-position":"center center","background-size":"auto","background-attachment":"scroll","background-type":"","background-media":"","overlay-type":"","overlay-color":"","overlay-opacity":"","overlay-gradient":""},"mobile":{"background-color":"var(--ast-global-color-5)","background-image":"","background-repeat":"repeat","background-position":"center center","background-size":"auto","background-attachment":"scroll","background-type":"","background-media":"","overlay-type":"","overlay-color":"","overlay-opacity":"","overlay-gradient":""}},"footnotes":""},"class_list":["post-3032","page","type-page","status-publish","hentry"],"yoast_head":"<!-- This site is optimized with the Yoast SEO plugin v27.3 - https:\/\/yoast.com\/product\/yoast-seo-wordpress\/ -->\n<title>Entra\u00eenements - Janz\u00e9 Athl\u00e9tisme<\/title>\n<meta name=\"robots\" content=\"index, follow, max-snippet:-1, max-image-preview:large, max-video-preview:-1\" \/>\n<link rel=\"canonical\" href=\"https:\/\/janze-athletisme.fr\/wordpress\/entrainements\/\" \/>\n<meta property=\"og:locale\" content=\"fr_FR\" \/>\n<meta property=\"og:type\" content=\"article\" \/>\n<meta property=\"og:title\" content=\"Entra\u00eenements - Janz\u00e9 Athl\u00e9tisme\" \/>\n<meta property=\"og:description\" content=\"&nbsp; Semaines du 06\/04\/26 au 12\/04\/2026 Direction la travers\u00e9e de la Baie de St Brieuc le 02 mai\" \/>\n<meta property=\"og:url\" content=\"https:\/\/janze-athletisme.fr\/wordpress\/entrainements\/\" \/>\n<meta property=\"og:site_name\" content=\"Janz\u00e9 Athl\u00e9tisme\" \/>\n<meta property=\"article:publisher\" content=\"https:\/\/www.facebook.com\/groups\/1007964579346590\" \/>\n<meta property=\"article:modified_time\" content=\"2026-04-09T12:49:42+00:00\" \/>\n<meta name=\"twitter:card\" content=\"summary_large_image\" \/>\n<meta name=\"twitter:label1\" content=\"Dur\u00e9e de lecture estim\u00e9e\" \/>\n\t<meta name=\"twitter:data1\" content=\"1 minute\" \/>\n<script type=\"application\/ld+json\" class=\"yoast-schema-graph\">{\"@context\":\"https:\\\/\\\/schema.org\",\"@graph\":[{\"@type\":\"WebPage\",\"@id\":\"https:\\\/\\\/janze-athletisme.fr\\\/wordpress\\\/entrainements\\\/\",\"url\":\"https:\\\/\\\/janze-athletisme.fr\\\/wordpress\\\/entrainements\\\/\",\"name\":\"Entra\u00eenements - Janz\u00e9 Athl\u00e9tisme\",\"isPartOf\":{\"@id\":\"https:\\\/\\\/janze-athletisme.fr\\\/wordpress\\\/#website\"},\"datePublished\":\"2017-10-05T10:52:56+00:00\",\"dateModified\":\"2026-04-09T12:49:42+00:00\",\"breadcrumb\":{\"@id\":\"https:\\\/\\\/janze-athletisme.fr\\\/wordpress\\\/entrainements\\\/#breadcrumb\"},\"inLanguage\":\"fr-FR\",\"potentialAction\":[{\"@type\":\"ReadAction\",\"target\":[\"https:\\\/\\\/janze-athletisme.fr\\\/wordpress\\\/entrainements\\\/\"]}]},{\"@type\":\"BreadcrumbList\",\"@id\":\"https:\\\/\\\/janze-athletisme.fr\\\/wordpress\\\/entrainements\\\/#breadcrumb\",\"itemListElement\":[{\"@type\":\"ListItem\",\"position\":1,\"name\":\"Accueil\",\"item\":\"https:\\\/\\\/janze-athletisme.fr\\\/wordpress\\\/\"},{\"@type\":\"ListItem\",\"position\":2,\"name\":\"Entra\u00eenements\"}]},{\"@type\":\"WebSite\",\"@id\":\"https:\\\/\\\/janze-athletisme.fr\\\/wordpress\\\/#website\",\"url\":\"https:\\\/\\\/janze-athletisme.fr\\\/wordpress\\\/\",\"name\":\"Janz\u00e9 Athl\u00e9tisme\",\"description\":\"Pays de La Roche aux F\u00e9es\",\"publisher\":{\"@id\":\"https:\\\/\\\/janze-athletisme.fr\\\/wordpress\\\/#organization\"},\"potentialAction\":[{\"@type\":\"SearchAction\",\"target\":{\"@type\":\"EntryPoint\",\"urlTemplate\":\"https:\\\/\\\/janze-athletisme.fr\\\/wordpress\\\/?s={search_term_string}\"},\"query-input\":{\"@type\":\"PropertyValueSpecification\",\"valueRequired\":true,\"valueName\":\"search_term_string\"}}],\"inLanguage\":\"fr-FR\"},{\"@type\":\"Organization\",\"@id\":\"https:\\\/\\\/janze-athletisme.fr\\\/wordpress\\\/#organization\",\"name\":\"Janz\u00e9 Athl\u00e9tisme\",\"url\":\"https:\\\/\\\/janze-athletisme.fr\\\/wordpress\\\/\",\"logo\":{\"@type\":\"ImageObject\",\"inLanguage\":\"fr-FR\",\"@id\":\"https:\\\/\\\/janze-athletisme.fr\\\/wordpress\\\/#\\\/schema\\\/logo\\\/image\\\/\",\"url\":\"https:\\\/\\\/janze-athletisme.fr\\\/wordpress\\\/wp-content\\\/uploads\\\/2015\\\/03\\\/logo-full1.jpg\",\"contentUrl\":\"https:\\\/\\\/janze-athletisme.fr\\\/wordpress\\\/wp-content\\\/uploads\\\/2015\\\/03\\\/logo-full1.jpg\",\"width\":437,\"height\":205,\"caption\":\"Janz\u00e9 Athl\u00e9tisme\"},\"image\":{\"@id\":\"https:\\\/\\\/janze-athletisme.fr\\\/wordpress\\\/#\\\/schema\\\/logo\\\/image\\\/\"},\"sameAs\":[\"https:\\\/\\\/www.facebook.com\\\/groups\\\/1007964579346590\"]}]}<\/script>\n<!-- \/ Yoast SEO plugin. -->","yoast_head_json":{"title":"Entra\u00eenements - Janz\u00e9 Athl\u00e9tisme","robots":{"index":"index","follow":"follow","max-snippet":"max-snippet:-1","max-image-preview":"max-image-preview:large","max-video-preview":"max-video-preview:-1"},"canonical":"https:\/\/janze-athletisme.fr\/wordpress\/entrainements\/","og_locale":"fr_FR","og_type":"article","og_title":"Entra\u00eenements - Janz\u00e9 Athl\u00e9tisme","og_description":"&nbsp; Semaines du 06\/04\/26 au 12\/04\/2026 Direction la travers\u00e9e de la Baie de St Brieuc le 02 mai","og_url":"https:\/\/janze-athletisme.fr\/wordpress\/entrainements\/","og_site_name":"Janz\u00e9 Athl\u00e9tisme","article_publisher":"https:\/\/www.facebook.com\/groups\/1007964579346590","article_modified_time":"2026-04-09T12:49:42+00:00","twitter_card":"summary_large_image","twitter_misc":{"Dur\u00e9e de lecture estim\u00e9e":"1 minute"},"schema":{"@context":"https:\/\/schema.org","@graph":[{"@type":"WebPage","@id":"https:\/\/janze-athletisme.fr\/wordpress\/entrainements\/","url":"https:\/\/janze-athletisme.fr\/wordpress\/entrainements\/","name":"Entra\u00eenements - Janz\u00e9 Athl\u00e9tisme","isPartOf":{"@id":"https:\/\/janze-athletisme.fr\/wordpress\/#website"},"datePublished":"2017-10-05T10:52:56+00:00","dateModified":"2026-04-09T12:49:42+00:00","breadcrumb":{"@id":"https:\/\/janze-athletisme.fr\/wordpress\/entrainements\/#breadcrumb"},"inLanguage":"fr-FR","potentialAction":[{"@type":"ReadAction","target":["https:\/\/janze-athletisme.fr\/wordpress\/entrainements\/"]}]},{"@type":"BreadcrumbList","@id":"https:\/\/janze-athletisme.fr\/wordpress\/entrainements\/#breadcrumb","itemListElement":[{"@type":"ListItem","position":1,"name":"Accueil","item":"https:\/\/janze-athletisme.fr\/wordpress\/"},{"@type":"ListItem","position":2,"name":"Entra\u00eenements"}]},{"@type":"WebSite","@id":"https:\/\/janze-athletisme.fr\/wordpress\/#website","url":"https:\/\/janze-athletisme.fr\/wordpress\/","name":"Janz\u00e9 Athl\u00e9tisme","description":"Pays de La Roche aux F\u00e9es","publisher":{"@id":"https:\/\/janze-athletisme.fr\/wordpress\/#organization"},"potentialAction":[{"@type":"SearchAction","target":{"@type":"EntryPoint","urlTemplate":"https:\/\/janze-athletisme.fr\/wordpress\/?s={search_term_string}"},"query-input":{"@type":"PropertyValueSpecification","valueRequired":true,"valueName":"search_term_string"}}],"inLanguage":"fr-FR"},{"@type":"Organization","@id":"https:\/\/janze-athletisme.fr\/wordpress\/#organization","name":"Janz\u00e9 Athl\u00e9tisme","url":"https:\/\/janze-athletisme.fr\/wordpress\/","logo":{"@type":"ImageObject","inLanguage":"fr-FR","@id":"https:\/\/janze-athletisme.fr\/wordpress\/#\/schema\/logo\/image\/","url":"https:\/\/janze-athletisme.fr\/wordpress\/wp-content\/uploads\/2015\/03\/logo-full1.jpg","contentUrl":"https:\/\/janze-athletisme.fr\/wordpress\/wp-content\/uploads\/2015\/03\/logo-full1.jpg","width":437,"height":205,"caption":"Janz\u00e9 Athl\u00e9tisme"},"image":{"@id":"https:\/\/janze-athletisme.fr\/wordpress\/#\/schema\/logo\/image\/"},"sameAs":["https:\/\/www.facebook.com\/groups\/1007964579346590"]}]}},"uagb_featured_image_src":{"full":false,"thumbnail":false,"medium":false,"medium_large":false,"large":false,"1536x1536":false,"2048x2048":false},"uagb_author_info":{"display_name":"Franck Le Charpentier","author_link":"https:\/\/janze-athletisme.fr\/wordpress\/author\/francklec\/"},"uagb_comment_info":0,"uagb_excerpt":"&nbsp; Semaines du 06\/04\/26 au 12\/04\/2026 Direction la travers\u00e9e de la Baie de St Brieuc le 02 mai","_links":{"self":[{"href":"https:\/\/janze-athletisme.fr\/wordpress\/wp-json\/wp\/v2\/pages\/3032","targetHints":{"allow":["GET"]}}],"collection":[{"href":"https:\/\/janze-athletisme.fr\/wordpress\/wp-json\/wp\/v2\/pages"}],"about":[{"href":"https:\/\/janze-athletisme.fr\/wordpress\/wp-json\/wp\/v2\/types\/page"}],"author":[{"embeddable":true,"href":"https:\/\/janze-athletisme.fr\/wordpress\/wp-json\/wp\/v2\/users\/9"}],"replies":[{"embeddable":true,"href":"https:\/\/janze-athletisme.fr\/wordpress\/wp-json\/wp\/v2\/comments?post=3032"}],"version-history":[{"count":10,"href":"https:\/\/janze-athletisme.fr\/wordpress\/wp-json\/wp\/v2\/pages\/3032\/revisions"}],"predecessor-version":[{"id":30955,"href":"https:\/\/janze-athletisme.fr\/wordpress\/wp-json\/wp\/v2\/pages\/3032\/revisions\/30955"}],"wp:attachment":[{"href":"https:\/\/janze-athletisme.fr\/wordpress\/wp-json\/wp\/v2\/media?parent=3032"}],"curies":[{"name":"wp","href":"https:\/\/api.w.org\/{rel}","templated":true}]}}