{"id":299,"date":"2015-05-03T17:09:37","date_gmt":"2015-05-03T15:09:37","guid":{"rendered":"http:\/\/janze-athletisme.fr\/wordpress\/?page_id=299"},"modified":"2025-10-05T21:44:54","modified_gmt":"2025-10-05T19:44:54","slug":"ea-et-po","status":"publish","type":"page","link":"https:\/\/janze-athletisme.fr\/wordpress\/ea-et-po\/","title":{"rendered":"EA (\u00c9veils athl\u00e9tiques) \/ Poussins"},"content":{"rendered":"<h3><a href=\"https:\/\/janze-athletisme.fr\/wordpress\/wp-content\/uploads\/2023\/10\/Groupe-EA-PO-30sept2023-1-scaled.jpg\"><img loading=\"lazy\" decoding=\"async\" class=\"alignnone wp-image-15077\" src=\"https:\/\/janze-athletisme.fr\/wordpress\/wp-content\/uploads\/2023\/10\/Groupe-EA-PO-30sept2023-1-300x108.jpg\" alt=\"\" width=\"358\" height=\"129\" srcset=\"https:\/\/janze-athletisme.fr\/wordpress\/wp-content\/uploads\/2023\/10\/Groupe-EA-PO-30sept2023-1-300x108.jpg 300w, https:\/\/janze-athletisme.fr\/wordpress\/wp-content\/uploads\/2023\/10\/Groupe-EA-PO-30sept2023-1-1024x369.jpg 1024w, https:\/\/janze-athletisme.fr\/wordpress\/wp-content\/uploads\/2023\/10\/Groupe-EA-PO-30sept2023-1-768x277.jpg 768w, https:\/\/janze-athletisme.fr\/wordpress\/wp-content\/uploads\/2023\/10\/Groupe-EA-PO-30sept2023-1-1536x553.jpg 1536w, https:\/\/janze-athletisme.fr\/wordpress\/wp-content\/uploads\/2023\/10\/Groupe-EA-PO-30sept2023-1-2048x738.jpg 2048w\" sizes=\"auto, (max-width: 358px) 100vw, 358px\" \/> <\/a><a href=\"https:\/\/janze-athletisme.fr\/wordpress\/wp-content\/uploads\/2023\/10\/Ultime-seance-EA-PO-1erjuil2023-22-scaled.jpg\"><img loading=\"lazy\" decoding=\"async\" class=\"alignnone size-medium wp-image-15088\" src=\"https:\/\/janze-athletisme.fr\/wordpress\/wp-content\/uploads\/2023\/10\/Ultime-seance-EA-PO-1erjuil2023-22-300x129.jpg\" alt=\"\" width=\"300\" height=\"129\" srcset=\"https:\/\/janze-athletisme.fr\/wordpress\/wp-content\/uploads\/2023\/10\/Ultime-seance-EA-PO-1erjuil2023-22-300x129.jpg 300w, https:\/\/janze-athletisme.fr\/wordpress\/wp-content\/uploads\/2023\/10\/Ultime-seance-EA-PO-1erjuil2023-22-1024x439.jpg 1024w, https:\/\/janze-athletisme.fr\/wordpress\/wp-content\/uploads\/2023\/10\/Ultime-seance-EA-PO-1erjuil2023-22-768x329.jpg 768w, https:\/\/janze-athletisme.fr\/wordpress\/wp-content\/uploads\/2023\/10\/Ultime-seance-EA-PO-1erjuil2023-22-1536x659.jpg 1536w, https:\/\/janze-athletisme.fr\/wordpress\/wp-content\/uploads\/2023\/10\/Ultime-seance-EA-PO-1erjuil2023-22-2048x878.jpg 2048w\" sizes=\"auto, (max-width: 300px) 100vw, 300px\" \/>\u00a0<\/a><\/h3>\n<p><a href=\"https:\/\/janze-athletisme.fr\/wordpress\/wp-content\/uploads\/2023\/10\/Yannick-1erjuil2023.jpg\"><img loading=\"lazy\" decoding=\"async\" class=\"alignnone wp-image-15103\" src=\"https:\/\/janze-athletisme.fr\/wordpress\/wp-content\/uploads\/2023\/10\/Yannick-1erjuil2023-200x300.jpg\" alt=\"\" width=\"125\" height=\"188\" srcset=\"https:\/\/janze-athletisme.fr\/wordpress\/wp-content\/uploads\/2023\/10\/Yannick-1erjuil2023-200x300.jpg 200w, https:\/\/janze-athletisme.fr\/wordpress\/wp-content\/uploads\/2023\/10\/Yannick-1erjuil2023-683x1024.jpg 683w, https:\/\/janze-athletisme.fr\/wordpress\/wp-content\/uploads\/2023\/10\/Yannick-1erjuil2023-768x1152.jpg 768w, https:\/\/janze-athletisme.fr\/wordpress\/wp-content\/uploads\/2023\/10\/Yannick-1erjuil2023.jpg 1000w\" sizes=\"auto, (max-width: 125px) 100vw, 125px\" \/>\u00a0 <\/a><a href=\"https:\/\/janze-athletisme.fr\/wordpress\/wp-content\/uploads\/2023\/10\/Ultime-seance-EA-PO-1erjuil2023-10.jpg\"><img loading=\"lazy\" decoding=\"async\" class=\"alignnone wp-image-15104\" src=\"https:\/\/janze-athletisme.fr\/wordpress\/wp-content\/uploads\/2023\/10\/Ultime-seance-EA-PO-1erjuil2023-10-300x300.jpg\" alt=\"\" width=\"190\" height=\"190\" srcset=\"https:\/\/janze-athletisme.fr\/wordpress\/wp-content\/uploads\/2023\/10\/Ultime-seance-EA-PO-1erjuil2023-10-300x300.jpg 300w, https:\/\/janze-athletisme.fr\/wordpress\/wp-content\/uploads\/2023\/10\/Ultime-seance-EA-PO-1erjuil2023-10-1024x1024.jpg 1024w, https:\/\/janze-athletisme.fr\/wordpress\/wp-content\/uploads\/2023\/10\/Ultime-seance-EA-PO-1erjuil2023-10-150x150.jpg 150w, https:\/\/janze-athletisme.fr\/wordpress\/wp-content\/uploads\/2023\/10\/Ultime-seance-EA-PO-1erjuil2023-10-768x768.jpg 768w, https:\/\/janze-athletisme.fr\/wordpress\/wp-content\/uploads\/2023\/10\/Ultime-seance-EA-PO-1erjuil2023-10.jpg 1500w\" sizes=\"auto, (max-width: 190px) 100vw, 190px\" \/> <\/a><a href=\"https:\/\/janze-athletisme.fr\/wordpress\/wp-content\/uploads\/2023\/10\/Ultime-seance-EA-PO-1erjuil2023.jpg\"><img loading=\"lazy\" decoding=\"async\" class=\"alignnone wp-image-15105\" src=\"https:\/\/janze-athletisme.fr\/wordpress\/wp-content\/uploads\/2023\/10\/Ultime-seance-EA-PO-1erjuil2023-300x132.jpg\" alt=\"\" width=\"336\" height=\"148\" srcset=\"https:\/\/janze-athletisme.fr\/wordpress\/wp-content\/uploads\/2023\/10\/Ultime-seance-EA-PO-1erjuil2023-300x132.jpg 300w, https:\/\/janze-athletisme.fr\/wordpress\/wp-content\/uploads\/2023\/10\/Ultime-seance-EA-PO-1erjuil2023-1024x452.jpg 1024w, https:\/\/janze-athletisme.fr\/wordpress\/wp-content\/uploads\/2023\/10\/Ultime-seance-EA-PO-1erjuil2023-768x339.jpg 768w, https:\/\/janze-athletisme.fr\/wordpress\/wp-content\/uploads\/2023\/10\/Ultime-seance-EA-PO-1erjuil2023-1536x678.jpg 1536w, https:\/\/janze-athletisme.fr\/wordpress\/wp-content\/uploads\/2023\/10\/Ultime-seance-EA-PO-1erjuil2023-2048x904.jpg 2048w\" sizes=\"auto, (max-width: 336px) 100vw, 336px\" \/><\/a><\/p>\n<h4><strong><span style=\"color: #000000;\">Cr\u00e9neaux d\u2019entra\u00eenements :<\/span><\/strong><\/h4>\n<h4><span style=\"color: #000000;\">Le\u00a0<span id=\"OBJ_PREFIX_DWT298_com_zimbra_date\">samedi :<\/span><\/span><\/h4>\n<h4><span style=\"color: #000000;\">&#8211; Horaires d&rsquo;\u00e9t\u00e9 : de 10h \u00e0 11h30 au stade de la Jaroussaye<\/span><\/h4>\n<h4><span style=\"color: #000000;\">&#8211; Horaires d&rsquo;hiver : de 10h30 \u00e0 midi en salle 1.<\/span><\/h4>\n<h4><span style=\"color: #000000;\">Le mercredi : <\/span><\/h4>\n<h4><span style=\"color: #000000;\">&#8211; 16h \u00e0 17h<\/span><\/h4>\n<p><span style=\"color: #000000;\"><strong>WhatsApp du Groupe\u00a0<\/strong><\/span><\/p>\n<p><a href=\"https:\/\/chat.whatsapp.com\/CCCWgooxKQzGkUYDdmytHA\">ttps:\/\/chat.whatsapp.com\/CCCWgooxKQzGkUYDdmytHA?mode=ems_copy_t<\/a><\/p>\n<p><span style=\"color: #000000;\"><strong><b>Responsables et Encadrants de la section : <\/b><\/strong><\/span><\/p>\n<p><span style=\"color: #000000;\">Yannick Bossard, Laurence N\u00e9ron, Arnaud Bienvenu<strong><br \/>\n<\/strong><\/span><\/p>\n<p><span style=\"color: #000000;\"><b>Entra\u00eeneurs des cat\u00e9gories EA (\u00c9veils athl\u00e9tiques) et PO (poussins) : <\/b><\/span><\/p>\n<p><span style=\"color: #000000;\">Manon R, Annelise, Fabienne, Karine, C\u00e9cile, Mathieu M.<\/span><\/p>\n","protected":false},"excerpt":{"rendered":"<p>\u00a0 \u00a0 Cr\u00e9neaux d\u2019entra\u00eenements : Le\u00a0samedi : &#8211; Horaires d&rsquo;\u00e9t\u00e9 : de 10h \u00e0 11h30 au stade de la Jaroussaye &#8211; Horaires d&rsquo;hiver : de 10h30 \u00e0 midi en salle 1. Le mercredi : &#8211; 16h \u00e0 17h WhatsApp du Groupe\u00a0 ttps:\/\/chat.whatsapp.com\/CCCWgooxKQzGkUYDdmytHA?mode=ems_copy_t Responsables et Encadrants de la section : Yannick Bossard, Laurence N\u00e9ron, Arnaud Bienvenu [&hellip;]<\/p>\n","protected":false},"author":3,"featured_media":0,"parent":0,"menu_order":0,"comment_status":"closed","ping_status":"closed","template":"","meta":{"_uag_custom_page_level_css":"","site-sidebar-layout":"default","site-content-layout":"default","ast-site-content-layout":"default","site-content-style":"default","site-sidebar-style":"default","ast-global-header-display":"","ast-banner-title-visibility":"","ast-main-header-display":"","ast-hfb-above-header-display":"","ast-hfb-below-header-display":"","ast-hfb-mobile-header-display":"","site-post-title":"","ast-breadcrumbs-content":"","ast-featured-img":"","footer-sml-layout":"","ast-disable-related-posts":"","theme-transparent-header-meta":"default","adv-header-id-meta":"","stick-header-meta":"","header-above-stick-meta":"","header-main-stick-meta":"","header-below-stick-meta":"","astra-migrate-meta-layouts":"set","ast-page-background-enabled":"default","ast-page-background-meta":{"desktop":{"background-color":"var(--ast-global-color-4)","background-image":"","background-repeat":"repeat","background-position":"center center","background-size":"auto","background-attachment":"scroll","background-type":"","background-media":"","overlay-type":"","overlay-color":"","overlay-opacity":"","overlay-gradient":""},"tablet":{"background-color":"","background-image":"","background-repeat":"repeat","background-position":"center center","background-size":"auto","background-attachment":"scroll","background-type":"","background-media":"","overlay-type":"","overlay-color":"","overlay-opacity":"","overlay-gradient":""},"mobile":{"background-color":"","background-image":"","background-repeat":"repeat","background-position":"center center","background-size":"auto","background-attachment":"scroll","background-type":"","background-media":"","overlay-type":"","overlay-color":"","overlay-opacity":"","overlay-gradient":""}},"ast-content-background-meta":{"desktop":{"background-color":"var(--ast-global-color-5)","background-image":"","background-repeat":"repeat","background-position":"center center","background-size":"auto","background-attachment":"scroll","background-type":"","background-media":"","overlay-type":"","overlay-color":"","overlay-opacity":"","overlay-gradient":""},"tablet":{"background-color":"var(--ast-global-color-5)","background-image":"","background-repeat":"repeat","background-position":"center center","background-size":"auto","background-attachment":"scroll","background-type":"","background-media":"","overlay-type":"","overlay-color":"","overlay-opacity":"","overlay-gradient":""},"mobile":{"background-color":"var(--ast-global-color-5)","background-image":"","background-repeat":"repeat","background-position":"center center","background-size":"auto","background-attachment":"scroll","background-type":"","background-media":"","overlay-type":"","overlay-color":"","overlay-opacity":"","overlay-gradient":""}},"footnotes":""},"class_list":["post-299","page","type-page","status-publish","hentry"],"yoast_head":"<!-- This site is optimized with the Yoast SEO plugin v27.4 - https:\/\/yoast.com\/product\/yoast-seo-wordpress\/ -->\n<title>EA (\u00c9veils athl\u00e9tiques) \/ Poussins - Janz\u00e9 Athl\u00e9tisme<\/title>\n<meta name=\"robots\" content=\"index, follow, max-snippet:-1, max-image-preview:large, max-video-preview:-1\" \/>\n<link rel=\"canonical\" href=\"https:\/\/janze-athletisme.fr\/wordpress\/ea-et-po\/\" \/>\n<meta property=\"og:locale\" content=\"fr_FR\" \/>\n<meta property=\"og:type\" content=\"article\" \/>\n<meta property=\"og:title\" content=\"EA (\u00c9veils athl\u00e9tiques) \/ Poussins - Janz\u00e9 Athl\u00e9tisme\" \/>\n<meta property=\"og:description\" content=\"\u00a0 \u00a0 Cr\u00e9neaux d\u2019entra\u00eenements : Le\u00a0samedi : &#8211; Horaires d&rsquo;\u00e9t\u00e9 : de 10h \u00e0 11h30 au stade de la Jaroussaye &#8211; Horaires d&rsquo;hiver : de 10h30 \u00e0 midi en salle 1. Le mercredi : &#8211; 16h \u00e0 17h WhatsApp du Groupe\u00a0 ttps:\/\/chat.whatsapp.com\/CCCWgooxKQzGkUYDdmytHA?mode=ems_copy_t Responsables et Encadrants de la section : Yannick Bossard, Laurence N\u00e9ron, Arnaud Bienvenu [&hellip;]\" \/>\n<meta property=\"og:url\" content=\"https:\/\/janze-athletisme.fr\/wordpress\/ea-et-po\/\" \/>\n<meta property=\"og:site_name\" content=\"Janz\u00e9 Athl\u00e9tisme\" \/>\n<meta property=\"article:publisher\" content=\"https:\/\/www.facebook.com\/groups\/1007964579346590\" \/>\n<meta property=\"article:modified_time\" content=\"2025-10-05T19:44:54+00:00\" \/>\n<meta property=\"og:image\" content=\"https:\/\/janze-athletisme.fr\/wordpress\/wp-content\/uploads\/2023\/10\/Groupe-EA-PO-30sept2023-1-scaled.jpg\" \/>\n\t<meta property=\"og:image:width\" content=\"2560\" \/>\n\t<meta property=\"og:image:height\" content=\"922\" \/>\n\t<meta property=\"og:image:type\" content=\"image\/jpeg\" \/>\n<meta name=\"twitter:card\" content=\"summary_large_image\" \/>\n<meta name=\"twitter:label1\" content=\"Dur\u00e9e de lecture estim\u00e9e\" \/>\n\t<meta name=\"twitter:data1\" content=\"2 minutes\" \/>\n<script type=\"application\/ld+json\" class=\"yoast-schema-graph\">{\"@context\":\"https:\\\/\\\/schema.org\",\"@graph\":[{\"@type\":\"WebPage\",\"@id\":\"https:\\\/\\\/janze-athletisme.fr\\\/wordpress\\\/ea-et-po\\\/\",\"url\":\"https:\\\/\\\/janze-athletisme.fr\\\/wordpress\\\/ea-et-po\\\/\",\"name\":\"EA (\u00c9veils athl\u00e9tiques) \\\/ Poussins - Janz\u00e9 Athl\u00e9tisme\",\"isPartOf\":{\"@id\":\"https:\\\/\\\/janze-athletisme.fr\\\/wordpress\\\/#website\"},\"primaryImageOfPage\":{\"@id\":\"https:\\\/\\\/janze-athletisme.fr\\\/wordpress\\\/ea-et-po\\\/#primaryimage\"},\"image\":{\"@id\":\"https:\\\/\\\/janze-athletisme.fr\\\/wordpress\\\/ea-et-po\\\/#primaryimage\"},\"thumbnailUrl\":\"https:\\\/\\\/janze-athletisme.fr\\\/wordpress\\\/wp-content\\\/uploads\\\/2023\\\/10\\\/Groupe-EA-PO-30sept2023-1-300x108.jpg\",\"datePublished\":\"2015-05-03T15:09:37+00:00\",\"dateModified\":\"2025-10-05T19:44:54+00:00\",\"breadcrumb\":{\"@id\":\"https:\\\/\\\/janze-athletisme.fr\\\/wordpress\\\/ea-et-po\\\/#breadcrumb\"},\"inLanguage\":\"fr-FR\",\"potentialAction\":[{\"@type\":\"ReadAction\",\"target\":[\"https:\\\/\\\/janze-athletisme.fr\\\/wordpress\\\/ea-et-po\\\/\"]}]},{\"@type\":\"ImageObject\",\"inLanguage\":\"fr-FR\",\"@id\":\"https:\\\/\\\/janze-athletisme.fr\\\/wordpress\\\/ea-et-po\\\/#primaryimage\",\"url\":\"https:\\\/\\\/janze-athletisme.fr\\\/wordpress\\\/wp-content\\\/uploads\\\/2023\\\/10\\\/Groupe-EA-PO-30sept2023-1-scaled.jpg\",\"contentUrl\":\"https:\\\/\\\/janze-athletisme.fr\\\/wordpress\\\/wp-content\\\/uploads\\\/2023\\\/10\\\/Groupe-EA-PO-30sept2023-1-scaled.jpg\",\"width\":2560,\"height\":922},{\"@type\":\"BreadcrumbList\",\"@id\":\"https:\\\/\\\/janze-athletisme.fr\\\/wordpress\\\/ea-et-po\\\/#breadcrumb\",\"itemListElement\":[{\"@type\":\"ListItem\",\"position\":1,\"name\":\"Accueil\",\"item\":\"https:\\\/\\\/janze-athletisme.fr\\\/wordpress\\\/\"},{\"@type\":\"ListItem\",\"position\":2,\"name\":\"EA (\u00c9veils athl\u00e9tiques) \\\/ Poussins\"}]},{\"@type\":\"WebSite\",\"@id\":\"https:\\\/\\\/janze-athletisme.fr\\\/wordpress\\\/#website\",\"url\":\"https:\\\/\\\/janze-athletisme.fr\\\/wordpress\\\/\",\"name\":\"Janz\u00e9 Athl\u00e9tisme\",\"description\":\"Pays de La Roche aux F\u00e9es\",\"publisher\":{\"@id\":\"https:\\\/\\\/janze-athletisme.fr\\\/wordpress\\\/#organization\"},\"potentialAction\":[{\"@type\":\"SearchAction\",\"target\":{\"@type\":\"EntryPoint\",\"urlTemplate\":\"https:\\\/\\\/janze-athletisme.fr\\\/wordpress\\\/?s={search_term_string}\"},\"query-input\":{\"@type\":\"PropertyValueSpecification\",\"valueRequired\":true,\"valueName\":\"search_term_string\"}}],\"inLanguage\":\"fr-FR\"},{\"@type\":\"Organization\",\"@id\":\"https:\\\/\\\/janze-athletisme.fr\\\/wordpress\\\/#organization\",\"name\":\"Janz\u00e9 Athl\u00e9tisme\",\"url\":\"https:\\\/\\\/janze-athletisme.fr\\\/wordpress\\\/\",\"logo\":{\"@type\":\"ImageObject\",\"inLanguage\":\"fr-FR\",\"@id\":\"https:\\\/\\\/janze-athletisme.fr\\\/wordpress\\\/#\\\/schema\\\/logo\\\/image\\\/\",\"url\":\"https:\\\/\\\/janze-athletisme.fr\\\/wordpress\\\/wp-content\\\/uploads\\\/2015\\\/03\\\/logo-full1.jpg\",\"contentUrl\":\"https:\\\/\\\/janze-athletisme.fr\\\/wordpress\\\/wp-content\\\/uploads\\\/2015\\\/03\\\/logo-full1.jpg\",\"width\":437,\"height\":205,\"caption\":\"Janz\u00e9 Athl\u00e9tisme\"},\"image\":{\"@id\":\"https:\\\/\\\/janze-athletisme.fr\\\/wordpress\\\/#\\\/schema\\\/logo\\\/image\\\/\"},\"sameAs\":[\"https:\\\/\\\/www.facebook.com\\\/groups\\\/1007964579346590\"]}]}<\/script>\n<!-- \/ Yoast SEO plugin. -->","yoast_head_json":{"title":"EA (\u00c9veils athl\u00e9tiques) \/ Poussins - Janz\u00e9 Athl\u00e9tisme","robots":{"index":"index","follow":"follow","max-snippet":"max-snippet:-1","max-image-preview":"max-image-preview:large","max-video-preview":"max-video-preview:-1"},"canonical":"https:\/\/janze-athletisme.fr\/wordpress\/ea-et-po\/","og_locale":"fr_FR","og_type":"article","og_title":"EA (\u00c9veils athl\u00e9tiques) \/ Poussins - Janz\u00e9 Athl\u00e9tisme","og_description":"\u00a0 \u00a0 Cr\u00e9neaux d\u2019entra\u00eenements : Le\u00a0samedi : &#8211; Horaires d&rsquo;\u00e9t\u00e9 : de 10h \u00e0 11h30 au stade de la Jaroussaye &#8211; Horaires d&rsquo;hiver : de 10h30 \u00e0 midi en salle 1. Le mercredi : &#8211; 16h \u00e0 17h WhatsApp du Groupe\u00a0 ttps:\/\/chat.whatsapp.com\/CCCWgooxKQzGkUYDdmytHA?mode=ems_copy_t Responsables et Encadrants de la section : Yannick Bossard, Laurence N\u00e9ron, Arnaud Bienvenu [&hellip;]","og_url":"https:\/\/janze-athletisme.fr\/wordpress\/ea-et-po\/","og_site_name":"Janz\u00e9 Athl\u00e9tisme","article_publisher":"https:\/\/www.facebook.com\/groups\/1007964579346590","article_modified_time":"2025-10-05T19:44:54+00:00","og_image":[{"width":2560,"height":922,"url":"https:\/\/janze-athletisme.fr\/wordpress\/wp-content\/uploads\/2023\/10\/Groupe-EA-PO-30sept2023-1-scaled.jpg","type":"image\/jpeg"}],"twitter_card":"summary_large_image","twitter_misc":{"Dur\u00e9e de lecture estim\u00e9e":"2 minutes"},"schema":{"@context":"https:\/\/schema.org","@graph":[{"@type":"WebPage","@id":"https:\/\/janze-athletisme.fr\/wordpress\/ea-et-po\/","url":"https:\/\/janze-athletisme.fr\/wordpress\/ea-et-po\/","name":"EA (\u00c9veils athl\u00e9tiques) \/ Poussins - Janz\u00e9 Athl\u00e9tisme","isPartOf":{"@id":"https:\/\/janze-athletisme.fr\/wordpress\/#website"},"primaryImageOfPage":{"@id":"https:\/\/janze-athletisme.fr\/wordpress\/ea-et-po\/#primaryimage"},"image":{"@id":"https:\/\/janze-athletisme.fr\/wordpress\/ea-et-po\/#primaryimage"},"thumbnailUrl":"https:\/\/janze-athletisme.fr\/wordpress\/wp-content\/uploads\/2023\/10\/Groupe-EA-PO-30sept2023-1-300x108.jpg","datePublished":"2015-05-03T15:09:37+00:00","dateModified":"2025-10-05T19:44:54+00:00","breadcrumb":{"@id":"https:\/\/janze-athletisme.fr\/wordpress\/ea-et-po\/#breadcrumb"},"inLanguage":"fr-FR","potentialAction":[{"@type":"ReadAction","target":["https:\/\/janze-athletisme.fr\/wordpress\/ea-et-po\/"]}]},{"@type":"ImageObject","inLanguage":"fr-FR","@id":"https:\/\/janze-athletisme.fr\/wordpress\/ea-et-po\/#primaryimage","url":"https:\/\/janze-athletisme.fr\/wordpress\/wp-content\/uploads\/2023\/10\/Groupe-EA-PO-30sept2023-1-scaled.jpg","contentUrl":"https:\/\/janze-athletisme.fr\/wordpress\/wp-content\/uploads\/2023\/10\/Groupe-EA-PO-30sept2023-1-scaled.jpg","width":2560,"height":922},{"@type":"BreadcrumbList","@id":"https:\/\/janze-athletisme.fr\/wordpress\/ea-et-po\/#breadcrumb","itemListElement":[{"@type":"ListItem","position":1,"name":"Accueil","item":"https:\/\/janze-athletisme.fr\/wordpress\/"},{"@type":"ListItem","position":2,"name":"EA (\u00c9veils athl\u00e9tiques) \/ Poussins"}]},{"@type":"WebSite","@id":"https:\/\/janze-athletisme.fr\/wordpress\/#website","url":"https:\/\/janze-athletisme.fr\/wordpress\/","name":"Janz\u00e9 Athl\u00e9tisme","description":"Pays de La Roche aux F\u00e9es","publisher":{"@id":"https:\/\/janze-athletisme.fr\/wordpress\/#organization"},"potentialAction":[{"@type":"SearchAction","target":{"@type":"EntryPoint","urlTemplate":"https:\/\/janze-athletisme.fr\/wordpress\/?s={search_term_string}"},"query-input":{"@type":"PropertyValueSpecification","valueRequired":true,"valueName":"search_term_string"}}],"inLanguage":"fr-FR"},{"@type":"Organization","@id":"https:\/\/janze-athletisme.fr\/wordpress\/#organization","name":"Janz\u00e9 Athl\u00e9tisme","url":"https:\/\/janze-athletisme.fr\/wordpress\/","logo":{"@type":"ImageObject","inLanguage":"fr-FR","@id":"https:\/\/janze-athletisme.fr\/wordpress\/#\/schema\/logo\/image\/","url":"https:\/\/janze-athletisme.fr\/wordpress\/wp-content\/uploads\/2015\/03\/logo-full1.jpg","contentUrl":"https:\/\/janze-athletisme.fr\/wordpress\/wp-content\/uploads\/2015\/03\/logo-full1.jpg","width":437,"height":205,"caption":"Janz\u00e9 Athl\u00e9tisme"},"image":{"@id":"https:\/\/janze-athletisme.fr\/wordpress\/#\/schema\/logo\/image\/"},"sameAs":["https:\/\/www.facebook.com\/groups\/1007964579346590"]}]}},"uagb_featured_image_src":{"full":false,"thumbnail":false,"medium":false,"medium_large":false,"large":false,"1536x1536":false,"2048x2048":false},"uagb_author_info":{"display_name":"Fr\u00e9d\u00e9ric Graye","author_link":"https:\/\/janze-athletisme.fr\/wordpress\/author\/jathe_adm\/"},"uagb_comment_info":0,"uagb_excerpt":"\u00a0 \u00a0 Cr\u00e9neaux d\u2019entra\u00eenements : Le\u00a0samedi : &#8211; Horaires d&rsquo;\u00e9t\u00e9 : de 10h \u00e0 11h30 au stade de la Jaroussaye &#8211; Horaires d&rsquo;hiver : de 10h30 \u00e0 midi en salle 1. Le mercredi : &#8211; 16h \u00e0 17h WhatsApp du Groupe\u00a0 ttps:\/\/chat.whatsapp.com\/CCCWgooxKQzGkUYDdmytHA?mode=ems_copy_t Responsables et Encadrants de la section : Yannick Bossard, Laurence N\u00e9ron, Arnaud Bienvenu\u2026","_links":{"self":[{"href":"https:\/\/janze-athletisme.fr\/wordpress\/wp-json\/wp\/v2\/pages\/299","targetHints":{"allow":["GET"]}}],"collection":[{"href":"https:\/\/janze-athletisme.fr\/wordpress\/wp-json\/wp\/v2\/pages"}],"about":[{"href":"https:\/\/janze-athletisme.fr\/wordpress\/wp-json\/wp\/v2\/types\/page"}],"author":[{"embeddable":true,"href":"https:\/\/janze-athletisme.fr\/wordpress\/wp-json\/wp\/v2\/users\/3"}],"replies":[{"embeddable":true,"href":"https:\/\/janze-athletisme.fr\/wordpress\/wp-json\/wp\/v2\/comments?post=299"}],"version-history":[{"count":10,"href":"https:\/\/janze-athletisme.fr\/wordpress\/wp-json\/wp\/v2\/pages\/299\/revisions"}],"predecessor-version":[{"id":27539,"href":"https:\/\/janze-athletisme.fr\/wordpress\/wp-json\/wp\/v2\/pages\/299\/revisions\/27539"}],"wp:attachment":[{"href":"https:\/\/janze-athletisme.fr\/wordpress\/wp-json\/wp\/v2\/media?parent=299"}],"curies":[{"name":"wp","href":"https:\/\/api.w.org\/{rel}","templated":true}]}}