{"id":25819,"date":"2025-06-10T21:53:30","date_gmt":"2025-06-10T19:53:30","guid":{"rendered":"https:\/\/janze-athletisme.fr\/wordpress\/?page_id=25819"},"modified":"2026-05-15T14:22:40","modified_gmt":"2026-05-15T12:22:40","slug":"meeting-janze-athletisme-10-07-2026","status":"publish","type":"page","link":"https:\/\/janze-athletisme.fr\/wordpress\/meeting-janze-athletisme-10-07-2026\/","title":{"rendered":"Meeting Janz\u00e9 Athl\u00e9tisme"},"content":{"rendered":"<div dir=\"auto\">\r\n<h3 data-start=\"1306\" data-end=\"1345\">On se retrouve le vendredi 10 Juillet !\u00a0<\/h3>\r\n<p class=\"cvGsUA direction-ltr align-center para-style-body\"><span class=\"a_GcMg font-feature-liga-off font-feature-clig-off font-feature-calt-off text-decoration-none text-strikethrough-none\">Le Meeting de Janz\u00e9 est un rendez-vous incontournable de l\u2019athl\u00e9tisme en Ille et vilaine, organis\u00e9 par le club de Janz\u00e9 Athl\u00e9tisme, acteur majeur du d\u00e9veloppement de l\u2019athl\u00e9tisme sur le territoire.<\/span><\/p>\r\n<p class=\"cvGsUA direction-ltr align-center para-style-body\"><span class=\"a_GcMg font-feature-liga-off font-feature-clig-off font-feature-calt-off text-decoration-none text-strikethrough-none\">Ouvert au grand public et en entr\u00e9e gratuite, cet \u00e9v\u00e9nement sportif rassemble des athl\u00e8tes de tous horizons pour une soir\u00e9e plac\u00e9e sous le signe de la<\/span><\/p>\r\n<p class=\"cvGsUA direction-ltr align-center para-style-body\"><span class=\"a_GcMg font-feature-liga-off font-feature-clig-off font-feature-calt-off text-decoration-none text-strikethrough-none\">performance, du spectacle et du partage.<\/span><\/p>\r\n<p class=\"cvGsUA direction-ltr align-center para-style-body\"><span class=\"a_GcMg font-feature-liga-off font-feature-clig-off font-feature-calt-off text-decoration-none text-strikethrough-none\">Cette \u00e9dition se distingue par un temps fort in\u00e9dit : un<\/span><\/p>\r\n<p class=\"cvGsUA direction-ltr align-center para-style-body\"><span class=\"a_GcMg font-feature-liga-off font-feature-clig-off font-feature-calt-off text-decoration-none text-strikethrough-none\">un Miles ouvert \u00e0 tous r\u00e9unissant licenci\u00e9s et non licenci\u00e9s.<\/span><\/p>\r\n<\/div>\r\n<p><b>19h00 Saut en Hauteur <\/b><span style=\"font-weight: 400;\">H (12)\u00a0<\/span><\/p>\r\n<p><b>19h00 200 m\u00e8tres<\/b><span style=\"font-weight: 400;\"> F et H\u00a0<\/span><\/p>\r\n<p><b>19h30 &#8211; Perche H<\/b><span style=\"font-weight: 400;\"> (12)\u00a0<\/span><\/p>\r\n<p><b>19h40 \u00a0100m Haies s\u00e9ries<\/b><\/p>\r\n<p><b>20h \u00a0110m Haies s\u00e9ries<\/b><\/p>\r\n<p><b>20h15 Triple saut F (12)\u00a0<\/b><\/p>\r\n<p><b>20h20 \u00a0miles ouvert \u00e0 tous\u00a0<\/b><\/p>\r\n<p><b>20h50 \u2013 21h20 800m Finale<\/b><\/p>\r\n<p><b>21h00 = lancer de poids M (12)\u00a0<\/b><\/p>\r\n<p><b>21h20 &#8211; 22h = 400m Finale<\/b><\/p>\r\n<p><b>22h Finale 100m Haies et 110m haies<\/b><\/p>\r\n<p><b>22h20 1500m<\/b><\/p>\r\n<p>&nbsp;<\/p>\r\n<p><span style=\"font-weight: 400;\">Les primes ne seront attribu\u00e9es que lors du meeting par ch\u00e8que au nom de l\u2019athl\u00e8te.\u00a0<\/span><\/p>\r\n<p><span style=\"font-weight: 400;\">Performance International = 100 euros\u00a0<\/span><\/p>\r\n<p><span style=\"font-weight: 400;\">Meilleur performance sur les sauts et lancer =\u00a0<\/span><\/p>\r\n<p><span style=\"font-weight: 400;\">1 er place table hongroise = 150 euros (N4 minimum)\u00a0<\/span><\/p>\r\n<p><span style=\"font-weight: 400;\">2 \u00e8me place table hongroise = 100 euros (N4 minimum)\u00a0<\/span><\/p>\r\n<p><span style=\"font-weight: 400;\">3 \u00e8me place table hongroise = 50 euros (N4 minimum)\u00a0<\/span><\/p>\r\n<p><span style=\"font-weight: 400;\">Meilleur performance sur les courses =\u00a0<\/span><\/p>\r\n<p><span style=\"font-weight: 400;\">1 er place table hongroise = 150 euros (N4 minimum)\u00a0<\/span><\/p>\r\n<p><span style=\"font-weight: 400;\">2 \u00e8me place table hongroise = 100 euros (N4 minimum)\u00a0<\/span><\/p>\r\n<p><span style=\"font-weight: 400;\">3 \u00e8me place table hongroise = 50 euros (N4 minimum)\u00a0<\/span><\/p>\r\n<p>&nbsp;<\/p>\r\n<p>Le 1500m femme et homme se verront attribu\u00e9 des lots par Shobi sport.<\/p>\r\n<p>Les 3 premi\u00e8re femmes et 3 premier homme se verront attribu\u00e9 une r\u00e9compense sur le podium.<\/p>\r\n<p>&nbsp;<\/p>\r\n<p><span style=\"font-weight: 400;\">Pour avoir une prime il y a une condition au niveau des juges :\u00a0<\/span><\/p>\r\n<p><span style=\"font-weight: 400;\">1 \u00e0 3 athl\u00e8tes (pas de juge)\u00a0<\/span><\/p>\r\n<p><span style=\"font-weight: 400;\">3 \u00e0 10 athl\u00e8tes (1 juges)\u00a0<\/span><\/p>\r\n<p><span style=\"font-weight: 400;\">10 \u00e0 15 athl\u00e8tes (2 juges)\u00a0<\/span><\/p>\r\n<p><span style=\"font-weight: 400;\">15 et + (3 juges) <\/span><\/p>\r\n<p><br style=\"font-weight: 400;\" \/><br style=\"font-weight: 400;\" \/><\/p>\r\n<div dir=\"auto\">\u00a0<\/div>\r\n<h3 data-start=\"1306\" data-end=\"1345\">\ud83c\udf7d\ufe0f <strong data-start=\"1314\" data-end=\"1343\">Restauration &amp; animations<\/strong><\/h3>\r\n<p data-start=\"1346\" data-end=\"1376\">Tout au long de la journ\u00e9e :<\/p>\r\n<ul data-start=\"1377\" data-end=\"1494\">\r\n<li data-start=\"1377\" data-end=\"1414\">\r\n<p data-start=\"1379\" data-end=\"1414\">Buvette et restauration sur place<\/p>\r\n<\/li>\r\n<li data-start=\"1415\" data-end=\"1436\">\r\n<p data-start=\"1417\" data-end=\"1436\">Ambiance musicale<\/p>\r\n<\/li>\r\n<li data-start=\"1437\" data-end=\"1494\">\r\n<p data-start=\"1439\" data-end=\"1494\">Espace d\u2019\u00e9chauffement et zone d\u00e9tente pour les athl\u00e8tes<\/p>\r\n<\/li>\r\n<\/ul>\r\n<h3 data-start=\"1501\" data-end=\"1530\">\u00a0<\/h3>\r\n<h3 data-start=\"1501\" data-end=\"1530\">\ud83d\udce3 <strong data-start=\"1508\" data-end=\"1528\">Venez nombreux !<\/strong><\/h3>\r\n<p data-start=\"1531\" data-end=\"1728\">Que vous soyez athl\u00e8te, b\u00e9n\u00e9vole, supporter, famille ou simple curieux, <strong data-start=\"1603\" data-end=\"1644\">le meeting de Janz\u00e9 est ouvert \u00e0 tous<\/strong>. Venez partager cette belle journ\u00e9e autour de notre passion commune : l\u2019athl\u00e9tisme.<\/p>\r\n<p data-start=\"1531\" data-end=\"1728\">\u00a0<\/p>\r\n<p>\ud83e\udde1\u00a0<strong>Devenez b\u00e9n\u00e9vole pour le Meeting d\u2019Athl\u00e9tisme de Janz\u00e9 !<\/strong><\/p>\r\n<p>\ud83d\udcc5\u00a0<strong>Vendredi 10 juillet<\/strong><br \/>\ud83d\udd5a\u00a0<strong>Rendez-vous \u00e0 17h, fin pr\u00e9vu \u00e0 23h30<\/strong><br \/>\ud83d\udccd Piste d\u2019athl\u00e9tisme de Janz\u00e9<\/p>\r\n<p>Le club a besoin de\u00a0<strong>parents, proches, amis<\/strong>\u00a0pour faire de ce meeting une belle r\u00e9ussite \ud83d\ude4c<br \/>Voici quelques missions propos\u00e9es :<br \/>\u27a1\ufe0f Accueil des participants et spectateurs<br \/>\u27a1\ufe0f Gestion du parking \ud83d\ude97<br \/>\u27a1\ufe0f Installation et rangement du mat\u00e9riel<br \/>\u27a1\ufe0f Gestion des feuilles de r\u00e9sultats<\/p>\r\n<p>\u2705\u00a0<strong>Inscription en quelques clics ici :<\/strong><br \/>\ud83d\udc49<\/p>\r\n<p>M\u00eame une petite aide compte ! \u23f3<\/p>\r\n<p><br \/>\ud83d\ude4f Merci pour votre soutien. Ensemble, faisons de ce rendez-vous un moment fort pour nos jeunes athl\u00e8tes ! \ud83d\udcaa<\/p>\r\n<p>Pour ceux qui souhaitent\u00a0<strong>participer en apportant des g\u00e2teaux<\/strong> lors du Meeting du 10 juillet,<br \/>nous vous enverrons prochainement un\u00a0<strong>lien sp\u00e9cifique<\/strong>\u00a0pour vous inscrire et organiser les contributions.<\/p>\r\n","protected":false},"excerpt":{"rendered":"<p>On se retrouve le vendredi 10 Juillet !\u00a0 Le Meeting de Janz\u00e9 est un rendez-vous incontournable de l\u2019athl\u00e9tisme en Ille et vilaine, organis\u00e9 par le club de Janz\u00e9 Athl\u00e9tisme, acteur majeur du d\u00e9veloppement de l\u2019athl\u00e9tisme sur le territoire. Ouvert au grand public et en entr\u00e9e gratuite, cet \u00e9v\u00e9nement sportif rassemble des athl\u00e8tes de tous horizons [&hellip;]<\/p>\n","protected":false},"author":11,"featured_media":0,"parent":0,"menu_order":0,"comment_status":"closed","ping_status":"closed","template":"","meta":{"_uag_custom_page_level_css":"","site-sidebar-layout":"default","site-content-layout":"","ast-site-content-layout":"default","site-content-style":"default","site-sidebar-style":"default","ast-global-header-display":"","ast-banner-title-visibility":"","ast-main-header-display":"","ast-hfb-above-header-display":"","ast-hfb-below-header-display":"","ast-hfb-mobile-header-display":"","site-post-title":"","ast-breadcrumbs-content":"","ast-featured-img":"","footer-sml-layout":"","ast-disable-related-posts":"","theme-transparent-header-meta":"default","adv-header-id-meta":"","stick-header-meta":"","header-above-stick-meta":"","header-main-stick-meta":"","header-below-stick-meta":"","astra-migrate-meta-layouts":"set","ast-page-background-enabled":"default","ast-page-background-meta":{"desktop":{"background-color":"var(--ast-global-color-4)","background-image":"","background-repeat":"repeat","background-position":"center center","background-size":"auto","background-attachment":"scroll","background-type":"","background-media":"","overlay-type":"","overlay-color":"","overlay-opacity":"","overlay-gradient":""},"tablet":{"background-color":"","background-image":"","background-repeat":"repeat","background-position":"center center","background-size":"auto","background-attachment":"scroll","background-type":"","background-media":"","overlay-type":"","overlay-color":"","overlay-opacity":"","overlay-gradient":""},"mobile":{"background-color":"","background-image":"","background-repeat":"repeat","background-position":"center center","background-size":"auto","background-attachment":"scroll","background-type":"","background-media":"","overlay-type":"","overlay-color":"","overlay-opacity":"","overlay-gradient":""}},"ast-content-background-meta":{"desktop":{"background-color":"var(--ast-global-color-5)","background-image":"","background-repeat":"repeat","background-position":"center center","background-size":"auto","background-attachment":"scroll","background-type":"","background-media":"","overlay-type":"","overlay-color":"","overlay-opacity":"","overlay-gradient":""},"tablet":{"background-color":"var(--ast-global-color-5)","background-image":"","background-repeat":"repeat","background-position":"center center","background-size":"auto","background-attachment":"scroll","background-type":"","background-media":"","overlay-type":"","overlay-color":"","overlay-opacity":"","overlay-gradient":""},"mobile":{"background-color":"var(--ast-global-color-5)","background-image":"","background-repeat":"repeat","background-position":"center center","background-size":"auto","background-attachment":"scroll","background-type":"","background-media":"","overlay-type":"","overlay-color":"","overlay-opacity":"","overlay-gradient":""}},"footnotes":""},"class_list":["post-25819","page","type-page","status-publish","hentry"],"yoast_head":"<!-- This site is optimized with the Yoast SEO plugin v27.6 - https:\/\/yoast.com\/product\/yoast-seo-wordpress\/ -->\n<title>Meeting Janz\u00e9 Athl\u00e9tisme - Janz\u00e9 Athl\u00e9tisme<\/title>\n<meta name=\"robots\" content=\"index, follow, max-snippet:-1, max-image-preview:large, max-video-preview:-1\" \/>\n<link rel=\"canonical\" href=\"https:\/\/janze-athletisme.fr\/wordpress\/meeting-janze-athletisme-10-07-2026\/\" \/>\n<meta property=\"og:locale\" content=\"fr_FR\" \/>\n<meta property=\"og:type\" content=\"article\" \/>\n<meta property=\"og:title\" content=\"Meeting Janz\u00e9 Athl\u00e9tisme - Janz\u00e9 Athl\u00e9tisme\" \/>\n<meta property=\"og:description\" content=\"On se retrouve le vendredi 10 Juillet !\u00a0 Le Meeting de Janz\u00e9 est un rendez-vous incontournable de l\u2019athl\u00e9tisme en Ille et vilaine, organis\u00e9 par le club de Janz\u00e9 Athl\u00e9tisme, acteur majeur du d\u00e9veloppement de l\u2019athl\u00e9tisme sur le territoire. Ouvert au grand public et en entr\u00e9e gratuite, cet \u00e9v\u00e9nement sportif rassemble des athl\u00e8tes de tous horizons [&hellip;]\" \/>\n<meta property=\"og:url\" content=\"https:\/\/janze-athletisme.fr\/wordpress\/meeting-janze-athletisme-10-07-2026\/\" \/>\n<meta property=\"og:site_name\" content=\"Janz\u00e9 Athl\u00e9tisme\" \/>\n<meta property=\"article:publisher\" content=\"https:\/\/www.facebook.com\/groups\/1007964579346590\" \/>\n<meta property=\"article:modified_time\" content=\"2026-05-15T12:22:40+00:00\" \/>\n<meta name=\"twitter:card\" content=\"summary_large_image\" \/>\n<meta name=\"twitter:label1\" content=\"Dur\u00e9e de lecture estim\u00e9e\" \/>\n\t<meta name=\"twitter:data1\" content=\"3 minutes\" \/>\n<script type=\"application\/ld+json\" class=\"yoast-schema-graph\">{\"@context\":\"https:\\\/\\\/schema.org\",\"@graph\":[{\"@type\":\"WebPage\",\"@id\":\"https:\\\/\\\/janze-athletisme.fr\\\/wordpress\\\/meeting-janze-athletisme-10-07-2026\\\/\",\"url\":\"https:\\\/\\\/janze-athletisme.fr\\\/wordpress\\\/meeting-janze-athletisme-10-07-2026\\\/\",\"name\":\"Meeting Janz\u00e9 Athl\u00e9tisme - Janz\u00e9 Athl\u00e9tisme\",\"isPartOf\":{\"@id\":\"https:\\\/\\\/janze-athletisme.fr\\\/wordpress\\\/#website\"},\"datePublished\":\"2025-06-10T19:53:30+00:00\",\"dateModified\":\"2026-05-15T12:22:40+00:00\",\"breadcrumb\":{\"@id\":\"https:\\\/\\\/janze-athletisme.fr\\\/wordpress\\\/meeting-janze-athletisme-10-07-2026\\\/#breadcrumb\"},\"inLanguage\":\"fr-FR\",\"potentialAction\":[{\"@type\":\"ReadAction\",\"target\":[\"https:\\\/\\\/janze-athletisme.fr\\\/wordpress\\\/meeting-janze-athletisme-10-07-2026\\\/\"]}]},{\"@type\":\"BreadcrumbList\",\"@id\":\"https:\\\/\\\/janze-athletisme.fr\\\/wordpress\\\/meeting-janze-athletisme-10-07-2026\\\/#breadcrumb\",\"itemListElement\":[{\"@type\":\"ListItem\",\"position\":1,\"name\":\"Accueil\",\"item\":\"https:\\\/\\\/janze-athletisme.fr\\\/wordpress\\\/\"},{\"@type\":\"ListItem\",\"position\":2,\"name\":\"Meeting Janz\u00e9 Athl\u00e9tisme\"}]},{\"@type\":\"WebSite\",\"@id\":\"https:\\\/\\\/janze-athletisme.fr\\\/wordpress\\\/#website\",\"url\":\"https:\\\/\\\/janze-athletisme.fr\\\/wordpress\\\/\",\"name\":\"Janz\u00e9 Athl\u00e9tisme\",\"description\":\"Pays de La Roche aux F\u00e9es\",\"publisher\":{\"@id\":\"https:\\\/\\\/janze-athletisme.fr\\\/wordpress\\\/#organization\"},\"potentialAction\":[{\"@type\":\"SearchAction\",\"target\":{\"@type\":\"EntryPoint\",\"urlTemplate\":\"https:\\\/\\\/janze-athletisme.fr\\\/wordpress\\\/?s={search_term_string}\"},\"query-input\":{\"@type\":\"PropertyValueSpecification\",\"valueRequired\":true,\"valueName\":\"search_term_string\"}}],\"inLanguage\":\"fr-FR\"},{\"@type\":\"Organization\",\"@id\":\"https:\\\/\\\/janze-athletisme.fr\\\/wordpress\\\/#organization\",\"name\":\"Janz\u00e9 Athl\u00e9tisme\",\"url\":\"https:\\\/\\\/janze-athletisme.fr\\\/wordpress\\\/\",\"logo\":{\"@type\":\"ImageObject\",\"inLanguage\":\"fr-FR\",\"@id\":\"https:\\\/\\\/janze-athletisme.fr\\\/wordpress\\\/#\\\/schema\\\/logo\\\/image\\\/\",\"url\":\"https:\\\/\\\/janze-athletisme.fr\\\/wordpress\\\/wp-content\\\/uploads\\\/2015\\\/03\\\/logo-full1.jpg\",\"contentUrl\":\"https:\\\/\\\/janze-athletisme.fr\\\/wordpress\\\/wp-content\\\/uploads\\\/2015\\\/03\\\/logo-full1.jpg\",\"width\":437,\"height\":205,\"caption\":\"Janz\u00e9 Athl\u00e9tisme\"},\"image\":{\"@id\":\"https:\\\/\\\/janze-athletisme.fr\\\/wordpress\\\/#\\\/schema\\\/logo\\\/image\\\/\"},\"sameAs\":[\"https:\\\/\\\/www.facebook.com\\\/groups\\\/1007964579346590\"]}]}<\/script>\n<!-- \/ Yoast SEO plugin. -->","yoast_head_json":{"title":"Meeting Janz\u00e9 Athl\u00e9tisme - Janz\u00e9 Athl\u00e9tisme","robots":{"index":"index","follow":"follow","max-snippet":"max-snippet:-1","max-image-preview":"max-image-preview:large","max-video-preview":"max-video-preview:-1"},"canonical":"https:\/\/janze-athletisme.fr\/wordpress\/meeting-janze-athletisme-10-07-2026\/","og_locale":"fr_FR","og_type":"article","og_title":"Meeting Janz\u00e9 Athl\u00e9tisme - Janz\u00e9 Athl\u00e9tisme","og_description":"On se retrouve le vendredi 10 Juillet !\u00a0 Le Meeting de Janz\u00e9 est un rendez-vous incontournable de l\u2019athl\u00e9tisme en Ille et vilaine, organis\u00e9 par le club de Janz\u00e9 Athl\u00e9tisme, acteur majeur du d\u00e9veloppement de l\u2019athl\u00e9tisme sur le territoire. Ouvert au grand public et en entr\u00e9e gratuite, cet \u00e9v\u00e9nement sportif rassemble des athl\u00e8tes de tous horizons [&hellip;]","og_url":"https:\/\/janze-athletisme.fr\/wordpress\/meeting-janze-athletisme-10-07-2026\/","og_site_name":"Janz\u00e9 Athl\u00e9tisme","article_publisher":"https:\/\/www.facebook.com\/groups\/1007964579346590","article_modified_time":"2026-05-15T12:22:40+00:00","twitter_card":"summary_large_image","twitter_misc":{"Dur\u00e9e de lecture estim\u00e9e":"3 minutes"},"schema":{"@context":"https:\/\/schema.org","@graph":[{"@type":"WebPage","@id":"https:\/\/janze-athletisme.fr\/wordpress\/meeting-janze-athletisme-10-07-2026\/","url":"https:\/\/janze-athletisme.fr\/wordpress\/meeting-janze-athletisme-10-07-2026\/","name":"Meeting Janz\u00e9 Athl\u00e9tisme - Janz\u00e9 Athl\u00e9tisme","isPartOf":{"@id":"https:\/\/janze-athletisme.fr\/wordpress\/#website"},"datePublished":"2025-06-10T19:53:30+00:00","dateModified":"2026-05-15T12:22:40+00:00","breadcrumb":{"@id":"https:\/\/janze-athletisme.fr\/wordpress\/meeting-janze-athletisme-10-07-2026\/#breadcrumb"},"inLanguage":"fr-FR","potentialAction":[{"@type":"ReadAction","target":["https:\/\/janze-athletisme.fr\/wordpress\/meeting-janze-athletisme-10-07-2026\/"]}]},{"@type":"BreadcrumbList","@id":"https:\/\/janze-athletisme.fr\/wordpress\/meeting-janze-athletisme-10-07-2026\/#breadcrumb","itemListElement":[{"@type":"ListItem","position":1,"name":"Accueil","item":"https:\/\/janze-athletisme.fr\/wordpress\/"},{"@type":"ListItem","position":2,"name":"Meeting Janz\u00e9 Athl\u00e9tisme"}]},{"@type":"WebSite","@id":"https:\/\/janze-athletisme.fr\/wordpress\/#website","url":"https:\/\/janze-athletisme.fr\/wordpress\/","name":"Janz\u00e9 Athl\u00e9tisme","description":"Pays de La Roche aux F\u00e9es","publisher":{"@id":"https:\/\/janze-athletisme.fr\/wordpress\/#organization"},"potentialAction":[{"@type":"SearchAction","target":{"@type":"EntryPoint","urlTemplate":"https:\/\/janze-athletisme.fr\/wordpress\/?s={search_term_string}"},"query-input":{"@type":"PropertyValueSpecification","valueRequired":true,"valueName":"search_term_string"}}],"inLanguage":"fr-FR"},{"@type":"Organization","@id":"https:\/\/janze-athletisme.fr\/wordpress\/#organization","name":"Janz\u00e9 Athl\u00e9tisme","url":"https:\/\/janze-athletisme.fr\/wordpress\/","logo":{"@type":"ImageObject","inLanguage":"fr-FR","@id":"https:\/\/janze-athletisme.fr\/wordpress\/#\/schema\/logo\/image\/","url":"https:\/\/janze-athletisme.fr\/wordpress\/wp-content\/uploads\/2015\/03\/logo-full1.jpg","contentUrl":"https:\/\/janze-athletisme.fr\/wordpress\/wp-content\/uploads\/2015\/03\/logo-full1.jpg","width":437,"height":205,"caption":"Janz\u00e9 Athl\u00e9tisme"},"image":{"@id":"https:\/\/janze-athletisme.fr\/wordpress\/#\/schema\/logo\/image\/"},"sameAs":["https:\/\/www.facebook.com\/groups\/1007964579346590"]}]}},"uagb_featured_image_src":{"full":false,"thumbnail":false,"medium":false,"medium_large":false,"large":false,"1536x1536":false,"2048x2048":false},"uagb_author_info":{"display_name":"Mathieu Henry","author_link":"https:\/\/janze-athletisme.fr\/wordpress\/author\/mhenry35150\/"},"uagb_comment_info":0,"uagb_excerpt":"On se retrouve le vendredi 10 Juillet !\u00a0 Le Meeting de Janz\u00e9 est un rendez-vous incontournable de l\u2019athl\u00e9tisme en Ille et vilaine, organis\u00e9 par le club de Janz\u00e9 Athl\u00e9tisme, acteur majeur du d\u00e9veloppement de l\u2019athl\u00e9tisme sur le territoire. Ouvert au grand public et en entr\u00e9e gratuite, cet \u00e9v\u00e9nement sportif rassemble des athl\u00e8tes de tous horizons\u2026","_links":{"self":[{"href":"https:\/\/janze-athletisme.fr\/wordpress\/wp-json\/wp\/v2\/pages\/25819","targetHints":{"allow":["GET"]}}],"collection":[{"href":"https:\/\/janze-athletisme.fr\/wordpress\/wp-json\/wp\/v2\/pages"}],"about":[{"href":"https:\/\/janze-athletisme.fr\/wordpress\/wp-json\/wp\/v2\/types\/page"}],"author":[{"embeddable":true,"href":"https:\/\/janze-athletisme.fr\/wordpress\/wp-json\/wp\/v2\/users\/11"}],"replies":[{"embeddable":true,"href":"https:\/\/janze-athletisme.fr\/wordpress\/wp-json\/wp\/v2\/comments?post=25819"}],"version-history":[{"count":10,"href":"https:\/\/janze-athletisme.fr\/wordpress\/wp-json\/wp\/v2\/pages\/25819\/revisions"}],"predecessor-version":[{"id":31712,"href":"https:\/\/janze-athletisme.fr\/wordpress\/wp-json\/wp\/v2\/pages\/25819\/revisions\/31712"}],"wp:attachment":[{"href":"https:\/\/janze-athletisme.fr\/wordpress\/wp-json\/wp\/v2\/media?parent=25819"}],"curies":[{"name":"wp","href":"https:\/\/api.w.org\/{rel}","templated":true}]}}