{"id":158,"date":"2015-03-25T23:34:32","date_gmt":"2015-03-25T22:34:32","guid":{"rendered":"http:\/\/localhost\/wordpress\/?page_id=158"},"modified":"2026-01-29T08:00:07","modified_gmt":"2026-01-29T07:00:07","slug":"competitions_records-du-club","status":"publish","type":"page","link":"https:\/\/janze-athletisme.fr\/wordpress\/competitions_records-du-club\/","title":{"rendered":"Records du club"},"content":{"rendered":"<h2 style=\"text-align: center;\">LES RECORDS DU CLUB<\/h2>\n<h2><\/h2>\n<h2><span style=\"font-size: 14pt;\">-Records du club sur Piste au 28 janvier 2026 : <a href=\"https:\/\/janze-athletisme.fr\/wordpress\/wp-content\/uploads\/2026\/01\/RECORDS-JANZE-ATHLE-sur-PISTE-au-28-janvier-2026.pdf\">Clic<\/a> <\/span><\/h2>\n<h2><span style=\"font-size: 10pt;\"><span style=\"font-size: 14pt;\">&#8211; Records de l&rsquo;EAC :<\/span> <\/span><\/h2>\n<p>Records de l&rsquo;EAC (depuis 2009) &#8211; date de la derni\u00e8re performance prise en compte : 31\/07\/25<\/p>\n<p>En gras : les records am\u00e9lior\u00e9s durant la saison pr\u00e9c\u00e9dente.<\/p>\n<table border=\"1\" cellspacing=\"1\" cellpadding=\"1\" align=\"left\">\n<thead>\n<tr>\n<th scope=\"col\"><\/th>\n<th scope=\"col\">Femmes<\/th>\n<th scope=\"col\">Hommes<\/th>\n<\/tr>\n<\/thead>\n<tbody>\n<tr>\n<th scope=\"row\">Minimes<\/th>\n<td><a href=\"https:\/\/accesson.fr\/records-mif\">MIF<\/a><\/td>\n<td><a href=\"http:\/\/accesson.fr\/records-mim\">MIM<\/a><\/td>\n<\/tr>\n<tr>\n<th scope=\"row\">Cadets<\/th>\n<td><a href=\"https:\/\/accesson.fr\/records-caf\">CAF<\/a><\/td>\n<td><a href=\"http:\/\/accesson.fr\/records-cam\">CAM<\/a><\/td>\n<\/tr>\n<tr>\n<th scope=\"row\">Juniors<\/th>\n<td><a href=\"http:\/\/accesson.fr\/records-juf\">JUF<\/a><\/td>\n<td><a href=\"http:\/\/accesson.fr\/records-jum\">JUM<\/a><\/td>\n<\/tr>\n<tr>\n<th scope=\"row\">Espoirs<\/th>\n<td><a href=\"http:\/\/accesson.fr\/records-esf\">ESF<\/a><\/td>\n<td><a href=\"http:\/\/accesson.fr\/records-esm\">ESM<\/a><\/td>\n<\/tr>\n<tr>\n<th scope=\"row\">Seniors<\/th>\n<td><a href=\"https:\/\/accesson.fr\/records-sef\">SEF<\/a><\/td>\n<td><a href=\"http:\/\/accesson.fr\/records-sem\">SEM<\/a><\/td>\n<\/tr>\n<tr>\n<th scope=\"row\">Masters<\/th>\n<td><a href=\"https:\/\/accesson.fr\/records-vef\">VEF<\/a><\/td>\n<td><a href=\"http:\/\/accesson.fr\/records-vem\">VEM<\/a><\/td>\n<\/tr>\n<tr>\n<th colspan=\"3\" scope=\"row\"><\/th>\n<\/tr>\n<tr>\n<th scope=\"row\">Relais<\/th>\n<td colspan=\"2\" rowspan=\"1\"><a href=\"https:\/\/accesson.fr\/records-relais\">Equipe<\/a><\/td>\n<\/tr>\n<tr>\n<th scope=\"row\">Interclubs<\/th>\n<td colspan=\"2\"><a href=\"https:\/\/accesson.fr\/interclubs\">Equipe<\/a><\/td>\n<\/tr>\n<\/tbody>\n<\/table>\n<h2><span style=\"font-size: 8pt;\">-Records de l&rsquo;EAC au 28 octobre 2022 : <\/span><a href=\"https:\/\/janze-athletisme.fr\/wordpress\/wp-content\/uploads\/2023\/07\/RecordEACPDF.pdf\" target=\"_blank\" rel=\"noopener noreferrer\"><span style=\"font-size: 8pt;\">Clic<\/span><\/a><\/h2>\n<h2><span style=\"font-size: 14pt;\">-1\u00e8res meilleures performances des athl\u00e8tes EAC depuis sa cr\u00e9ation en 2008 (Maj 03\/06\/25)\u00a0 : <a href=\"https:\/\/janze-athletisme.fr\/wordpress\/wp-content\/uploads\/2025\/06\/Le-big-tableau-des-records-lEAC-au-31-MAI-2025.pdf\">Clic<\/a><\/span><\/h2>\n<h1><\/h1>\n<h1 style=\"text-align: center;\"><strong><span style=\"text-decoration: underline;\"><span style=\"color: #000080; text-decoration: underline;\"><span style=\"font-family: comic sans ms, sans-serif; color: #800000; text-decoration: underline;\">Records Hors-stade (courses labellis\u00e9es)<\/span><\/span><\/span><em><span style=\"text-decoration: underline;\"><span style=\"color: #000080; text-decoration: underline;\"><br \/>\n<\/span><\/span><\/em><\/strong><\/h1>\n<table style=\"border-collapse: collapse; width: 100%; height: 434px;\">\n<tbody>\n<tr style=\"height: 46px;\">\n<td style=\"width: 30.473%; text-align: center; height: 46px;\"><\/td>\n<td style=\"width: 20.4732%; text-align: center; height: 46px;\">\n<h4><span style=\"background-color: #ff9900; color: #000000; font-family: comic sans ms, sans-serif;\"><strong>Athl\u00e8te<\/strong><\/span><\/h4>\n<\/td>\n<td style=\"width: 15.7329%; text-align: center; height: 46px;\">\n<h4><span style=\"background-color: #ff9900; color: #000000; font-family: comic sans ms, sans-serif;\"><strong>Lieu<\/strong><\/span><\/h4>\n<\/td>\n<td style=\"width: 17.0315%; text-align: center; height: 46px;\">\n<h4><span style=\"background-color: #ff9900; color: #000000; font-family: comic sans ms, sans-serif;\"><strong>Date<\/strong><\/span><\/h4>\n<\/td>\n<td style=\"width: 16.2894%; text-align: center; height: 46px;\">\n<h4><span style=\"background-color: #ff9900; color: #000000; font-family: comic sans ms, sans-serif;\"><strong>Chrono<\/strong><\/span><\/h4>\n<\/td>\n<\/tr>\n<tr style=\"height: 46px;\">\n<td style=\"width: 30.473%; text-align: center; height: 46px;\">\n<h4><span style=\"color: #000000; background-color: #ff9900; font-family: comic sans ms, sans-serif;\">5km homme<br \/>\n<\/span><\/h4>\n<\/td>\n<td style=\"width: 20.4732%; text-align: center; height: 46px;\"><span style=\"background-color: #ffffff; color: #800000; font-size: 14pt; font-family: comic sans ms, sans-serif;\"><strong>Basile Chevrel<br \/>\n<\/strong><\/span><\/td>\n<td style=\"width: 15.7329%; text-align: center; height: 46px;\"><span style=\"color: #000000; background-color: #ffffff; font-family: comic sans ms, sans-serif;\"><strong>Vannes<\/strong><\/span><\/td>\n<td style=\"width: 17.0315%; text-align: center; height: 46px;\"><span style=\"color: #000000; background-color: #ffffff; font-family: comic sans ms, sans-serif;\"><strong>14\/09\/2024<\/strong><\/span><\/td>\n<td style=\"width: 16.2894%; text-align: center; height: 46px;\"><span style=\"color: #ff0000; background-color: #ffffff; font-family: comic sans ms, sans-serif;\"><strong>15&rsquo;14<\/strong><\/span><\/td>\n<\/tr>\n<tr style=\"height: 46px;\">\n<td style=\"width: 30.473%; text-align: center; height: 46px;\">\n<h4><span style=\"color: #000000; background-color: #ff9900; font-family: comic sans ms, sans-serif;\">5km femme<\/span><\/h4>\n<\/td>\n<td style=\"width: 20.4732%; text-align: center; height: 46px;\"><span style=\"background-color: #ffffff; color: #800000; font-size: 14pt; font-family: comic sans ms, sans-serif;\"><strong>Lou Gaspais<br \/>\n<\/strong><\/span><\/td>\n<td style=\"width: 15.7329%; text-align: center; height: 46px;\"><span style=\"background-color: #ffffff; color: #000000; font-family: comic sans ms, sans-serif;\"><strong>Rennes<\/strong><\/span><\/td>\n<td style=\"width: 17.0315%; text-align: center; height: 46px;\"><span style=\"background-color: #ffffff; color: #000000; font-family: comic sans ms, sans-serif;\"><strong>13\/10\/2024<\/strong><\/span><\/td>\n<td style=\"width: 16.2894%; text-align: center; height: 46px;\"><span style=\"background-color: #ffffff; color: #ff0000; font-family: comic sans ms, sans-serif;\"><strong>18&rsquo;22<\/strong><\/span><\/td>\n<\/tr>\n<tr style=\"height: 46px;\">\n<td style=\"width: 30.473%; text-align: center; height: 46px;\">\n<h4><span style=\"color: #000000; background-color: #ff9900; font-family: comic sans ms, sans-serif;\">10km homme<\/span><\/h4>\n<\/td>\n<td style=\"width: 20.4732%; text-align: center; height: 46px;\"><span style=\"background-color: #ffffff; color: #800000; font-size: 14pt; font-family: comic sans ms, sans-serif;\"><strong>Basile Chevrel<br \/>\n<\/strong><\/span><\/td>\n<td style=\"width: 15.7329%; text-align: center; height: 46px;\"><span style=\"background-color: #ffffff; color: #000000; font-family: comic sans ms, sans-serif;\"><strong>St Gr\u00e9goire<br \/>\n<\/strong><\/span><\/td>\n<td style=\"width: 17.0315%; text-align: center; height: 46px;\"><span style=\"background-color: #ffffff; color: #000000; font-family: comic sans ms, sans-serif;\"><strong>19\/01\/2025<\/strong><\/span><\/td>\n<td style=\"width: 16.2894%; text-align: center; height: 46px;\"><span style=\"background-color: #ffffff; color: #ff0000; font-family: comic sans ms, sans-serif;\"><strong>30&rsquo;53<\/strong><\/span><\/td>\n<\/tr>\n<tr style=\"height: 50px;\">\n<td style=\"width: 30.473%; text-align: center; height: 50px;\">\n<h4><span style=\"background-color: #ff9900; color: #000000; font-family: comic sans ms, sans-serif;\">10km femme<br \/>\n<\/span><\/h4>\n<\/td>\n<td style=\"width: 20.4732%; text-align: center; height: 50px;\"><span style=\"background-color: #ffffff; color: #800000; font-size: 14pt; font-family: comic sans ms, sans-serif;\"><strong>Lou Gaspais<br \/>\n<\/strong><\/span><\/td>\n<td style=\"width: 15.7329%; text-align: center; height: 50px;\"><span style=\"background-color: #ffffff; color: #000000; font-family: comic sans ms, sans-serif;\"><strong>Rennes<\/strong><\/span><\/td>\n<td style=\"width: 17.0315%; text-align: center; height: 50px;\"><span style=\"background-color: #ffffff; color: #000000; font-family: comic sans ms, sans-serif;\"><strong>25\/10\/2025<\/strong><\/span><\/td>\n<td style=\"width: 16.2894%; text-align: center; height: 50px;\"><span style=\"background-color: #ffffff; color: #ff0000; font-family: comic sans ms, sans-serif;\"><strong>39&rsquo;02<\/strong><\/span><\/td>\n<\/tr>\n<tr style=\"height: 50px;\">\n<td style=\"width: 30.473%; text-align: center; height: 50px;\">\n<h4><span style=\"background-color: #ff9900; color: #000000; font-family: comic sans ms, sans-serif;\">Semi-marathon homme<\/span><\/h4>\n<\/td>\n<td style=\"width: 20.4732%; text-align: center; height: 50px;\"><span style=\"background-color: #ffffff; color: #800000; font-size: 14pt; font-family: comic sans ms, sans-serif;\"><strong>Didier Legay<\/strong><\/span><\/td>\n<td style=\"width: 15.7329%; text-align: center; height: 50px;\"><span style=\"background-color: #ffffff; color: #000000; font-family: comic sans ms, sans-serif;\"><strong>Rennes<\/strong><\/span><\/td>\n<td style=\"width: 17.0315%; text-align: center; height: 50px;\"><span style=\"background-color: #ffffff; color: #000000; font-family: comic sans ms, sans-serif;\"><strong>15\/10\/2006<\/strong><\/span><\/td>\n<td style=\"width: 16.2894%; text-align: center; height: 50px;\"><span style=\"background-color: #ffffff; color: #ff0000; font-family: comic sans ms, sans-serif;\"><strong>1h11&rsquo;58<\/strong><\/span><\/td>\n<\/tr>\n<tr style=\"height: 50px;\">\n<td style=\"width: 30.473%; text-align: center; height: 50px;\">\n<h4><span style=\"background-color: #ff9900; color: #000000; font-family: comic sans ms, sans-serif;\">Semi-marathon femme<\/span><\/h4>\n<\/td>\n<td style=\"width: 20.4732%; text-align: center; height: 50px;\"><span style=\"color: #800000; background-color: #ffffff; font-size: 14pt; font-family: comic sans ms, sans-serif;\"><strong>Maryse Veyer<br \/>\n<\/strong><\/span><\/td>\n<td style=\"width: 15.7329%; text-align: center; height: 50px;\"><span style=\"color: #000000; background-color: #ffffff; font-family: comic sans ms, sans-serif;\"><strong>Rennes<\/strong><\/span><\/td>\n<td style=\"width: 17.0315%; text-align: center; height: 50px;\"><span style=\"color: #000000; background-color: #ffffff; font-family: comic sans ms, sans-serif;\"><strong>13\/10\/2019<\/strong><\/span><\/td>\n<td style=\"width: 16.2894%; text-align: center; height: 50px;\"><span style=\"color: #ff0000; background-color: #ffffff; font-family: comic sans ms, sans-serif;\"><strong>1h24&rsquo;59<\/strong><\/span><\/td>\n<\/tr>\n<tr style=\"height: 50px;\">\n<td style=\"width: 30.473%; text-align: center; height: 50px;\">\n<h4><span style=\"background-color: #ff9900; color: #000000; font-family: comic sans ms, sans-serif;\">Marathon homme<\/span><\/h4>\n<\/td>\n<td style=\"width: 20.4732%; text-align: center; height: 50px;\"><span style=\"background-color: #ffffff; color: #800000; font-size: 14pt; font-family: comic sans ms, sans-serif;\"><strong>Didier Legay<\/strong><\/span><\/td>\n<td style=\"width: 15.7329%; text-align: center; height: 50px;\"><span style=\"background-color: #ffffff; color: #000000; font-family: comic sans ms, sans-serif;\"><strong>Vannes<\/strong><\/span><\/td>\n<td style=\"width: 17.0315%; text-align: center; height: 50px;\"><span style=\"background-color: #ffffff; color: #000000; font-family: comic sans ms, sans-serif;\"><strong>19\/10\/2008<\/strong><\/span><\/td>\n<td style=\"width: 16.2894%; text-align: center; height: 50px;\"><span style=\"background-color: #ffffff; color: #ff0000; font-family: comic sans ms, sans-serif;\"><strong>2h34&rsquo;50<\/strong><\/span><\/td>\n<\/tr>\n<tr style=\"height: 50px;\">\n<td style=\"width: 30.473%; text-align: center; height: 50px;\">\n<h4><span style=\"background-color: #ff9900; color: #000000; font-family: comic sans ms, sans-serif;\">Marathon femme<\/span><\/h4>\n<\/td>\n<td style=\"width: 20.4732%; text-align: center; height: 50px;\"><span style=\"color: #800000; background-color: #ffffff; font-size: 14pt; font-family: comic sans ms, sans-serif;\"><strong>Maryse Veyer<br \/>\n<\/strong><\/span><\/td>\n<td style=\"width: 15.7329%; text-align: center; height: 50px;\"><span style=\"color: #000000; background-color: #ffffff; font-family: comic sans ms, sans-serif;\"><strong>Rennes<\/strong><\/span><\/td>\n<td style=\"width: 17.0315%; text-align: center; height: 50px;\"><span style=\"color: #000000; background-color: #ffffff; font-family: comic sans ms, sans-serif;\"><strong>24\/10\/2021<\/strong><\/span><\/td>\n<td style=\"width: 16.2894%; text-align: center; height: 50px;\"><span style=\"color: #ff0000; background-color: #ffffff; font-family: comic sans ms, sans-serif;\"><strong>3h05&rsquo;51<\/strong><\/span><\/td>\n<\/tr>\n<\/tbody>\n<\/table>\n<h2 style=\"text-align: center;\"><\/h2>\n","protected":false},"excerpt":{"rendered":"<p>LES RECORDS DU CLUB -Records du club sur Piste au 28 janvier 2026 : Clic &#8211; Records de l&rsquo;EAC : Records de l&rsquo;EAC (depuis 2009) &#8211; date de la derni\u00e8re performance prise en compte : 31\/07\/25 En gras : les records am\u00e9lior\u00e9s durant la saison pr\u00e9c\u00e9dente. Femmes Hommes Minimes MIF MIM Cadets CAF CAM Juniors [&hellip;]<\/p>\n","protected":false},"author":3,"featured_media":0,"parent":0,"menu_order":0,"comment_status":"closed","ping_status":"closed","template":"","meta":{"_uag_custom_page_level_css":"","site-sidebar-layout":"default","site-content-layout":"default","ast-site-content-layout":"default","site-content-style":"default","site-sidebar-style":"default","ast-global-header-display":"","ast-banner-title-visibility":"disabled","ast-main-header-display":"","ast-hfb-above-header-display":"","ast-hfb-below-header-display":"","ast-hfb-mobile-header-display":"","site-post-title":"","ast-breadcrumbs-content":"","ast-featured-img":"","footer-sml-layout":"","ast-disable-related-posts":"","theme-transparent-header-meta":"default","adv-header-id-meta":"","stick-header-meta":"","header-above-stick-meta":"","header-main-stick-meta":"","header-below-stick-meta":"","astra-migrate-meta-layouts":"set","ast-page-background-enabled":"default","ast-page-background-meta":{"desktop":{"background-color":"var(--ast-global-color-4)","background-image":"","background-repeat":"repeat","background-position":"center center","background-size":"auto","background-attachment":"scroll","background-type":"","background-media":"","overlay-type":"","overlay-color":"","overlay-opacity":"","overlay-gradient":""},"tablet":{"background-color":"","background-image":"","background-repeat":"repeat","background-position":"center center","background-size":"auto","background-attachment":"scroll","background-type":"","background-media":"","overlay-type":"","overlay-color":"","overlay-opacity":"","overlay-gradient":""},"mobile":{"background-color":"","background-image":"","background-repeat":"repeat","background-position":"center center","background-size":"auto","background-attachment":"scroll","background-type":"","background-media":"","overlay-type":"","overlay-color":"","overlay-opacity":"","overlay-gradient":""}},"ast-content-background-meta":{"desktop":{"background-color":"var(--ast-global-color-5)","background-image":"","background-repeat":"repeat","background-position":"center center","background-size":"auto","background-attachment":"scroll","background-type":"","background-media":"","overlay-type":"","overlay-color":"","overlay-opacity":"","overlay-gradient":""},"tablet":{"background-color":"var(--ast-global-color-5)","background-image":"","background-repeat":"repeat","background-position":"center center","background-size":"auto","background-attachment":"scroll","background-type":"","background-media":"","overlay-type":"","overlay-color":"","overlay-opacity":"","overlay-gradient":""},"mobile":{"background-color":"var(--ast-global-color-5)","background-image":"","background-repeat":"repeat","background-position":"center center","background-size":"auto","background-attachment":"scroll","background-type":"","background-media":"","overlay-type":"","overlay-color":"","overlay-opacity":"","overlay-gradient":""}},"footnotes":""},"class_list":["post-158","page","type-page","status-publish","hentry"],"yoast_head":"<!-- This site is optimized with the Yoast SEO plugin v27.3 - https:\/\/yoast.com\/product\/yoast-seo-wordpress\/ -->\n<title>Records du club - Janz\u00e9 Athl\u00e9tisme<\/title>\n<meta name=\"robots\" content=\"index, follow, max-snippet:-1, max-image-preview:large, max-video-preview:-1\" \/>\n<link rel=\"canonical\" href=\"https:\/\/janze-athletisme.fr\/wordpress\/competitions_records-du-club\/\" \/>\n<meta property=\"og:locale\" content=\"fr_FR\" \/>\n<meta property=\"og:type\" content=\"article\" \/>\n<meta property=\"og:title\" content=\"Records du club - Janz\u00e9 Athl\u00e9tisme\" \/>\n<meta property=\"og:description\" content=\"LES RECORDS DU CLUB -Records du club sur Piste au 28 janvier 2026 : Clic &#8211; Records de l&rsquo;EAC : Records de l&rsquo;EAC (depuis 2009) &#8211; date de la derni\u00e8re performance prise en compte : 31\/07\/25 En gras : les records am\u00e9lior\u00e9s durant la saison pr\u00e9c\u00e9dente. Femmes Hommes Minimes MIF MIM Cadets CAF CAM Juniors [&hellip;]\" \/>\n<meta property=\"og:url\" content=\"https:\/\/janze-athletisme.fr\/wordpress\/competitions_records-du-club\/\" \/>\n<meta property=\"og:site_name\" content=\"Janz\u00e9 Athl\u00e9tisme\" \/>\n<meta property=\"article:publisher\" content=\"https:\/\/www.facebook.com\/groups\/1007964579346590\" \/>\n<meta property=\"article:modified_time\" content=\"2026-01-29T07:00:07+00:00\" \/>\n<meta name=\"twitter:card\" content=\"summary_large_image\" \/>\n<meta name=\"twitter:label1\" content=\"Dur\u00e9e de lecture estim\u00e9e\" \/>\n\t<meta name=\"twitter:data1\" content=\"1 minute\" \/>\n<script type=\"application\/ld+json\" class=\"yoast-schema-graph\">{\"@context\":\"https:\\\/\\\/schema.org\",\"@graph\":[{\"@type\":\"WebPage\",\"@id\":\"https:\\\/\\\/janze-athletisme.fr\\\/wordpress\\\/competitions_records-du-club\\\/\",\"url\":\"https:\\\/\\\/janze-athletisme.fr\\\/wordpress\\\/competitions_records-du-club\\\/\",\"name\":\"Records du club - Janz\u00e9 Athl\u00e9tisme\",\"isPartOf\":{\"@id\":\"https:\\\/\\\/janze-athletisme.fr\\\/wordpress\\\/#website\"},\"datePublished\":\"2015-03-25T22:34:32+00:00\",\"dateModified\":\"2026-01-29T07:00:07+00:00\",\"breadcrumb\":{\"@id\":\"https:\\\/\\\/janze-athletisme.fr\\\/wordpress\\\/competitions_records-du-club\\\/#breadcrumb\"},\"inLanguage\":\"fr-FR\",\"potentialAction\":[{\"@type\":\"ReadAction\",\"target\":[\"https:\\\/\\\/janze-athletisme.fr\\\/wordpress\\\/competitions_records-du-club\\\/\"]}]},{\"@type\":\"BreadcrumbList\",\"@id\":\"https:\\\/\\\/janze-athletisme.fr\\\/wordpress\\\/competitions_records-du-club\\\/#breadcrumb\",\"itemListElement\":[{\"@type\":\"ListItem\",\"position\":1,\"name\":\"Accueil\",\"item\":\"https:\\\/\\\/janze-athletisme.fr\\\/wordpress\\\/\"},{\"@type\":\"ListItem\",\"position\":2,\"name\":\"Records du club\"}]},{\"@type\":\"WebSite\",\"@id\":\"https:\\\/\\\/janze-athletisme.fr\\\/wordpress\\\/#website\",\"url\":\"https:\\\/\\\/janze-athletisme.fr\\\/wordpress\\\/\",\"name\":\"Janz\u00e9 Athl\u00e9tisme\",\"description\":\"Pays de La Roche aux F\u00e9es\",\"publisher\":{\"@id\":\"https:\\\/\\\/janze-athletisme.fr\\\/wordpress\\\/#organization\"},\"potentialAction\":[{\"@type\":\"SearchAction\",\"target\":{\"@type\":\"EntryPoint\",\"urlTemplate\":\"https:\\\/\\\/janze-athletisme.fr\\\/wordpress\\\/?s={search_term_string}\"},\"query-input\":{\"@type\":\"PropertyValueSpecification\",\"valueRequired\":true,\"valueName\":\"search_term_string\"}}],\"inLanguage\":\"fr-FR\"},{\"@type\":\"Organization\",\"@id\":\"https:\\\/\\\/janze-athletisme.fr\\\/wordpress\\\/#organization\",\"name\":\"Janz\u00e9 Athl\u00e9tisme\",\"url\":\"https:\\\/\\\/janze-athletisme.fr\\\/wordpress\\\/\",\"logo\":{\"@type\":\"ImageObject\",\"inLanguage\":\"fr-FR\",\"@id\":\"https:\\\/\\\/janze-athletisme.fr\\\/wordpress\\\/#\\\/schema\\\/logo\\\/image\\\/\",\"url\":\"https:\\\/\\\/janze-athletisme.fr\\\/wordpress\\\/wp-content\\\/uploads\\\/2015\\\/03\\\/logo-full1.jpg\",\"contentUrl\":\"https:\\\/\\\/janze-athletisme.fr\\\/wordpress\\\/wp-content\\\/uploads\\\/2015\\\/03\\\/logo-full1.jpg\",\"width\":437,\"height\":205,\"caption\":\"Janz\u00e9 Athl\u00e9tisme\"},\"image\":{\"@id\":\"https:\\\/\\\/janze-athletisme.fr\\\/wordpress\\\/#\\\/schema\\\/logo\\\/image\\\/\"},\"sameAs\":[\"https:\\\/\\\/www.facebook.com\\\/groups\\\/1007964579346590\"]}]}<\/script>\n<!-- \/ Yoast SEO plugin. -->","yoast_head_json":{"title":"Records du club - Janz\u00e9 Athl\u00e9tisme","robots":{"index":"index","follow":"follow","max-snippet":"max-snippet:-1","max-image-preview":"max-image-preview:large","max-video-preview":"max-video-preview:-1"},"canonical":"https:\/\/janze-athletisme.fr\/wordpress\/competitions_records-du-club\/","og_locale":"fr_FR","og_type":"article","og_title":"Records du club - Janz\u00e9 Athl\u00e9tisme","og_description":"LES RECORDS DU CLUB -Records du club sur Piste au 28 janvier 2026 : Clic &#8211; Records de l&rsquo;EAC : Records de l&rsquo;EAC (depuis 2009) &#8211; date de la derni\u00e8re performance prise en compte : 31\/07\/25 En gras : les records am\u00e9lior\u00e9s durant la saison pr\u00e9c\u00e9dente. Femmes Hommes Minimes MIF MIM Cadets CAF CAM Juniors [&hellip;]","og_url":"https:\/\/janze-athletisme.fr\/wordpress\/competitions_records-du-club\/","og_site_name":"Janz\u00e9 Athl\u00e9tisme","article_publisher":"https:\/\/www.facebook.com\/groups\/1007964579346590","article_modified_time":"2026-01-29T07:00:07+00:00","twitter_card":"summary_large_image","twitter_misc":{"Dur\u00e9e de lecture estim\u00e9e":"1 minute"},"schema":{"@context":"https:\/\/schema.org","@graph":[{"@type":"WebPage","@id":"https:\/\/janze-athletisme.fr\/wordpress\/competitions_records-du-club\/","url":"https:\/\/janze-athletisme.fr\/wordpress\/competitions_records-du-club\/","name":"Records du club - Janz\u00e9 Athl\u00e9tisme","isPartOf":{"@id":"https:\/\/janze-athletisme.fr\/wordpress\/#website"},"datePublished":"2015-03-25T22:34:32+00:00","dateModified":"2026-01-29T07:00:07+00:00","breadcrumb":{"@id":"https:\/\/janze-athletisme.fr\/wordpress\/competitions_records-du-club\/#breadcrumb"},"inLanguage":"fr-FR","potentialAction":[{"@type":"ReadAction","target":["https:\/\/janze-athletisme.fr\/wordpress\/competitions_records-du-club\/"]}]},{"@type":"BreadcrumbList","@id":"https:\/\/janze-athletisme.fr\/wordpress\/competitions_records-du-club\/#breadcrumb","itemListElement":[{"@type":"ListItem","position":1,"name":"Accueil","item":"https:\/\/janze-athletisme.fr\/wordpress\/"},{"@type":"ListItem","position":2,"name":"Records du club"}]},{"@type":"WebSite","@id":"https:\/\/janze-athletisme.fr\/wordpress\/#website","url":"https:\/\/janze-athletisme.fr\/wordpress\/","name":"Janz\u00e9 Athl\u00e9tisme","description":"Pays de La Roche aux F\u00e9es","publisher":{"@id":"https:\/\/janze-athletisme.fr\/wordpress\/#organization"},"potentialAction":[{"@type":"SearchAction","target":{"@type":"EntryPoint","urlTemplate":"https:\/\/janze-athletisme.fr\/wordpress\/?s={search_term_string}"},"query-input":{"@type":"PropertyValueSpecification","valueRequired":true,"valueName":"search_term_string"}}],"inLanguage":"fr-FR"},{"@type":"Organization","@id":"https:\/\/janze-athletisme.fr\/wordpress\/#organization","name":"Janz\u00e9 Athl\u00e9tisme","url":"https:\/\/janze-athletisme.fr\/wordpress\/","logo":{"@type":"ImageObject","inLanguage":"fr-FR","@id":"https:\/\/janze-athletisme.fr\/wordpress\/#\/schema\/logo\/image\/","url":"https:\/\/janze-athletisme.fr\/wordpress\/wp-content\/uploads\/2015\/03\/logo-full1.jpg","contentUrl":"https:\/\/janze-athletisme.fr\/wordpress\/wp-content\/uploads\/2015\/03\/logo-full1.jpg","width":437,"height":205,"caption":"Janz\u00e9 Athl\u00e9tisme"},"image":{"@id":"https:\/\/janze-athletisme.fr\/wordpress\/#\/schema\/logo\/image\/"},"sameAs":["https:\/\/www.facebook.com\/groups\/1007964579346590"]}]}},"uagb_featured_image_src":{"full":false,"thumbnail":false,"medium":false,"medium_large":false,"large":false,"1536x1536":false,"2048x2048":false},"uagb_author_info":{"display_name":"Fr\u00e9d\u00e9ric Graye","author_link":"https:\/\/janze-athletisme.fr\/wordpress\/author\/jathe_adm\/"},"uagb_comment_info":0,"uagb_excerpt":"LES RECORDS DU CLUB -Records du club sur Piste au 28 janvier 2026 : Clic &#8211; Records de l&rsquo;EAC : Records de l&rsquo;EAC (depuis 2009) &#8211; date de la derni\u00e8re performance prise en compte : 31\/07\/25 En gras : les records am\u00e9lior\u00e9s durant la saison pr\u00e9c\u00e9dente. Femmes Hommes Minimes MIF MIM Cadets CAF CAM Juniors\u2026","_links":{"self":[{"href":"https:\/\/janze-athletisme.fr\/wordpress\/wp-json\/wp\/v2\/pages\/158","targetHints":{"allow":["GET"]}}],"collection":[{"href":"https:\/\/janze-athletisme.fr\/wordpress\/wp-json\/wp\/v2\/pages"}],"about":[{"href":"https:\/\/janze-athletisme.fr\/wordpress\/wp-json\/wp\/v2\/types\/page"}],"author":[{"embeddable":true,"href":"https:\/\/janze-athletisme.fr\/wordpress\/wp-json\/wp\/v2\/users\/3"}],"replies":[{"embeddable":true,"href":"https:\/\/janze-athletisme.fr\/wordpress\/wp-json\/wp\/v2\/comments?post=158"}],"version-history":[{"count":10,"href":"https:\/\/janze-athletisme.fr\/wordpress\/wp-json\/wp\/v2\/pages\/158\/revisions"}],"predecessor-version":[{"id":29672,"href":"https:\/\/janze-athletisme.fr\/wordpress\/wp-json\/wp\/v2\/pages\/158\/revisions\/29672"}],"wp:attachment":[{"href":"https:\/\/janze-athletisme.fr\/wordpress\/wp-json\/wp\/v2\/media?parent=158"}],"curies":[{"name":"wp","href":"https:\/\/api.w.org\/{rel}","templated":true}]}}