{"id":12034,"date":"2023-02-22T22:57:04","date_gmt":"2023-02-22T21:57:04","guid":{"rendered":"https:\/\/janze-athletisme.fr\/wordpress\/?page_id=12034"},"modified":"2025-12-01T13:46:22","modified_gmt":"2025-12-01T12:46:22","slug":"les-commissions","status":"publish","type":"page","link":"https:\/\/janze-athletisme.fr\/wordpress\/les-commissions\/","title":{"rendered":"Les Commissions"},"content":{"rendered":"\r\n<p><span style=\"color: #000000;\"><strong>Pour fonctionner, notre club a besoin d&rsquo;un bureau, certes, mais aussi de ses athl\u00e8tes, de b\u00e9n\u00e9voles. Plusieurs actions, permanentes ou ponctuelles, sont partag\u00e9es avec les licenci\u00e9s volontaires afin d&rsquo;\u00e9pauler les membres du conseil d&rsquo;administration.<\/strong><\/span><\/p>\r\n<p><span style=\"color: #000000;\"><strong>Plusieurs groupes de travail existent et certaines commissions permanentes ou temporaires sont misent en place en fonction des priorit\u00e9s du club ou de certains \u00e9v\u00e8nements ponctuels. <\/strong><\/span><\/p>\r\n<p><span style=\"color: #000000;\"><strong>Vous \u00eates tous invit\u00e9s \u00e0 vous manifester si vous souhaitez donner un peu de votre temps.<\/strong><\/span><\/p>\r\n<p>&nbsp;<\/p>\r\n<h3 style=\"text-align: center;\"><span style=\"color: #800000;\"><strong>\u00a0Soyez acteur et non spectateur !<\/strong><\/span><\/h3>\r\n<p>&nbsp;<\/p>\r\n<p><span style=\"color: #000000;\"><span style=\"color: #800000;\"><strong>Commission Textiles <\/strong>:<\/span> Jean-Marie Jouzel, Christophe Bou\u00e9, Ga\u00ebtan Rocaboy<\/span><\/p>\r\n<p><strong><span style=\"color: #800000;\">Commission Mat\u00e9riel <\/span><\/strong><span style=\"color: #800000;\">:<\/span> <span style=\"color: #000000;\">Sylvain Leroux, Mathieu Henry<\/span><\/p>\r\n<p><span style=\"color: #000000;\"><span style=\"color: #800000;\"><strong>Commission Partenaires :<\/strong><\/span> Jean-Marie Jouzel, Raymond Flegeau, Luc Daubias, Jean-Paul Lepr\u00eatre<\/span><\/p>\r\n<p><span style=\"color: #000000;\"><strong><span style=\"color: #800000;\">Commission Jeunes <\/span>: <\/strong>Mathieu Henry, Rapha\u00ebl, Justine, Alice, Lucile, No\u00e9mie, Thais, Sharleen, L\u00e9a, Esteban, Maximilien<br \/><\/span><\/p>\r\n<p><span style=\"color: #800000;\"><strong>Commission Juges <\/strong>:<\/span> <span style=\"color: #000000;\">Mathieu Henry, Wilfrid Lebreton<br \/><\/span><\/p>\r\n<p><span style=\"color: #000000;\"><span style=\"color: #800000;\"><strong>Commission Communication :<\/strong><\/span> Jean-Marie Jouzel, Fr\u00e9d\u00e9ric Graye, Mathieu Henry, Ga\u00ebtan Rocaboy, Laurent Meunier, Chantal Godin, Franck Le Charpentier<br \/><\/span><\/p>\r\n<p><span style=\"color: #000000;\"><strong><span style=\"color: #800000;\">Commission Marche <\/span>:<\/strong> Yannick Bossard, Chantal Godin, Jean-Paul Botrel, Catherine Salinas, Michel Sperling, Brigitte Varagnat, Dominique Bouvier<br \/><\/span><\/p>\r\n<p><strong><span style=\"color: #000000;\"><span style=\"color: #800000;\">Commission Ronde des F\u00e9es<\/span>:<\/span><\/strong><span style=\"color: #000000;\"> Luc Daubias, Anthony Dasse, Laurence N\u00e9ron, Jean-Marie Jouzel, Erwan Josset, Franck Geslin, Raymond Flegeau, Emilie Camerola, Ludovic Maudieu<\/span><\/p>\r\n<p><span style=\"color: #800000;\"><strong>Commission Convivialit\u00e9: <\/strong><span style=\"color: #000000;\">Franck Geslin, Christophe Bou\u00e9<\/span><strong><br \/><\/strong><\/span><\/p>\r\n<p><span style=\"color: #000000;\"><span style=\"color: #800000;\"><strong>Commission Meeting :<\/strong><\/span>\u00a0 Mathieu Henry, Jean-Marie Jouzel<br \/><\/span><\/p>\r\n","protected":false},"excerpt":{"rendered":"<p>Pour fonctionner, notre club a besoin d&rsquo;un bureau, certes, mais aussi de ses athl\u00e8tes, de b\u00e9n\u00e9voles. Plusieurs actions, permanentes ou ponctuelles, sont partag\u00e9es avec les licenci\u00e9s volontaires afin d&rsquo;\u00e9pauler les membres du conseil d&rsquo;administration. Plusieurs groupes de travail existent et certaines commissions permanentes ou temporaires sont misent en place en fonction des priorit\u00e9s du club [&hellip;]<\/p>\n","protected":false},"author":3,"featured_media":0,"parent":0,"menu_order":0,"comment_status":"closed","ping_status":"closed","template":"","meta":{"_uag_custom_page_level_css":"","site-sidebar-layout":"default","site-content-layout":"","ast-site-content-layout":"default","site-content-style":"default","site-sidebar-style":"default","ast-global-header-display":"","ast-banner-title-visibility":"","ast-main-header-display":"","ast-hfb-above-header-display":"","ast-hfb-below-header-display":"","ast-hfb-mobile-header-display":"","site-post-title":"","ast-breadcrumbs-content":"","ast-featured-img":"","footer-sml-layout":"","ast-disable-related-posts":"","theme-transparent-header-meta":"default","adv-header-id-meta":"","stick-header-meta":"","header-above-stick-meta":"","header-main-stick-meta":"","header-below-stick-meta":"","astra-migrate-meta-layouts":"set","ast-page-background-enabled":"default","ast-page-background-meta":{"desktop":{"background-color":"var(--ast-global-color-4)","background-image":"","background-repeat":"repeat","background-position":"center center","background-size":"auto","background-attachment":"scroll","background-type":"","background-media":"","overlay-type":"","overlay-color":"","overlay-opacity":"","overlay-gradient":""},"tablet":{"background-color":"","background-image":"","background-repeat":"repeat","background-position":"center center","background-size":"auto","background-attachment":"scroll","background-type":"","background-media":"","overlay-type":"","overlay-color":"","overlay-opacity":"","overlay-gradient":""},"mobile":{"background-color":"","background-image":"","background-repeat":"repeat","background-position":"center center","background-size":"auto","background-attachment":"scroll","background-type":"","background-media":"","overlay-type":"","overlay-color":"","overlay-opacity":"","overlay-gradient":""}},"ast-content-background-meta":{"desktop":{"background-color":"var(--ast-global-color-5)","background-image":"","background-repeat":"repeat","background-position":"center center","background-size":"auto","background-attachment":"scroll","background-type":"","background-media":"","overlay-type":"","overlay-color":"","overlay-opacity":"","overlay-gradient":""},"tablet":{"background-color":"var(--ast-global-color-5)","background-image":"","background-repeat":"repeat","background-position":"center center","background-size":"auto","background-attachment":"scroll","background-type":"","background-media":"","overlay-type":"","overlay-color":"","overlay-opacity":"","overlay-gradient":""},"mobile":{"background-color":"var(--ast-global-color-5)","background-image":"","background-repeat":"repeat","background-position":"center center","background-size":"auto","background-attachment":"scroll","background-type":"","background-media":"","overlay-type":"","overlay-color":"","overlay-opacity":"","overlay-gradient":""}},"footnotes":""},"class_list":["post-12034","page","type-page","status-publish","hentry"],"yoast_head":"<!-- This site is optimized with the Yoast SEO plugin v27.4 - https:\/\/yoast.com\/product\/yoast-seo-wordpress\/ -->\n<title>Les Commissions - Janz\u00e9 Athl\u00e9tisme<\/title>\n<meta name=\"robots\" content=\"index, follow, max-snippet:-1, max-image-preview:large, max-video-preview:-1\" \/>\n<link rel=\"canonical\" href=\"https:\/\/janze-athletisme.fr\/wordpress\/les-commissions\/\" \/>\n<meta property=\"og:locale\" content=\"fr_FR\" \/>\n<meta property=\"og:type\" content=\"article\" \/>\n<meta property=\"og:title\" content=\"Les Commissions - Janz\u00e9 Athl\u00e9tisme\" \/>\n<meta property=\"og:description\" content=\"Pour fonctionner, notre club a besoin d&rsquo;un bureau, certes, mais aussi de ses athl\u00e8tes, de b\u00e9n\u00e9voles. Plusieurs actions, permanentes ou ponctuelles, sont partag\u00e9es avec les licenci\u00e9s volontaires afin d&rsquo;\u00e9pauler les membres du conseil d&rsquo;administration. Plusieurs groupes de travail existent et certaines commissions permanentes ou temporaires sont misent en place en fonction des priorit\u00e9s du club [&hellip;]\" \/>\n<meta property=\"og:url\" content=\"https:\/\/janze-athletisme.fr\/wordpress\/les-commissions\/\" \/>\n<meta property=\"og:site_name\" content=\"Janz\u00e9 Athl\u00e9tisme\" \/>\n<meta property=\"article:publisher\" content=\"https:\/\/www.facebook.com\/groups\/1007964579346590\" \/>\n<meta property=\"article:modified_time\" content=\"2025-12-01T12:46:22+00:00\" \/>\n<meta name=\"twitter:card\" content=\"summary_large_image\" \/>\n<meta name=\"twitter:label1\" content=\"Dur\u00e9e de lecture estim\u00e9e\" \/>\n\t<meta name=\"twitter:data1\" content=\"1 minute\" \/>\n<script type=\"application\/ld+json\" class=\"yoast-schema-graph\">{\"@context\":\"https:\\\/\\\/schema.org\",\"@graph\":[{\"@type\":\"WebPage\",\"@id\":\"https:\\\/\\\/janze-athletisme.fr\\\/wordpress\\\/les-commissions\\\/\",\"url\":\"https:\\\/\\\/janze-athletisme.fr\\\/wordpress\\\/les-commissions\\\/\",\"name\":\"Les Commissions - Janz\u00e9 Athl\u00e9tisme\",\"isPartOf\":{\"@id\":\"https:\\\/\\\/janze-athletisme.fr\\\/wordpress\\\/#website\"},\"datePublished\":\"2023-02-22T21:57:04+00:00\",\"dateModified\":\"2025-12-01T12:46:22+00:00\",\"breadcrumb\":{\"@id\":\"https:\\\/\\\/janze-athletisme.fr\\\/wordpress\\\/les-commissions\\\/#breadcrumb\"},\"inLanguage\":\"fr-FR\",\"potentialAction\":[{\"@type\":\"ReadAction\",\"target\":[\"https:\\\/\\\/janze-athletisme.fr\\\/wordpress\\\/les-commissions\\\/\"]}]},{\"@type\":\"BreadcrumbList\",\"@id\":\"https:\\\/\\\/janze-athletisme.fr\\\/wordpress\\\/les-commissions\\\/#breadcrumb\",\"itemListElement\":[{\"@type\":\"ListItem\",\"position\":1,\"name\":\"Accueil\",\"item\":\"https:\\\/\\\/janze-athletisme.fr\\\/wordpress\\\/\"},{\"@type\":\"ListItem\",\"position\":2,\"name\":\"Les Commissions\"}]},{\"@type\":\"WebSite\",\"@id\":\"https:\\\/\\\/janze-athletisme.fr\\\/wordpress\\\/#website\",\"url\":\"https:\\\/\\\/janze-athletisme.fr\\\/wordpress\\\/\",\"name\":\"Janz\u00e9 Athl\u00e9tisme\",\"description\":\"Pays de La Roche aux F\u00e9es\",\"publisher\":{\"@id\":\"https:\\\/\\\/janze-athletisme.fr\\\/wordpress\\\/#organization\"},\"potentialAction\":[{\"@type\":\"SearchAction\",\"target\":{\"@type\":\"EntryPoint\",\"urlTemplate\":\"https:\\\/\\\/janze-athletisme.fr\\\/wordpress\\\/?s={search_term_string}\"},\"query-input\":{\"@type\":\"PropertyValueSpecification\",\"valueRequired\":true,\"valueName\":\"search_term_string\"}}],\"inLanguage\":\"fr-FR\"},{\"@type\":\"Organization\",\"@id\":\"https:\\\/\\\/janze-athletisme.fr\\\/wordpress\\\/#organization\",\"name\":\"Janz\u00e9 Athl\u00e9tisme\",\"url\":\"https:\\\/\\\/janze-athletisme.fr\\\/wordpress\\\/\",\"logo\":{\"@type\":\"ImageObject\",\"inLanguage\":\"fr-FR\",\"@id\":\"https:\\\/\\\/janze-athletisme.fr\\\/wordpress\\\/#\\\/schema\\\/logo\\\/image\\\/\",\"url\":\"https:\\\/\\\/janze-athletisme.fr\\\/wordpress\\\/wp-content\\\/uploads\\\/2015\\\/03\\\/logo-full1.jpg\",\"contentUrl\":\"https:\\\/\\\/janze-athletisme.fr\\\/wordpress\\\/wp-content\\\/uploads\\\/2015\\\/03\\\/logo-full1.jpg\",\"width\":437,\"height\":205,\"caption\":\"Janz\u00e9 Athl\u00e9tisme\"},\"image\":{\"@id\":\"https:\\\/\\\/janze-athletisme.fr\\\/wordpress\\\/#\\\/schema\\\/logo\\\/image\\\/\"},\"sameAs\":[\"https:\\\/\\\/www.facebook.com\\\/groups\\\/1007964579346590\"]}]}<\/script>\n<!-- \/ Yoast SEO plugin. -->","yoast_head_json":{"title":"Les Commissions - Janz\u00e9 Athl\u00e9tisme","robots":{"index":"index","follow":"follow","max-snippet":"max-snippet:-1","max-image-preview":"max-image-preview:large","max-video-preview":"max-video-preview:-1"},"canonical":"https:\/\/janze-athletisme.fr\/wordpress\/les-commissions\/","og_locale":"fr_FR","og_type":"article","og_title":"Les Commissions - Janz\u00e9 Athl\u00e9tisme","og_description":"Pour fonctionner, notre club a besoin d&rsquo;un bureau, certes, mais aussi de ses athl\u00e8tes, de b\u00e9n\u00e9voles. Plusieurs actions, permanentes ou ponctuelles, sont partag\u00e9es avec les licenci\u00e9s volontaires afin d&rsquo;\u00e9pauler les membres du conseil d&rsquo;administration. Plusieurs groupes de travail existent et certaines commissions permanentes ou temporaires sont misent en place en fonction des priorit\u00e9s du club [&hellip;]","og_url":"https:\/\/janze-athletisme.fr\/wordpress\/les-commissions\/","og_site_name":"Janz\u00e9 Athl\u00e9tisme","article_publisher":"https:\/\/www.facebook.com\/groups\/1007964579346590","article_modified_time":"2025-12-01T12:46:22+00:00","twitter_card":"summary_large_image","twitter_misc":{"Dur\u00e9e de lecture estim\u00e9e":"1 minute"},"schema":{"@context":"https:\/\/schema.org","@graph":[{"@type":"WebPage","@id":"https:\/\/janze-athletisme.fr\/wordpress\/les-commissions\/","url":"https:\/\/janze-athletisme.fr\/wordpress\/les-commissions\/","name":"Les Commissions - Janz\u00e9 Athl\u00e9tisme","isPartOf":{"@id":"https:\/\/janze-athletisme.fr\/wordpress\/#website"},"datePublished":"2023-02-22T21:57:04+00:00","dateModified":"2025-12-01T12:46:22+00:00","breadcrumb":{"@id":"https:\/\/janze-athletisme.fr\/wordpress\/les-commissions\/#breadcrumb"},"inLanguage":"fr-FR","potentialAction":[{"@type":"ReadAction","target":["https:\/\/janze-athletisme.fr\/wordpress\/les-commissions\/"]}]},{"@type":"BreadcrumbList","@id":"https:\/\/janze-athletisme.fr\/wordpress\/les-commissions\/#breadcrumb","itemListElement":[{"@type":"ListItem","position":1,"name":"Accueil","item":"https:\/\/janze-athletisme.fr\/wordpress\/"},{"@type":"ListItem","position":2,"name":"Les Commissions"}]},{"@type":"WebSite","@id":"https:\/\/janze-athletisme.fr\/wordpress\/#website","url":"https:\/\/janze-athletisme.fr\/wordpress\/","name":"Janz\u00e9 Athl\u00e9tisme","description":"Pays de La Roche aux F\u00e9es","publisher":{"@id":"https:\/\/janze-athletisme.fr\/wordpress\/#organization"},"potentialAction":[{"@type":"SearchAction","target":{"@type":"EntryPoint","urlTemplate":"https:\/\/janze-athletisme.fr\/wordpress\/?s={search_term_string}"},"query-input":{"@type":"PropertyValueSpecification","valueRequired":true,"valueName":"search_term_string"}}],"inLanguage":"fr-FR"},{"@type":"Organization","@id":"https:\/\/janze-athletisme.fr\/wordpress\/#organization","name":"Janz\u00e9 Athl\u00e9tisme","url":"https:\/\/janze-athletisme.fr\/wordpress\/","logo":{"@type":"ImageObject","inLanguage":"fr-FR","@id":"https:\/\/janze-athletisme.fr\/wordpress\/#\/schema\/logo\/image\/","url":"https:\/\/janze-athletisme.fr\/wordpress\/wp-content\/uploads\/2015\/03\/logo-full1.jpg","contentUrl":"https:\/\/janze-athletisme.fr\/wordpress\/wp-content\/uploads\/2015\/03\/logo-full1.jpg","width":437,"height":205,"caption":"Janz\u00e9 Athl\u00e9tisme"},"image":{"@id":"https:\/\/janze-athletisme.fr\/wordpress\/#\/schema\/logo\/image\/"},"sameAs":["https:\/\/www.facebook.com\/groups\/1007964579346590"]}]}},"uagb_featured_image_src":{"full":false,"thumbnail":false,"medium":false,"medium_large":false,"large":false,"1536x1536":false,"2048x2048":false},"uagb_author_info":{"display_name":"Fr\u00e9d\u00e9ric Graye","author_link":"https:\/\/janze-athletisme.fr\/wordpress\/author\/jathe_adm\/"},"uagb_comment_info":0,"uagb_excerpt":"Pour fonctionner, notre club a besoin d&rsquo;un bureau, certes, mais aussi de ses athl\u00e8tes, de b\u00e9n\u00e9voles. Plusieurs actions, permanentes ou ponctuelles, sont partag\u00e9es avec les licenci\u00e9s volontaires afin d&rsquo;\u00e9pauler les membres du conseil d&rsquo;administration. Plusieurs groupes de travail existent et certaines commissions permanentes ou temporaires sont misent en place en fonction des priorit\u00e9s du club\u2026","_links":{"self":[{"href":"https:\/\/janze-athletisme.fr\/wordpress\/wp-json\/wp\/v2\/pages\/12034","targetHints":{"allow":["GET"]}}],"collection":[{"href":"https:\/\/janze-athletisme.fr\/wordpress\/wp-json\/wp\/v2\/pages"}],"about":[{"href":"https:\/\/janze-athletisme.fr\/wordpress\/wp-json\/wp\/v2\/types\/page"}],"author":[{"embeddable":true,"href":"https:\/\/janze-athletisme.fr\/wordpress\/wp-json\/wp\/v2\/users\/3"}],"replies":[{"embeddable":true,"href":"https:\/\/janze-athletisme.fr\/wordpress\/wp-json\/wp\/v2\/comments?post=12034"}],"version-history":[{"count":10,"href":"https:\/\/janze-athletisme.fr\/wordpress\/wp-json\/wp\/v2\/pages\/12034\/revisions"}],"predecessor-version":[{"id":28569,"href":"https:\/\/janze-athletisme.fr\/wordpress\/wp-json\/wp\/v2\/pages\/12034\/revisions\/28569"}],"wp:attachment":[{"href":"https:\/\/janze-athletisme.fr\/wordpress\/wp-json\/wp\/v2\/media?parent=12034"}],"curies":[{"name":"wp","href":"https:\/\/api.w.org\/{rel}","templated":true}]}}