{"id":11595,"date":"2023-01-24T21:49:25","date_gmt":"2023-01-24T20:49:25","guid":{"rendered":"https:\/\/janze-athletisme.fr\/wordpress\/?page_id=11595"},"modified":"2025-11-08T18:03:20","modified_gmt":"2025-11-08T17:03:20","slug":"les-juges","status":"publish","type":"page","link":"https:\/\/janze-athletisme.fr\/wordpress\/les-juges\/","title":{"rendered":"Les juges"},"content":{"rendered":"\n<h1 style=\"text-align: center;\"><span style=\"color: #800000;\"><strong>Les juges<\/strong><\/span><\/h1>\n<p>\u00a0<\/p>\n<p><span style=\"color: #000000;\"><strong>Ils sont indispensables au bon d\u00e9roulement d\u2019une comp\u00e9tition, merci \u00e0 eux pour leur engagement et leur disponibilit\u00e9.<\/strong><\/span><\/p>\n<p><span style=\"color: #000000;\"><strong> Si vous aussi \u00eates int\u00e9ress\u00e9 ou avez des questions sur la formation, n\u2019h\u00e9sitez pas \u00e0 nous contacter:<\/strong><\/span><strong> <a href=\"https:\/\/janze-athletisme.fr\/wordpress\/les-juges\/janze.athletisme@gmail.com\"><span style=\"color: #ff0000;\">janze.athletisme@gmail.com<\/span><\/a><\/strong><\/p>\n<table style=\"width: 90.8974%; height: 838px;\" width=\"93%\">\n<tbody>\n<tr style=\"height: 70px;\">\n<td style=\"width: 31.0241%; height: 70px;\" width=\"31%\">\n<p><strong><span style=\"color: #000000;\">Sophie Vilay<\/span><\/strong><\/p>\n<\/td>\n<td style=\"width: 33.0321%; height: 70px;\" width=\"33%\">\n<p><span style=\"color: #000000;\">Juge lancers r\u00e9gional<\/span><\/p>\n<\/td>\n<td style=\"width: 34.9398%; height: 70px;\">\n<p>\u00a0<\/p>\n<\/td>\n<\/tr>\n<tr style=\"height: 70px;\">\n<td style=\"width: 31.0241%; height: 70px;\" width=\"31%\">\n<p><strong><span style=\"color: #000000;\">Val\u00e9rie Le Dorven<\/span><\/strong><\/p>\n<\/td>\n<td style=\"width: 33.0321%; height: 70px;\" width=\"33%\">\n<p><span style=\"color: #000000;\">Juge sauts r\u00e9gional<\/span><\/p>\n<\/td>\n<td style=\"width: 34.9398%; height: 70px;\">\n<p>\u00a0<\/p>\n<\/td>\n<\/tr>\n<tr style=\"height: 70px;\">\n<td style=\"width: 31.0241%; height: 70px;\">\n<p><strong><span style=\"color: #000000;\">Sandrine L\u00e9v\u00eaque<\/span><\/strong><\/p>\n<\/td>\n<td style=\"width: 33.0321%; height: 70px;\">\n<p><span style=\"color: #000000;\">Juge sauts r\u00e9gional<\/span><\/p>\n<\/td>\n<td style=\"height: 70px; width: 34.9398%;\" width=\"35%\">\n<p>\u00a0<\/p>\n<\/td>\n<\/tr>\n<tr style=\"height: 70px;\">\n<td style=\"width: 31.0241%; height: 70px;\">\n<p><strong><span style=\"color: #000000;\">Mathieu<\/span><span style=\"color: #000000;\"> Henry<\/span><span style=\"color: #000000;\"><br \/><\/span><\/strong><\/p>\n<\/td>\n<td style=\"width: 33.0321%; height: 70px;\">\n<p><span style=\"color: #000000;\">Juge courses r\u00e9gional<\/span><\/p>\n<\/td>\n<td style=\"width: 34.9398%; height: 70px;\">\n<p>\u00a0<\/p>\n<\/td>\n<\/tr>\n<tr style=\"height: 70px;\">\n<td style=\"height: 70px; width: 31.0241%;\" width=\"31%\">\n<p><strong><span style=\"color: #000000;\">Wilfrid<\/span><span style=\"color: #000000;\"> Lebreton<\/span><\/strong><\/p>\n<\/td>\n<td style=\"height: 70px; width: 33.0321%;\" width=\"33%\">\n<p><span style=\"color: #000000;\">juge chronom\u00e9treur r\u00e9gional<\/span><\/p>\n<\/td>\n<td style=\"height: 70px; width: 34.9398%;\" width=\"35%\">\n<p>\u00a0<\/p>\n<\/td>\n<\/tr>\n<tr style=\"height: 70px;\">\n<td style=\"height: 70px; width: 31.0241%;\" width=\"31%\">\n<p><strong><span style=\"color: #000000;\">Lo\u00efc<\/span><span style=\"color: #000000;\"> Someil<\/span><\/strong><\/p>\n<\/td>\n<td style=\"height: 70px; width: 33.0321%;\" width=\"33%\">\n<p><span style=\"color: #000000;\">juge lancers r\u00e9gional<\/span><\/p>\n<\/td>\n<td style=\"height: 70px; width: 34.9398%;\" width=\"35%\">\n<p>\u00a0<\/p>\n<\/td>\n<\/tr>\n<tr style=\"height: 70px;\">\n<td style=\"width: 31.0241%; height: 70px;\"><strong><span style=\"color: #000000;\">Emmanuel Estevon<\/span><\/strong><\/td>\n<td style=\"width: 33.0321%; height: 70px;\">\n<p><span style=\"color: #000000;\">juge lancers f\u00e9d\u00e9ral<\/span><\/p>\n<\/td>\n<td style=\"width: 34.9398%; height: 70px;\">\n<p>\u00a0<\/p>\n<\/td>\n<\/tr>\n<tr style=\"height: 70px;\">\n<td style=\"height: 70px; width: 31.0241%;\" width=\"31%\">\n<p><strong><span style=\"color: #000000;\">Christelle Estevon<\/span><\/strong><\/p>\n<\/td>\n<td style=\"height: 70px; width: 33.0321%;\" width=\"33%\">\n<p><span style=\"color: #000000;\">juge lancers r\u00e9gional<\/span><\/p>\n<\/td>\n<td style=\"height: 70px; width: 34.9398%;\" width=\"35%\">\n<p>\u00a0<\/p>\n<\/td>\n<\/tr>\n<tr style=\"height: 70px;\">\n<td style=\"height: 70px; width: 31.0241%;\" width=\"31%\">\n<p><strong><span style=\"color: #000000;\">Laurent<\/span><span style=\"color: #000000;\"> Meunier<\/span><\/strong><\/p>\n<\/td>\n<td style=\"height: 70px; width: 33.0321%;\" width=\"33%\">\n<p><span style=\"color: #000000;\">juge sauts r\u00e9gional<\/span><\/p>\n<\/td>\n<td style=\"height: 70px; width: 34.9398%;\" width=\"35%\">\n<p>\u00a0<\/p>\n<\/td>\n<\/tr>\n<tr style=\"height: 70px;\">\n<td style=\"height: 70px; width: 31.0241%;\" width=\"31%\">\n<p><strong><span style=\"color: #000000;\">Jean-Marie<\/span><span style=\"color: #000000;\"> Jouzel<\/span><\/strong><\/p>\n<\/td>\n<td style=\"height: 70px; width: 33.0321%;\" width=\"33%\">\n<p><span style=\"color: #000000;\">juge sauts r\u00e9gional<\/span><\/p>\n<\/td>\n<td style=\"height: 70px; width: 34.9398%;\" width=\"35%\">\n<p>\u00a0<span style=\"color: #000000;\">escorte anti-dopage<\/span><\/p>\n<\/td>\n<\/tr>\n<tr style=\"height: 68px;\">\n<td style=\"height: 68px; width: 31.0241%;\" width=\"31%\">\n<p><strong><span style=\"color: #000000;\">Christophe<\/span><span style=\"color: #000000;\"> Fleury<\/span><\/strong><\/p>\n<\/td>\n<td style=\"height: 68px; width: 33.0321%;\" width=\"33%\">\n<p><span style=\"color: #000000;\">Juge lancers r\u00e9gional<\/span><\/p>\n<\/td>\n<td style=\"height: 68px; width: 34.9398%;\" width=\"35%\">\n<p>\u00a0<\/p>\n<\/td>\n<\/tr>\n<\/tbody>\n<\/table>\n<h3 style=\"text-align: center;\"><strong><span style=\"color: #ff0000;\"> Guide pour la d\u00e9duction fiscale<\/span><\/strong><br \/><strong><span style=\"color: #ff0000;\">des dons des b\u00e9n\u00e9voles<\/span><\/strong><\/h3>\n<p><strong><span style=\"color: #800000;\">D\u00e9duction des frais engag\u00e9s par les b\u00e9n\u00e9voles<\/span><\/strong><br \/><span style=\"color: #000000;\"><strong>Qui ?<\/strong><\/span><br \/><span style=\"color: #000000;\">Sont concern\u00e9s par cette mesure : Les juges, entra\u00eeneurs, membres du CA ou tout autre b\u00e9n\u00e9vole amen\u00e9s \u00e0 engager des<\/span><br \/><span style=\"color: #000000;\">frais pour le fonctionnement de l\u2019association \u00e0 la demande du CA.<\/span><br \/><span style=\"color: #000000;\">Les athl\u00e8tes et parents accompagnateurs ne peuvent pas pr\u00e9tendre \u00e0 cette mesure.<\/span><br \/><span style=\"color: #000000;\">Pour ce faire, les 2 conditions suivantes doivent \u00eatre r\u00e9unies :<\/span><br \/><span style=\"color: #000000;\">\u25cf Vous devez agir gratuitement et intervenir pour le compte de l&rsquo;association. Ainsi vous devez participer, sans<\/span><br \/><span style=\"color: #000000;\">contrepartie, ni aucune r\u00e9mun\u00e9ration, en esp\u00e8ce ou en nature, \u00e0 l&rsquo;animation ou au fonctionnement de l&rsquo;association.<\/span><br \/><span style=\"color: #000000;\">\u25cf L&rsquo;association pour laquelle vous oeuvrez doit \u00eatre d&rsquo;int\u00e9r\u00eat g\u00e9n\u00e9ral \u00e0 but non lucratif<\/span><br \/><span style=\"color: #000000;\">Frais pris en compte :<\/span><br \/><span style=\"color: #000000;\">Les frais d\u2019essence, de p\u00e9age sont consid\u00e9r\u00e9s comme un don en nature accord\u00e9 notamment aux organismes d&rsquo;int\u00e9r\u00eat<\/span><br \/><span style=\"color: #000000;\">g\u00e9n\u00e9ral (dont les associations sportives font partie) \u00e0 partir du moment o\u00f9 le b\u00e9n\u00e9vole renonce au remboursement.<\/span><br \/><span style=\"color: #000000;\">Avantage Fiscal :<\/span><br \/><span style=\"color: #000000;\">Vous b\u00e9n\u00e9ficiez d&rsquo;une r\u00e9duction d&rsquo;imp\u00f4t \u00e9gale \u00e0 66% du total des versements dans la limite de 20% du revenu imposable<\/span><br \/><span style=\"color: #000000;\">de votre foyer<\/span><\/p>\n<p><strong><span style=\"color: #800000;\">Demande et justificatifs<\/span><\/strong><br \/><strong><span style=\"color: #000000;\">Comment en b\u00e9n\u00e9ficier ?<\/span><\/strong><br \/><span style=\"color: #000000;\">Vous devez en faire la demande au bureau de l\u2019association Janz\u00e9 athl\u00e9tisme et fournir les \u00e9l\u00e9ments ci dessous.<\/span><br \/><span style=\"color: #000000;\">Chaque pi\u00e8ce justificative doit mentionner pr\u00e9cis\u00e9ment l&rsquo;objet de la d\u00e9pense ou du d\u00e9placement.<\/span><br \/><span style=\"color: #000000;\">L&rsquo;abandon du remboursement des frais engag\u00e9s doit donner lieu \u00e0 une d\u00e9claration \u00e9crite de votre part.<\/span><br \/><span style=\"color: #000000;\">Cette renonciation peut prendre la forme d&rsquo;une mention explicite que vous pouvez r\u00e9diger sur la note de frais telle que : Je<\/span><br \/><span style=\"color: #000000;\">soussign\u00e9 (nom et pr\u00e9nom du b\u00e9n\u00e9vole) certifie renoncer au remboursement des frais ci-dessus et les laisser \u00e0<\/span><br \/><span style=\"color: #000000;\">l&rsquo;association en tant que don.<\/span><br \/><span style=\"color: #000000;\">L&rsquo;association doit en cons\u00e9quence conserver, dans sa comptabilit\u00e9, les pi\u00e8ces suivantes :<\/span><br \/><span style=\"color: #000000;\">\u25cf Justificatifs des frais (billets de train, factures, notes de p\u00e9age, d\u00e9tail du nombre de kilom\u00e8tres parcourus avec le<\/span><br \/><span style=\"color: #000000;\">v\u00e9hicule personnel, etc.)<\/span><br \/><span style=\"color: #000000;\">\u25cf D\u00e9claration de renonciation au remboursement de ses frais par le b\u00e9n\u00e9vole<\/span><br \/><span style=\"color: #000000;\">Si vous ne pouvez pas justifier vos d\u00e9penses li\u00e9es \u00e0 l&rsquo;utilisation de votre v\u00e9hicule personnel pour l&rsquo;activit\u00e9 associative, vos<\/span><br \/><span style=\"color: #000000;\">frais sont d\u00e9sormais \u00e9valu\u00e9s en fonction du bar\u00e8me kilom\u00e9trique applicable aux d\u00e9placements professionnels des salari\u00e9s.<\/span><\/p>\n<p><strong><span style=\"color: #800000;\">D\u00e9claration fiscale<\/span><\/strong><br \/><span style=\"color: #000000;\">Les frais pour lesquels vous avez renonc\u00e9 au remboursement sont alors consid\u00e9r\u00e9s comme \u00e9tant un don au b\u00e9n\u00e9fice de<\/span><br \/><span style=\"color: #000000;\">l&rsquo;association.<\/span><br \/><span style=\"color: #000000;\">L&rsquo;association vous d\u00e9livre un re\u00e7u fiscal en d\u00e9but d\u2019ann\u00e9e N+1. Conform\u00e9ment au mod\u00e8le fix\u00e9 r\u00e9glementairement.<\/span><br \/><span style=\"color: #000000;\">Il atteste du don pour b\u00e9n\u00e9ficier de la r\u00e9duction d&rsquo;imp\u00f4t.<\/span><br \/><span style=\"color: #000000;\">Comment d\u00e9clarer :<\/span><br \/><span style=\"color: #000000;\">Vous b\u00e9n\u00e9ficiez d&rsquo;une r\u00e9duction d&rsquo;imp\u00f4t \u00e9gale \u00e0 66% du total des versements dans la limite de 20% du revenu imposable<\/span><br \/><span style=\"color: #000000;\">de votre foyer. (Portez case 7 UF de votre d\u00e9claration de revenus le montant des versements faits \u00e0 des organismes situ\u00e9s<\/span><br \/><span style=\"color: #000000;\">en France).<\/span><br \/><span style=\"color: #000000;\">Si vous d\u00e9clarez vos revenus en ligne, vous trouverez les cases relatives \u00e0 la d\u00e9claration d\u2019un don \u00e0 l\u2019\u00e9tape 3 de la<\/span><br \/><span style=\"color: #000000;\">d\u00e9claration en ligne. S\u00e9lectionnez la case \u00abR\u00e9ductions et cr\u00e9dit d\u2019imp\u00f4t \u00bb dans la partie \u00ab Charges \u00bb de cette page puis<\/span><br \/><span style=\"color: #000000;\">cliquez sur \u00ab Suivant \u00bb pour saisir, en case 7UF, le montant qui vous donne droit \u00e0 votre r\u00e9duction\/cr\u00e9dit d\u2019imp\u00f4t.<\/span><br \/><span style=\"color: #000000;\">Vous pouvez aussi saisir directement les lettres correspondant \u00e0 la case recherch\u00e9e dans la barre de recherche situ\u00e9e en<\/span><br \/><span style=\"color: #000000;\">haut de la page.<\/span><\/p>\n<p>\u00a0<\/p>\n<p style=\"text-align: center;\">\u00a0<\/p>\n","protected":false},"excerpt":{"rendered":"<p>Les juges \u00a0 Ils sont indispensables au bon d\u00e9roulement d\u2019une comp\u00e9tition, merci \u00e0 eux pour leur engagement et leur disponibilit\u00e9. Si vous aussi \u00eates int\u00e9ress\u00e9 ou avez des questions sur la formation, n\u2019h\u00e9sitez pas \u00e0 nous contacter: janze.athletisme@gmail.com Sophie Vilay Juge lancers r\u00e9gional \u00a0 Val\u00e9rie Le Dorven Juge sauts r\u00e9gional \u00a0 Sandrine L\u00e9v\u00eaque Juge sauts [&hellip;]<\/p>\n","protected":false},"author":3,"featured_media":0,"parent":0,"menu_order":0,"comment_status":"closed","ping_status":"closed","template":"","meta":{"_uag_custom_page_level_css":"","site-sidebar-layout":"default","site-content-layout":"default","ast-site-content-layout":"default","site-content-style":"default","site-sidebar-style":"default","ast-global-header-display":"","ast-banner-title-visibility":"","ast-main-header-display":"","ast-hfb-above-header-display":"","ast-hfb-below-header-display":"","ast-hfb-mobile-header-display":"","site-post-title":"","ast-breadcrumbs-content":"","ast-featured-img":"","footer-sml-layout":"","ast-disable-related-posts":"","theme-transparent-header-meta":"default","adv-header-id-meta":"","stick-header-meta":"","header-above-stick-meta":"","header-main-stick-meta":"","header-below-stick-meta":"","astra-migrate-meta-layouts":"set","ast-page-background-enabled":"default","ast-page-background-meta":{"desktop":{"background-color":"var(--ast-global-color-4)","background-image":"","background-repeat":"repeat","background-position":"center center","background-size":"auto","background-attachment":"scroll","background-type":"","background-media":"","overlay-type":"","overlay-color":"","overlay-opacity":"","overlay-gradient":""},"tablet":{"background-color":"","background-image":"","background-repeat":"repeat","background-position":"center center","background-size":"auto","background-attachment":"scroll","background-type":"","background-media":"","overlay-type":"","overlay-color":"","overlay-opacity":"","overlay-gradient":""},"mobile":{"background-color":"","background-image":"","background-repeat":"repeat","background-position":"center center","background-size":"auto","background-attachment":"scroll","background-type":"","background-media":"","overlay-type":"","overlay-color":"","overlay-opacity":"","overlay-gradient":""}},"ast-content-background-meta":{"desktop":{"background-color":"var(--ast-global-color-5)","background-image":"","background-repeat":"repeat","background-position":"center center","background-size":"auto","background-attachment":"scroll","background-type":"","background-media":"","overlay-type":"","overlay-color":"","overlay-opacity":"","overlay-gradient":""},"tablet":{"background-color":"var(--ast-global-color-5)","background-image":"","background-repeat":"repeat","background-position":"center center","background-size":"auto","background-attachment":"scroll","background-type":"","background-media":"","overlay-type":"","overlay-color":"","overlay-opacity":"","overlay-gradient":""},"mobile":{"background-color":"var(--ast-global-color-5)","background-image":"","background-repeat":"repeat","background-position":"center center","background-size":"auto","background-attachment":"scroll","background-type":"","background-media":"","overlay-type":"","overlay-color":"","overlay-opacity":"","overlay-gradient":""}},"footnotes":""},"class_list":["post-11595","page","type-page","status-publish","hentry"],"yoast_head":"<!-- This site is optimized with the Yoast SEO plugin v27.3 - https:\/\/yoast.com\/product\/yoast-seo-wordpress\/ -->\n<title>Les juges - Janz\u00e9 Athl\u00e9tisme<\/title>\n<meta name=\"robots\" content=\"index, follow, max-snippet:-1, max-image-preview:large, max-video-preview:-1\" \/>\n<link rel=\"canonical\" href=\"https:\/\/janze-athletisme.fr\/wordpress\/les-juges\/\" \/>\n<meta property=\"og:locale\" content=\"fr_FR\" \/>\n<meta property=\"og:type\" content=\"article\" \/>\n<meta property=\"og:title\" content=\"Les juges - Janz\u00e9 Athl\u00e9tisme\" \/>\n<meta property=\"og:description\" content=\"Les juges \u00a0 Ils sont indispensables au bon d\u00e9roulement d\u2019une comp\u00e9tition, merci \u00e0 eux pour leur engagement et leur disponibilit\u00e9. Si vous aussi \u00eates int\u00e9ress\u00e9 ou avez des questions sur la formation, n\u2019h\u00e9sitez pas \u00e0 nous contacter: janze.athletisme@gmail.com Sophie Vilay Juge lancers r\u00e9gional \u00a0 Val\u00e9rie Le Dorven Juge sauts r\u00e9gional \u00a0 Sandrine L\u00e9v\u00eaque Juge sauts [&hellip;]\" \/>\n<meta property=\"og:url\" content=\"https:\/\/janze-athletisme.fr\/wordpress\/les-juges\/\" \/>\n<meta property=\"og:site_name\" content=\"Janz\u00e9 Athl\u00e9tisme\" \/>\n<meta property=\"article:publisher\" content=\"https:\/\/www.facebook.com\/groups\/1007964579346590\" \/>\n<meta property=\"article:modified_time\" content=\"2025-11-08T17:03:20+00:00\" \/>\n<meta name=\"twitter:card\" content=\"summary_large_image\" \/>\n<meta name=\"twitter:label1\" content=\"Dur\u00e9e de lecture estim\u00e9e\" \/>\n\t<meta name=\"twitter:data1\" content=\"4 minutes\" \/>\n<script type=\"application\/ld+json\" class=\"yoast-schema-graph\">{\"@context\":\"https:\\\/\\\/schema.org\",\"@graph\":[{\"@type\":\"WebPage\",\"@id\":\"https:\\\/\\\/janze-athletisme.fr\\\/wordpress\\\/les-juges\\\/\",\"url\":\"https:\\\/\\\/janze-athletisme.fr\\\/wordpress\\\/les-juges\\\/\",\"name\":\"Les juges - Janz\u00e9 Athl\u00e9tisme\",\"isPartOf\":{\"@id\":\"https:\\\/\\\/janze-athletisme.fr\\\/wordpress\\\/#website\"},\"datePublished\":\"2023-01-24T20:49:25+00:00\",\"dateModified\":\"2025-11-08T17:03:20+00:00\",\"breadcrumb\":{\"@id\":\"https:\\\/\\\/janze-athletisme.fr\\\/wordpress\\\/les-juges\\\/#breadcrumb\"},\"inLanguage\":\"fr-FR\",\"potentialAction\":[{\"@type\":\"ReadAction\",\"target\":[\"https:\\\/\\\/janze-athletisme.fr\\\/wordpress\\\/les-juges\\\/\"]}]},{\"@type\":\"BreadcrumbList\",\"@id\":\"https:\\\/\\\/janze-athletisme.fr\\\/wordpress\\\/les-juges\\\/#breadcrumb\",\"itemListElement\":[{\"@type\":\"ListItem\",\"position\":1,\"name\":\"Accueil\",\"item\":\"https:\\\/\\\/janze-athletisme.fr\\\/wordpress\\\/\"},{\"@type\":\"ListItem\",\"position\":2,\"name\":\"Les juges\"}]},{\"@type\":\"WebSite\",\"@id\":\"https:\\\/\\\/janze-athletisme.fr\\\/wordpress\\\/#website\",\"url\":\"https:\\\/\\\/janze-athletisme.fr\\\/wordpress\\\/\",\"name\":\"Janz\u00e9 Athl\u00e9tisme\",\"description\":\"Pays de La Roche aux F\u00e9es\",\"publisher\":{\"@id\":\"https:\\\/\\\/janze-athletisme.fr\\\/wordpress\\\/#organization\"},\"potentialAction\":[{\"@type\":\"SearchAction\",\"target\":{\"@type\":\"EntryPoint\",\"urlTemplate\":\"https:\\\/\\\/janze-athletisme.fr\\\/wordpress\\\/?s={search_term_string}\"},\"query-input\":{\"@type\":\"PropertyValueSpecification\",\"valueRequired\":true,\"valueName\":\"search_term_string\"}}],\"inLanguage\":\"fr-FR\"},{\"@type\":\"Organization\",\"@id\":\"https:\\\/\\\/janze-athletisme.fr\\\/wordpress\\\/#organization\",\"name\":\"Janz\u00e9 Athl\u00e9tisme\",\"url\":\"https:\\\/\\\/janze-athletisme.fr\\\/wordpress\\\/\",\"logo\":{\"@type\":\"ImageObject\",\"inLanguage\":\"fr-FR\",\"@id\":\"https:\\\/\\\/janze-athletisme.fr\\\/wordpress\\\/#\\\/schema\\\/logo\\\/image\\\/\",\"url\":\"https:\\\/\\\/janze-athletisme.fr\\\/wordpress\\\/wp-content\\\/uploads\\\/2015\\\/03\\\/logo-full1.jpg\",\"contentUrl\":\"https:\\\/\\\/janze-athletisme.fr\\\/wordpress\\\/wp-content\\\/uploads\\\/2015\\\/03\\\/logo-full1.jpg\",\"width\":437,\"height\":205,\"caption\":\"Janz\u00e9 Athl\u00e9tisme\"},\"image\":{\"@id\":\"https:\\\/\\\/janze-athletisme.fr\\\/wordpress\\\/#\\\/schema\\\/logo\\\/image\\\/\"},\"sameAs\":[\"https:\\\/\\\/www.facebook.com\\\/groups\\\/1007964579346590\"]}]}<\/script>\n<!-- \/ Yoast SEO plugin. -->","yoast_head_json":{"title":"Les juges - Janz\u00e9 Athl\u00e9tisme","robots":{"index":"index","follow":"follow","max-snippet":"max-snippet:-1","max-image-preview":"max-image-preview:large","max-video-preview":"max-video-preview:-1"},"canonical":"https:\/\/janze-athletisme.fr\/wordpress\/les-juges\/","og_locale":"fr_FR","og_type":"article","og_title":"Les juges - Janz\u00e9 Athl\u00e9tisme","og_description":"Les juges \u00a0 Ils sont indispensables au bon d\u00e9roulement d\u2019une comp\u00e9tition, merci \u00e0 eux pour leur engagement et leur disponibilit\u00e9. Si vous aussi \u00eates int\u00e9ress\u00e9 ou avez des questions sur la formation, n\u2019h\u00e9sitez pas \u00e0 nous contacter: janze.athletisme@gmail.com Sophie Vilay Juge lancers r\u00e9gional \u00a0 Val\u00e9rie Le Dorven Juge sauts r\u00e9gional \u00a0 Sandrine L\u00e9v\u00eaque Juge sauts [&hellip;]","og_url":"https:\/\/janze-athletisme.fr\/wordpress\/les-juges\/","og_site_name":"Janz\u00e9 Athl\u00e9tisme","article_publisher":"https:\/\/www.facebook.com\/groups\/1007964579346590","article_modified_time":"2025-11-08T17:03:20+00:00","twitter_card":"summary_large_image","twitter_misc":{"Dur\u00e9e de lecture estim\u00e9e":"4 minutes"},"schema":{"@context":"https:\/\/schema.org","@graph":[{"@type":"WebPage","@id":"https:\/\/janze-athletisme.fr\/wordpress\/les-juges\/","url":"https:\/\/janze-athletisme.fr\/wordpress\/les-juges\/","name":"Les juges - Janz\u00e9 Athl\u00e9tisme","isPartOf":{"@id":"https:\/\/janze-athletisme.fr\/wordpress\/#website"},"datePublished":"2023-01-24T20:49:25+00:00","dateModified":"2025-11-08T17:03:20+00:00","breadcrumb":{"@id":"https:\/\/janze-athletisme.fr\/wordpress\/les-juges\/#breadcrumb"},"inLanguage":"fr-FR","potentialAction":[{"@type":"ReadAction","target":["https:\/\/janze-athletisme.fr\/wordpress\/les-juges\/"]}]},{"@type":"BreadcrumbList","@id":"https:\/\/janze-athletisme.fr\/wordpress\/les-juges\/#breadcrumb","itemListElement":[{"@type":"ListItem","position":1,"name":"Accueil","item":"https:\/\/janze-athletisme.fr\/wordpress\/"},{"@type":"ListItem","position":2,"name":"Les juges"}]},{"@type":"WebSite","@id":"https:\/\/janze-athletisme.fr\/wordpress\/#website","url":"https:\/\/janze-athletisme.fr\/wordpress\/","name":"Janz\u00e9 Athl\u00e9tisme","description":"Pays de La Roche aux F\u00e9es","publisher":{"@id":"https:\/\/janze-athletisme.fr\/wordpress\/#organization"},"potentialAction":[{"@type":"SearchAction","target":{"@type":"EntryPoint","urlTemplate":"https:\/\/janze-athletisme.fr\/wordpress\/?s={search_term_string}"},"query-input":{"@type":"PropertyValueSpecification","valueRequired":true,"valueName":"search_term_string"}}],"inLanguage":"fr-FR"},{"@type":"Organization","@id":"https:\/\/janze-athletisme.fr\/wordpress\/#organization","name":"Janz\u00e9 Athl\u00e9tisme","url":"https:\/\/janze-athletisme.fr\/wordpress\/","logo":{"@type":"ImageObject","inLanguage":"fr-FR","@id":"https:\/\/janze-athletisme.fr\/wordpress\/#\/schema\/logo\/image\/","url":"https:\/\/janze-athletisme.fr\/wordpress\/wp-content\/uploads\/2015\/03\/logo-full1.jpg","contentUrl":"https:\/\/janze-athletisme.fr\/wordpress\/wp-content\/uploads\/2015\/03\/logo-full1.jpg","width":437,"height":205,"caption":"Janz\u00e9 Athl\u00e9tisme"},"image":{"@id":"https:\/\/janze-athletisme.fr\/wordpress\/#\/schema\/logo\/image\/"},"sameAs":["https:\/\/www.facebook.com\/groups\/1007964579346590"]}]}},"uagb_featured_image_src":{"full":false,"thumbnail":false,"medium":false,"medium_large":false,"large":false,"1536x1536":false,"2048x2048":false},"uagb_author_info":{"display_name":"Fr\u00e9d\u00e9ric Graye","author_link":"https:\/\/janze-athletisme.fr\/wordpress\/author\/jathe_adm\/"},"uagb_comment_info":0,"uagb_excerpt":"Les juges \u00a0 Ils sont indispensables au bon d\u00e9roulement d\u2019une comp\u00e9tition, merci \u00e0 eux pour leur engagement et leur disponibilit\u00e9. Si vous aussi \u00eates int\u00e9ress\u00e9 ou avez des questions sur la formation, n\u2019h\u00e9sitez pas \u00e0 nous contacter: janze.athletisme@gmail.com Sophie Vilay Juge lancers r\u00e9gional \u00a0 Val\u00e9rie Le Dorven Juge sauts r\u00e9gional \u00a0 Sandrine L\u00e9v\u00eaque Juge sauts\u2026","_links":{"self":[{"href":"https:\/\/janze-athletisme.fr\/wordpress\/wp-json\/wp\/v2\/pages\/11595","targetHints":{"allow":["GET"]}}],"collection":[{"href":"https:\/\/janze-athletisme.fr\/wordpress\/wp-json\/wp\/v2\/pages"}],"about":[{"href":"https:\/\/janze-athletisme.fr\/wordpress\/wp-json\/wp\/v2\/types\/page"}],"author":[{"embeddable":true,"href":"https:\/\/janze-athletisme.fr\/wordpress\/wp-json\/wp\/v2\/users\/3"}],"replies":[{"embeddable":true,"href":"https:\/\/janze-athletisme.fr\/wordpress\/wp-json\/wp\/v2\/comments?post=11595"}],"version-history":[{"count":10,"href":"https:\/\/janze-athletisme.fr\/wordpress\/wp-json\/wp\/v2\/pages\/11595\/revisions"}],"predecessor-version":[{"id":28351,"href":"https:\/\/janze-athletisme.fr\/wordpress\/wp-json\/wp\/v2\/pages\/11595\/revisions\/28351"}],"wp:attachment":[{"href":"https:\/\/janze-athletisme.fr\/wordpress\/wp-json\/wp\/v2\/media?parent=11595"}],"curies":[{"name":"wp","href":"https:\/\/api.w.org\/{rel}","templated":true}]}}