{"id":10537,"date":"2022-10-16T18:17:12","date_gmt":"2022-10-16T16:17:12","guid":{"rendered":"https:\/\/janze-athletisme.fr\/wordpress\/?page_id=10537"},"modified":"2025-10-09T11:15:44","modified_gmt":"2025-10-09T09:15:44","slug":"resultats-test-vma","status":"publish","type":"page","link":"https:\/\/janze-athletisme.fr\/wordpress\/resultats-test-vma\/","title":{"rendered":"R\u00e9sultats tests VMA"},"content":{"rendered":"\r\n<p><a href=\"https:\/\/janze-athletisme.fr\/wordpress\/wp-content\/uploads\/2025\/10\/resultats-test-vma-oct-2025.png\"><img loading=\"lazy\" decoding=\"async\" class=\"alignnone size-full wp-image-27597\" src=\"https:\/\/janze-athletisme.fr\/wordpress\/wp-content\/uploads\/2025\/10\/resultats-test-vma-oct-2025.png\" alt=\"\" width=\"1831\" height=\"556\" srcset=\"https:\/\/janze-athletisme.fr\/wordpress\/wp-content\/uploads\/2025\/10\/resultats-test-vma-oct-2025.png 1831w, https:\/\/janze-athletisme.fr\/wordpress\/wp-content\/uploads\/2025\/10\/resultats-test-vma-oct-2025-300x91.png 300w, https:\/\/janze-athletisme.fr\/wordpress\/wp-content\/uploads\/2025\/10\/resultats-test-vma-oct-2025-1024x311.png 1024w, https:\/\/janze-athletisme.fr\/wordpress\/wp-content\/uploads\/2025\/10\/resultats-test-vma-oct-2025-768x233.png 768w, https:\/\/janze-athletisme.fr\/wordpress\/wp-content\/uploads\/2025\/10\/resultats-test-vma-oct-2025-1536x466.png 1536w\" sizes=\"auto, (max-width: 1831px) 100vw, 1831px\" \/><\/a><\/p>\r\n<p><a href=\"https:\/\/janze-athletisme.fr\/wordpress\/wp-content\/uploads\/2024\/10\/vma-oct-24.png\"><img loading=\"lazy\" decoding=\"async\" class=\"alignnone size-full wp-image-21251\" src=\"https:\/\/janze-athletisme.fr\/wordpress\/wp-content\/uploads\/2024\/10\/vma-oct-24.png\" alt=\"\" width=\"1667\" height=\"623\" srcset=\"https:\/\/janze-athletisme.fr\/wordpress\/wp-content\/uploads\/2024\/10\/vma-oct-24.png 1667w, https:\/\/janze-athletisme.fr\/wordpress\/wp-content\/uploads\/2024\/10\/vma-oct-24-300x112.png 300w, https:\/\/janze-athletisme.fr\/wordpress\/wp-content\/uploads\/2024\/10\/vma-oct-24-1024x383.png 1024w, https:\/\/janze-athletisme.fr\/wordpress\/wp-content\/uploads\/2024\/10\/vma-oct-24-768x287.png 768w, https:\/\/janze-athletisme.fr\/wordpress\/wp-content\/uploads\/2024\/10\/vma-oct-24-1536x574.png 1536w\" sizes=\"auto, (max-width: 1667px) 100vw, 1667px\" \/><\/a><\/p>\r\n<p><a href=\"https:\/\/janze-athletisme.fr\/wordpress\/wp-content\/uploads\/2024\/07\/COOPER_fiche_d_enregistrement_resultats_Juil_2024-1.png\"><img loading=\"lazy\" decoding=\"async\" class=\"alignnone size-full wp-image-20020\" src=\"https:\/\/janze-athletisme.fr\/wordpress\/wp-content\/uploads\/2024\/07\/COOPER_fiche_d_enregistrement_resultats_Juil_2024-1.png\" alt=\"\" width=\"478\" height=\"394\" srcset=\"https:\/\/janze-athletisme.fr\/wordpress\/wp-content\/uploads\/2024\/07\/COOPER_fiche_d_enregistrement_resultats_Juil_2024-1.png 478w, https:\/\/janze-athletisme.fr\/wordpress\/wp-content\/uploads\/2024\/07\/COOPER_fiche_d_enregistrement_resultats_Juil_2024-1-300x247.png 300w\" sizes=\"auto, (max-width: 478px) 100vw, 478px\" \/><\/a><\/p>\r\n<p><a href=\"https:\/\/janze-athletisme.fr\/wordpress\/wp-content\/uploads\/2023\/10\/2023_10_07_11_23_05_VAMEVAL_fiche_d_enregistrement_resultats_sept_2023.xlsx_Excel.png\"><img loading=\"lazy\" decoding=\"async\" class=\"alignnone size-full wp-image-14799\" src=\"https:\/\/janze-athletisme.fr\/wordpress\/wp-content\/uploads\/2023\/10\/2023_10_07_11_23_05_VAMEVAL_fiche_d_enregistrement_resultats_sept_2023.xlsx_Excel.png\" alt=\"\" width=\"1001\" height=\"563\" srcset=\"https:\/\/janze-athletisme.fr\/wordpress\/wp-content\/uploads\/2023\/10\/2023_10_07_11_23_05_VAMEVAL_fiche_d_enregistrement_resultats_sept_2023.xlsx_Excel.png 1001w, https:\/\/janze-athletisme.fr\/wordpress\/wp-content\/uploads\/2023\/10\/2023_10_07_11_23_05_VAMEVAL_fiche_d_enregistrement_resultats_sept_2023.xlsx_Excel-300x169.png 300w, https:\/\/janze-athletisme.fr\/wordpress\/wp-content\/uploads\/2023\/10\/2023_10_07_11_23_05_VAMEVAL_fiche_d_enregistrement_resultats_sept_2023.xlsx_Excel-768x432.png 768w\" sizes=\"auto, (max-width: 1001px) 100vw, 1001px\" \/><\/a><\/p>\r\n<p>&nbsp;<\/p>\r\n<p><a href=\"https:\/\/janze-athletisme.fr\/wordpress\/wp-content\/uploads\/2023\/06\/06-23_VAMEVAL.png\"><img loading=\"lazy\" decoding=\"async\" class=\"wp-image-13867 alignnone\" src=\"https:\/\/janze-athletisme.fr\/wordpress\/wp-content\/uploads\/2023\/06\/06-23_VAMEVAL-300x240.png\" alt=\"\" width=\"325\" height=\"260\" srcset=\"https:\/\/janze-athletisme.fr\/wordpress\/wp-content\/uploads\/2023\/06\/06-23_VAMEVAL-300x240.png 300w, https:\/\/janze-athletisme.fr\/wordpress\/wp-content\/uploads\/2023\/06\/06-23_VAMEVAL.png 332w\" sizes=\"auto, (max-width: 325px) 100vw, 325px\" \/><\/a><\/p>\r\n<h4><a href=\"https:\/\/janze-athletisme.fr\/wordpress\/wp-content\/uploads\/2022\/09\/TEST-VMA-sept22.png\"><img loading=\"lazy\" decoding=\"async\" class=\"wp-image-10409 size-full alignleft\" src=\"https:\/\/janze-athletisme.fr\/wordpress\/wp-content\/uploads\/2022\/09\/TEST-VMA-sept22.png\" alt=\"\" width=\"327\" height=\"736\" srcset=\"https:\/\/janze-athletisme.fr\/wordpress\/wp-content\/uploads\/2022\/09\/TEST-VMA-sept22.png 327w, https:\/\/janze-athletisme.fr\/wordpress\/wp-content\/uploads\/2022\/09\/TEST-VMA-sept22-133x300.png 133w\" sizes=\"auto, (max-width: 327px) 100vw, 327px\" \/><\/a><\/h4>\r\n<h4>\u00a0 \u00a0 \u00a0 \u00a0 \u00a0 \u00a0 \u00a0 \u00a0 \u00a0 \u00a0<\/h4>\r\n<p>&nbsp;<\/p>\r\n<h4>\u00a0<\/h4>\r\n<h4>\u00a0<\/h4>\r\n<p>&nbsp;<\/p>\r\n","protected":false},"excerpt":{"rendered":"<p>&nbsp; \u00a0 \u00a0 \u00a0 \u00a0 \u00a0 \u00a0 \u00a0 \u00a0 \u00a0 \u00a0 &nbsp; \u00a0 \u00a0 &nbsp;<\/p>\n","protected":false},"author":9,"featured_media":0,"parent":0,"menu_order":0,"comment_status":"closed","ping_status":"closed","template":"","meta":{"_uag_custom_page_level_css":"","site-sidebar-layout":"default","site-content-layout":"default","ast-site-content-layout":"default","site-content-style":"default","site-sidebar-style":"default","ast-global-header-display":"","ast-banner-title-visibility":"","ast-main-header-display":"","ast-hfb-above-header-display":"","ast-hfb-below-header-display":"","ast-hfb-mobile-header-display":"","site-post-title":"","ast-breadcrumbs-content":"","ast-featured-img":"","footer-sml-layout":"","ast-disable-related-posts":"","theme-transparent-header-meta":"default","adv-header-id-meta":"","stick-header-meta":"","header-above-stick-meta":"","header-main-stick-meta":"","header-below-stick-meta":"","astra-migrate-meta-layouts":"set","ast-page-background-enabled":"default","ast-page-background-meta":{"desktop":{"background-color":"var(--ast-global-color-4)","background-image":"","background-repeat":"repeat","background-position":"center center","background-size":"auto","background-attachment":"scroll","background-type":"","background-media":"","overlay-type":"","overlay-color":"","overlay-opacity":"","overlay-gradient":""},"tablet":{"background-color":"","background-image":"","background-repeat":"repeat","background-position":"center center","background-size":"auto","background-attachment":"scroll","background-type":"","background-media":"","overlay-type":"","overlay-color":"","overlay-opacity":"","overlay-gradient":""},"mobile":{"background-color":"","background-image":"","background-repeat":"repeat","background-position":"center center","background-size":"auto","background-attachment":"scroll","background-type":"","background-media":"","overlay-type":"","overlay-color":"","overlay-opacity":"","overlay-gradient":""}},"ast-content-background-meta":{"desktop":{"background-color":"var(--ast-global-color-5)","background-image":"","background-repeat":"repeat","background-position":"center center","background-size":"auto","background-attachment":"scroll","background-type":"","background-media":"","overlay-type":"","overlay-color":"","overlay-opacity":"","overlay-gradient":""},"tablet":{"background-color":"var(--ast-global-color-5)","background-image":"","background-repeat":"repeat","background-position":"center center","background-size":"auto","background-attachment":"scroll","background-type":"","background-media":"","overlay-type":"","overlay-color":"","overlay-opacity":"","overlay-gradient":""},"mobile":{"background-color":"var(--ast-global-color-5)","background-image":"","background-repeat":"repeat","background-position":"center center","background-size":"auto","background-attachment":"scroll","background-type":"","background-media":"","overlay-type":"","overlay-color":"","overlay-opacity":"","overlay-gradient":""}},"footnotes":""},"class_list":["post-10537","page","type-page","status-publish","hentry"],"yoast_head":"<!-- This site is optimized with the Yoast SEO plugin v27.4 - https:\/\/yoast.com\/product\/yoast-seo-wordpress\/ -->\n<title>R\u00e9sultats tests VMA - Janz\u00e9 Athl\u00e9tisme<\/title>\n<meta name=\"robots\" content=\"index, follow, max-snippet:-1, max-image-preview:large, max-video-preview:-1\" \/>\n<link rel=\"canonical\" href=\"https:\/\/janze-athletisme.fr\/wordpress\/resultats-test-vma\/\" \/>\n<meta property=\"og:locale\" content=\"fr_FR\" \/>\n<meta property=\"og:type\" content=\"article\" \/>\n<meta property=\"og:title\" content=\"R\u00e9sultats tests VMA - Janz\u00e9 Athl\u00e9tisme\" \/>\n<meta property=\"og:description\" content=\"&nbsp; \u00a0 \u00a0 \u00a0 \u00a0 \u00a0 \u00a0 \u00a0 \u00a0 \u00a0 \u00a0 &nbsp; \u00a0 \u00a0 &nbsp;\" \/>\n<meta property=\"og:url\" content=\"https:\/\/janze-athletisme.fr\/wordpress\/resultats-test-vma\/\" \/>\n<meta property=\"og:site_name\" content=\"Janz\u00e9 Athl\u00e9tisme\" \/>\n<meta property=\"article:publisher\" content=\"https:\/\/www.facebook.com\/groups\/1007964579346590\" \/>\n<meta property=\"article:modified_time\" content=\"2025-10-09T09:15:44+00:00\" \/>\n<meta property=\"og:image\" content=\"https:\/\/janze-athletisme.fr\/wordpress\/wp-content\/uploads\/2025\/10\/resultats-test-vma-oct-2025.png\" \/>\n\t<meta property=\"og:image:width\" content=\"1831\" \/>\n\t<meta property=\"og:image:height\" content=\"556\" \/>\n\t<meta property=\"og:image:type\" content=\"image\/png\" \/>\n<meta name=\"twitter:card\" content=\"summary_large_image\" \/>\n<meta name=\"twitter:label1\" content=\"Dur\u00e9e de lecture estim\u00e9e\" \/>\n\t<meta name=\"twitter:data1\" content=\"2 minutes\" \/>\n<script type=\"application\/ld+json\" class=\"yoast-schema-graph\">{\"@context\":\"https:\\\/\\\/schema.org\",\"@graph\":[{\"@type\":\"WebPage\",\"@id\":\"https:\\\/\\\/janze-athletisme.fr\\\/wordpress\\\/resultats-test-vma\\\/\",\"url\":\"https:\\\/\\\/janze-athletisme.fr\\\/wordpress\\\/resultats-test-vma\\\/\",\"name\":\"R\u00e9sultats tests VMA - Janz\u00e9 Athl\u00e9tisme\",\"isPartOf\":{\"@id\":\"https:\\\/\\\/janze-athletisme.fr\\\/wordpress\\\/#website\"},\"primaryImageOfPage\":{\"@id\":\"https:\\\/\\\/janze-athletisme.fr\\\/wordpress\\\/resultats-test-vma\\\/#primaryimage\"},\"image\":{\"@id\":\"https:\\\/\\\/janze-athletisme.fr\\\/wordpress\\\/resultats-test-vma\\\/#primaryimage\"},\"thumbnailUrl\":\"https:\\\/\\\/janze-athletisme.fr\\\/wordpress\\\/wp-content\\\/uploads\\\/2025\\\/10\\\/resultats-test-vma-oct-2025.png\",\"datePublished\":\"2022-10-16T16:17:12+00:00\",\"dateModified\":\"2025-10-09T09:15:44+00:00\",\"breadcrumb\":{\"@id\":\"https:\\\/\\\/janze-athletisme.fr\\\/wordpress\\\/resultats-test-vma\\\/#breadcrumb\"},\"inLanguage\":\"fr-FR\",\"potentialAction\":[{\"@type\":\"ReadAction\",\"target\":[\"https:\\\/\\\/janze-athletisme.fr\\\/wordpress\\\/resultats-test-vma\\\/\"]}]},{\"@type\":\"ImageObject\",\"inLanguage\":\"fr-FR\",\"@id\":\"https:\\\/\\\/janze-athletisme.fr\\\/wordpress\\\/resultats-test-vma\\\/#primaryimage\",\"url\":\"https:\\\/\\\/janze-athletisme.fr\\\/wordpress\\\/wp-content\\\/uploads\\\/2025\\\/10\\\/resultats-test-vma-oct-2025.png\",\"contentUrl\":\"https:\\\/\\\/janze-athletisme.fr\\\/wordpress\\\/wp-content\\\/uploads\\\/2025\\\/10\\\/resultats-test-vma-oct-2025.png\",\"width\":1831,\"height\":556},{\"@type\":\"BreadcrumbList\",\"@id\":\"https:\\\/\\\/janze-athletisme.fr\\\/wordpress\\\/resultats-test-vma\\\/#breadcrumb\",\"itemListElement\":[{\"@type\":\"ListItem\",\"position\":1,\"name\":\"Accueil\",\"item\":\"https:\\\/\\\/janze-athletisme.fr\\\/wordpress\\\/\"},{\"@type\":\"ListItem\",\"position\":2,\"name\":\"R\u00e9sultats tests VMA\"}]},{\"@type\":\"WebSite\",\"@id\":\"https:\\\/\\\/janze-athletisme.fr\\\/wordpress\\\/#website\",\"url\":\"https:\\\/\\\/janze-athletisme.fr\\\/wordpress\\\/\",\"name\":\"Janz\u00e9 Athl\u00e9tisme\",\"description\":\"Pays de La Roche aux F\u00e9es\",\"publisher\":{\"@id\":\"https:\\\/\\\/janze-athletisme.fr\\\/wordpress\\\/#organization\"},\"potentialAction\":[{\"@type\":\"SearchAction\",\"target\":{\"@type\":\"EntryPoint\",\"urlTemplate\":\"https:\\\/\\\/janze-athletisme.fr\\\/wordpress\\\/?s={search_term_string}\"},\"query-input\":{\"@type\":\"PropertyValueSpecification\",\"valueRequired\":true,\"valueName\":\"search_term_string\"}}],\"inLanguage\":\"fr-FR\"},{\"@type\":\"Organization\",\"@id\":\"https:\\\/\\\/janze-athletisme.fr\\\/wordpress\\\/#organization\",\"name\":\"Janz\u00e9 Athl\u00e9tisme\",\"url\":\"https:\\\/\\\/janze-athletisme.fr\\\/wordpress\\\/\",\"logo\":{\"@type\":\"ImageObject\",\"inLanguage\":\"fr-FR\",\"@id\":\"https:\\\/\\\/janze-athletisme.fr\\\/wordpress\\\/#\\\/schema\\\/logo\\\/image\\\/\",\"url\":\"https:\\\/\\\/janze-athletisme.fr\\\/wordpress\\\/wp-content\\\/uploads\\\/2015\\\/03\\\/logo-full1.jpg\",\"contentUrl\":\"https:\\\/\\\/janze-athletisme.fr\\\/wordpress\\\/wp-content\\\/uploads\\\/2015\\\/03\\\/logo-full1.jpg\",\"width\":437,\"height\":205,\"caption\":\"Janz\u00e9 Athl\u00e9tisme\"},\"image\":{\"@id\":\"https:\\\/\\\/janze-athletisme.fr\\\/wordpress\\\/#\\\/schema\\\/logo\\\/image\\\/\"},\"sameAs\":[\"https:\\\/\\\/www.facebook.com\\\/groups\\\/1007964579346590\"]}]}<\/script>\n<!-- \/ Yoast SEO plugin. -->","yoast_head_json":{"title":"R\u00e9sultats tests VMA - Janz\u00e9 Athl\u00e9tisme","robots":{"index":"index","follow":"follow","max-snippet":"max-snippet:-1","max-image-preview":"max-image-preview:large","max-video-preview":"max-video-preview:-1"},"canonical":"https:\/\/janze-athletisme.fr\/wordpress\/resultats-test-vma\/","og_locale":"fr_FR","og_type":"article","og_title":"R\u00e9sultats tests VMA - Janz\u00e9 Athl\u00e9tisme","og_description":"&nbsp; \u00a0 \u00a0 \u00a0 \u00a0 \u00a0 \u00a0 \u00a0 \u00a0 \u00a0 \u00a0 &nbsp; \u00a0 \u00a0 &nbsp;","og_url":"https:\/\/janze-athletisme.fr\/wordpress\/resultats-test-vma\/","og_site_name":"Janz\u00e9 Athl\u00e9tisme","article_publisher":"https:\/\/www.facebook.com\/groups\/1007964579346590","article_modified_time":"2025-10-09T09:15:44+00:00","og_image":[{"width":1831,"height":556,"url":"https:\/\/janze-athletisme.fr\/wordpress\/wp-content\/uploads\/2025\/10\/resultats-test-vma-oct-2025.png","type":"image\/png"}],"twitter_card":"summary_large_image","twitter_misc":{"Dur\u00e9e de lecture estim\u00e9e":"2 minutes"},"schema":{"@context":"https:\/\/schema.org","@graph":[{"@type":"WebPage","@id":"https:\/\/janze-athletisme.fr\/wordpress\/resultats-test-vma\/","url":"https:\/\/janze-athletisme.fr\/wordpress\/resultats-test-vma\/","name":"R\u00e9sultats tests VMA - Janz\u00e9 Athl\u00e9tisme","isPartOf":{"@id":"https:\/\/janze-athletisme.fr\/wordpress\/#website"},"primaryImageOfPage":{"@id":"https:\/\/janze-athletisme.fr\/wordpress\/resultats-test-vma\/#primaryimage"},"image":{"@id":"https:\/\/janze-athletisme.fr\/wordpress\/resultats-test-vma\/#primaryimage"},"thumbnailUrl":"https:\/\/janze-athletisme.fr\/wordpress\/wp-content\/uploads\/2025\/10\/resultats-test-vma-oct-2025.png","datePublished":"2022-10-16T16:17:12+00:00","dateModified":"2025-10-09T09:15:44+00:00","breadcrumb":{"@id":"https:\/\/janze-athletisme.fr\/wordpress\/resultats-test-vma\/#breadcrumb"},"inLanguage":"fr-FR","potentialAction":[{"@type":"ReadAction","target":["https:\/\/janze-athletisme.fr\/wordpress\/resultats-test-vma\/"]}]},{"@type":"ImageObject","inLanguage":"fr-FR","@id":"https:\/\/janze-athletisme.fr\/wordpress\/resultats-test-vma\/#primaryimage","url":"https:\/\/janze-athletisme.fr\/wordpress\/wp-content\/uploads\/2025\/10\/resultats-test-vma-oct-2025.png","contentUrl":"https:\/\/janze-athletisme.fr\/wordpress\/wp-content\/uploads\/2025\/10\/resultats-test-vma-oct-2025.png","width":1831,"height":556},{"@type":"BreadcrumbList","@id":"https:\/\/janze-athletisme.fr\/wordpress\/resultats-test-vma\/#breadcrumb","itemListElement":[{"@type":"ListItem","position":1,"name":"Accueil","item":"https:\/\/janze-athletisme.fr\/wordpress\/"},{"@type":"ListItem","position":2,"name":"R\u00e9sultats tests VMA"}]},{"@type":"WebSite","@id":"https:\/\/janze-athletisme.fr\/wordpress\/#website","url":"https:\/\/janze-athletisme.fr\/wordpress\/","name":"Janz\u00e9 Athl\u00e9tisme","description":"Pays de La Roche aux F\u00e9es","publisher":{"@id":"https:\/\/janze-athletisme.fr\/wordpress\/#organization"},"potentialAction":[{"@type":"SearchAction","target":{"@type":"EntryPoint","urlTemplate":"https:\/\/janze-athletisme.fr\/wordpress\/?s={search_term_string}"},"query-input":{"@type":"PropertyValueSpecification","valueRequired":true,"valueName":"search_term_string"}}],"inLanguage":"fr-FR"},{"@type":"Organization","@id":"https:\/\/janze-athletisme.fr\/wordpress\/#organization","name":"Janz\u00e9 Athl\u00e9tisme","url":"https:\/\/janze-athletisme.fr\/wordpress\/","logo":{"@type":"ImageObject","inLanguage":"fr-FR","@id":"https:\/\/janze-athletisme.fr\/wordpress\/#\/schema\/logo\/image\/","url":"https:\/\/janze-athletisme.fr\/wordpress\/wp-content\/uploads\/2015\/03\/logo-full1.jpg","contentUrl":"https:\/\/janze-athletisme.fr\/wordpress\/wp-content\/uploads\/2015\/03\/logo-full1.jpg","width":437,"height":205,"caption":"Janz\u00e9 Athl\u00e9tisme"},"image":{"@id":"https:\/\/janze-athletisme.fr\/wordpress\/#\/schema\/logo\/image\/"},"sameAs":["https:\/\/www.facebook.com\/groups\/1007964579346590"]}]}},"uagb_featured_image_src":{"full":false,"thumbnail":false,"medium":false,"medium_large":false,"large":false,"1536x1536":false,"2048x2048":false},"uagb_author_info":{"display_name":"Franck Le Charpentier","author_link":"https:\/\/janze-athletisme.fr\/wordpress\/author\/francklec\/"},"uagb_comment_info":0,"uagb_excerpt":"&nbsp; \u00a0 \u00a0 \u00a0 \u00a0 \u00a0 \u00a0 \u00a0 \u00a0 \u00a0 \u00a0 &nbsp; \u00a0 \u00a0 &nbsp;","_links":{"self":[{"href":"https:\/\/janze-athletisme.fr\/wordpress\/wp-json\/wp\/v2\/pages\/10537","targetHints":{"allow":["GET"]}}],"collection":[{"href":"https:\/\/janze-athletisme.fr\/wordpress\/wp-json\/wp\/v2\/pages"}],"about":[{"href":"https:\/\/janze-athletisme.fr\/wordpress\/wp-json\/wp\/v2\/types\/page"}],"author":[{"embeddable":true,"href":"https:\/\/janze-athletisme.fr\/wordpress\/wp-json\/wp\/v2\/users\/9"}],"replies":[{"embeddable":true,"href":"https:\/\/janze-athletisme.fr\/wordpress\/wp-json\/wp\/v2\/comments?post=10537"}],"version-history":[{"count":10,"href":"https:\/\/janze-athletisme.fr\/wordpress\/wp-json\/wp\/v2\/pages\/10537\/revisions"}],"predecessor-version":[{"id":27598,"href":"https:\/\/janze-athletisme.fr\/wordpress\/wp-json\/wp\/v2\/pages\/10537\/revisions\/27598"}],"wp:attachment":[{"href":"https:\/\/janze-athletisme.fr\/wordpress\/wp-json\/wp\/v2\/media?parent=10537"}],"curies":[{"name":"wp","href":"https:\/\/api.w.org\/{rel}","templated":true}]}}